{"id":927,"date":"2025-01-23T18:14:18","date_gmt":"2025-01-23T17:14:18","guid":{"rendered":"https:\/\/bellezaconalma11.com\/?post_type=product&#038;p=927"},"modified":"2026-01-28T12:51:59","modified_gmt":"2026-01-28T11:51:59","slug":"programa-sanacion-zodiacal-paquete-super-completo","status":"publish","type":"product","link":"https:\/\/bellezaconalma11.com\/index.php\/producto\/programa-sanacion-zodiacal-paquete-super-completo\/","title":{"rendered":"Programa Transformador de Limpieza Zodiacal"},"content":{"rendered":"<p>Este paquete Super Completo contiene;<\/p>\n<p>6 Meditaciones programadas de Sanacion Zodiacal<\/p>\n<p>2 Afirmaciones sanadoras<\/p>\n<p>1 Audio Especial Explicativo<\/p>\n<p>4 o 5 Sesiones de Coaching y Astrolog\u00eda Zodical con Sinastria de Pareja Zodiacal<\/p>\n<p>Sesiones Manifestacion con los 4 Elementos personalizadas<\/p>\n<p>Manual PDF donde se explica paso a paso como hacer el programa, la funci\u00f3n de cada Hor\u00f3scopo y Planeta<\/p>\n<p>Ejercicios Magicos Adicionales<\/p>\n<p>Seguimiento semanal hasta finalizar el programa<\/p>\n<p>Asistencia por whats up<\/p>\n","protected":false},"excerpt":{"rendered":"<p><img loading=\"lazy\" decoding=\"async\" class=\"alignnone size-medium wp-image-919\" src=\"http:\/\/bellezaconalma11.com\/wp-content\/uploads\/2025\/01\/46861061-3B13-486A-9473-6FCAB88A6023-300x300.jpeg\" alt=\"\" width=\"300\" height=\"300\" srcset=\"https:\/\/bellezaconalma11.com\/wp-content\/uploads\/2025\/01\/46861061-3B13-486A-9473-6FCAB88A6023-300x300.jpeg 300w, https:\/\/bellezaconalma11.com\/wp-content\/uploads\/2025\/01\/46861061-3B13-486A-9473-6FCAB88A6023-150x150.jpeg 150w, https:\/\/bellezaconalma11.com\/wp-content\/uploads\/2025\/01\/46861061-3B13-486A-9473-6FCAB88A6023-768x769.jpeg 768w, https:\/\/bellezaconalma11.com\/wp-content\/uploads\/2025\/01\/46861061-3B13-486A-9473-6FCAB88A6023-75x75.jpeg 75w, https:\/\/bellezaconalma11.com\/wp-content\/uploads\/2025\/01\/46861061-3B13-486A-9473-6FCAB88A6023-600x601.jpeg 600w, https:\/\/bellezaconalma11.com\/wp-content\/uploads\/2025\/01\/46861061-3B13-486A-9473-6FCAB88A6023-100x100.jpeg 100w, https:\/\/bellezaconalma11.com\/wp-content\/uploads\/2025\/01\/46861061-3B13-486A-9473-6FCAB88A6023.jpeg 980w\" sizes=\"(max-width: 300px) 100vw, 300px\" \/>En este programa Sanaci\u00f3n Zodiacal Paquete Super Completo vas a sanar con los 4 elementos, los hor\u00f3scopos y sus planetas regentes, para conseguir mejorar la salud, el amor y el dinero. Este programa vas a conectar con el cosmos y la energ\u00eda zodiacal para alcanzar el siguiente nivel. Gracias por tu compra del Programa Sanacion Zodiacal Paquete Super Completo. Env\u00edame el comprobante de pago con tu nombre y apellidos por WhatsApp al numero +34 681 137 052. Este Paquete es el Medio y puede incluir de 5 a 6 sesiones de Sanci\u00f3n Zodiacal depende de la promoci\u00f3n del momento. Si deseas que contenga mas sesiones puedes adquirirlas sueltas y a\u00f1adir la diferencia.<\/p>\n","protected":false},"featured_media":1100,"comment_status":"open","ping_status":"closed","template":"","meta":[],"product_cat":[18],"product_tag":[],"jetpack_sharing_enabled":true,"acf":[],"_links":{"self":[{"href":"https:\/\/bellezaconalma11.com\/index.php\/wp-json\/wp\/v2\/product\/927"}],"collection":[{"href":"https:\/\/bellezaconalma11.com\/index.php\/wp-json\/wp\/v2\/product"}],"about":[{"href":"https:\/\/bellezaconalma11.com\/index.php\/wp-json\/wp\/v2\/types\/product"}],"replies":[{"embeddable":true,"href":"https:\/\/bellezaconalma11.com\/index.php\/wp-json\/wp\/v2\/comments?post=927"}],"wp:featuredmedia":[{"embeddable":true,"href":"https:\/\/bellezaconalma11.com\/index.php\/wp-json\/wp\/v2\/media\/1100"}],"wp:attachment":[{"href":"https:\/\/bellezaconalma11.com\/index.php\/wp-json\/wp\/v2\/media?parent=927"}],"wp:term":[{"taxonomy":"product_cat","embeddable":true,"href":"https:\/\/bellezaconalma11.com\/index.php\/wp-json\/wp\/v2\/product_cat?post=927"},{"taxonomy":"product_tag","embeddable":true,"href":"https:\/\/bellezaconalma11.com\/index.php\/wp-json\/wp\/v2\/product_tag?post=927"}],"curies":[{"name":"wp","href":"https:\/\/api.w.org\/{rel}","templated":true}]}}