{"id":925,"date":"2025-01-23T18:13:22","date_gmt":"2025-01-23T17:13:22","guid":{"rendered":"https:\/\/bellezaconalma11.com\/?post_type=product&#038;p=925"},"modified":"2025-04-25T13:16:57","modified_gmt":"2025-04-25T11:16:57","slug":"sesion-meditacion-hipnotica-con-bano-de-sonido-en-directo","status":"publish","type":"product","link":"https:\/\/bellezaconalma11.com\/index.php\/producto\/sesion-meditacion-hipnotica-con-bano-de-sonido-en-directo\/","title":{"rendered":"Sesi\u00f3n Meditaci\u00f3n Hipn\u00f3tica Ba\u00f1o de Sonido en Directo"},"content":{"rendered":"","protected":false},"excerpt":{"rendered":"","protected":false},"featured_media":1180,"comment_status":"open","ping_status":"closed","template":"","meta":[],"product_cat":[18],"product_tag":[],"jetpack_sharing_enabled":true,"acf":[],"_links":{"self":[{"href":"https:\/\/bellezaconalma11.com\/index.php\/wp-json\/wp\/v2\/product\/925"}],"collection":[{"href":"https:\/\/bellezaconalma11.com\/index.php\/wp-json\/wp\/v2\/product"}],"about":[{"href":"https:\/\/bellezaconalma11.com\/index.php\/wp-json\/wp\/v2\/types\/product"}],"replies":[{"embeddable":true,"href":"https:\/\/bellezaconalma11.com\/index.php\/wp-json\/wp\/v2\/comments?post=925"}],"wp:featuredmedia":[{"embeddable":true,"href":"https:\/\/bellezaconalma11.com\/index.php\/wp-json\/wp\/v2\/media\/1180"}],"wp:attachment":[{"href":"https:\/\/bellezaconalma11.com\/index.php\/wp-json\/wp\/v2\/media?parent=925"}],"wp:term":[{"taxonomy":"product_cat","embeddable":true,"href":"https:\/\/bellezaconalma11.com\/index.php\/wp-json\/wp\/v2\/product_cat?post=925"},{"taxonomy":"product_tag","embeddable":true,"href":"https:\/\/bellezaconalma11.com\/index.php\/wp-json\/wp\/v2\/product_tag?post=925"}],"curies":[{"name":"wp","href":"https:\/\/api.w.org\/{rel}","templated":true}]}}