{"id":918,"date":"2025-01-23T18:05:54","date_gmt":"2025-01-23T17:05:54","guid":{"rendered":"https:\/\/bellezaconalma11.com\/?post_type=product&#038;p=918"},"modified":"2026-01-28T12:49:23","modified_gmt":"2026-01-28T11:49:23","slug":"programa-sanacion-zodiacal-paquete-sencillo","status":"publish","type":"product","link":"https:\/\/bellezaconalma11.com\/index.php\/producto\/programa-sanacion-zodiacal-paquete-sencillo\/","title":{"rendered":"Programa Inicial Limpieza Zodiacal"},"content":{"rendered":"","protected":false},"excerpt":{"rendered":"<p><img loading=\"lazy\" decoding=\"async\" class=\"alignnone size-medium wp-image-919\" src=\"http:\/\/bellezaconalma11.com\/wp-content\/uploads\/2025\/01\/46861061-3B13-486A-9473-6FCAB88A6023-300x300.jpeg\" alt=\"\" width=\"300\" height=\"300\" srcset=\"https:\/\/bellezaconalma11.com\/wp-content\/uploads\/2025\/01\/46861061-3B13-486A-9473-6FCAB88A6023-300x300.jpeg 300w, https:\/\/bellezaconalma11.com\/wp-content\/uploads\/2025\/01\/46861061-3B13-486A-9473-6FCAB88A6023-150x150.jpeg 150w, https:\/\/bellezaconalma11.com\/wp-content\/uploads\/2025\/01\/46861061-3B13-486A-9473-6FCAB88A6023-768x769.jpeg 768w, https:\/\/bellezaconalma11.com\/wp-content\/uploads\/2025\/01\/46861061-3B13-486A-9473-6FCAB88A6023-75x75.jpeg 75w, https:\/\/bellezaconalma11.com\/wp-content\/uploads\/2025\/01\/46861061-3B13-486A-9473-6FCAB88A6023-600x601.jpeg 600w, https:\/\/bellezaconalma11.com\/wp-content\/uploads\/2025\/01\/46861061-3B13-486A-9473-6FCAB88A6023-100x100.jpeg 100w, https:\/\/bellezaconalma11.com\/wp-content\/uploads\/2025\/01\/46861061-3B13-486A-9473-6FCAB88A6023.jpeg 980w\" sizes=\"(max-width: 300px) 100vw, 300px\" \/><\/p>\n<p>En este programa Sanaci\u00f3n Zodiacal Paquete Sencillo vas a sanar con los 4 elementos, los hor\u00f3scopos, para conseguir mejorar la salud, el amor y el dinero. Este programa vas a conectar con el cosmos y la energ\u00eda zodiacal para alcanzar el siguiente nivel. Gracias por tu compra del Programa Sanacion Zodiacal Paquete Sencillo. Env\u00edame el comprobante de pago con tu nombre y apellidos por WhatsApp al numero +34 681 137 052. Recuerda que este Paquete es el Sencillo y puede incluir de 1 a 2 sesiones de Sanci\u00f3n Zodiacal depende de la promoci\u00f3n del momento. Si deseas que contenga mas sesiones adquiere entonces el Paquete Medio o el S\u00faper Completo que tienes en esta pagina. Tambi\u00e9n puedes a\u00f1adir la diferencia del paquete si ya abonaste este inform\u00e1ndome que quieres cambiarlo!<\/p>\n","protected":false},"featured_media":1100,"comment_status":"open","ping_status":"closed","template":"","meta":[],"product_cat":[18],"product_tag":[],"jetpack_sharing_enabled":true,"acf":[],"_links":{"self":[{"href":"https:\/\/bellezaconalma11.com\/index.php\/wp-json\/wp\/v2\/product\/918"}],"collection":[{"href":"https:\/\/bellezaconalma11.com\/index.php\/wp-json\/wp\/v2\/product"}],"about":[{"href":"https:\/\/bellezaconalma11.com\/index.php\/wp-json\/wp\/v2\/types\/product"}],"replies":[{"embeddable":true,"href":"https:\/\/bellezaconalma11.com\/index.php\/wp-json\/wp\/v2\/comments?post=918"}],"wp:featuredmedia":[{"embeddable":true,"href":"https:\/\/bellezaconalma11.com\/index.php\/wp-json\/wp\/v2\/media\/1100"}],"wp:attachment":[{"href":"https:\/\/bellezaconalma11.com\/index.php\/wp-json\/wp\/v2\/media?parent=918"}],"wp:term":[{"taxonomy":"product_cat","embeddable":true,"href":"https:\/\/bellezaconalma11.com\/index.php\/wp-json\/wp\/v2\/product_cat?post=918"},{"taxonomy":"product_tag","embeddable":true,"href":"https:\/\/bellezaconalma11.com\/index.php\/wp-json\/wp\/v2\/product_tag?post=918"}],"curies":[{"name":"wp","href":"https:\/\/api.w.org\/{rel}","templated":true}]}}