{"id":839,"date":"2024-10-15T15:45:52","date_gmt":"2024-10-15T13:45:52","guid":{"rendered":"https:\/\/bellezaconalma11.com\/?post_type=product&#038;p=839"},"modified":"2025-04-25T15:09:53","modified_gmt":"2025-04-25T13:09:53","slug":"manifestacion-cuantica-con-los-5-sentidos-atrae-salud-paquete-medio","status":"publish","type":"product","link":"https:\/\/bellezaconalma11.com\/index.php\/producto\/manifestacion-cuantica-con-los-5-sentidos-atrae-salud-paquete-medio\/","title":{"rendered":"Manifestaci\u00f3n Cu\u00e1ntica con los 5 Sentidos Atrae Salud Paquete Medio"},"content":{"rendered":"<p>\u00bfSientes falta de energia y cansancio constante?\u00bfSientes que te levantas cansado y no rindes correctamente? \u00bfTienes dolencia f\u00edsicas constantes?\u00bfSientes perjudicada tu salud? \u00bfSientes que te cuesta perder peso e ir al gimnasio? Este programa es para ti, ya que vas a manifestar una salud perfecta, mas vitalidad, mas energ\u00eda, menos dolencias f\u00edsicas y mas ganas de cuidarte y hacer deporte. En este programa tienes herramientas de Manifestaci\u00f3n, para que logres esa salud perfecta, para que te cuides tanto por dentro como por fuera, para que cuides de tu energ\u00eda. Las enfermedades y dolencias siempre tienen un origen emocional, cuando guardamos emociones negativas o heridas no sanadas est\u00e1n se manifiestan a trav\u00e9s de s\u00edntomas corporales, lo que se llama somatizar. Cuando el cuerpo esta cargado de energ\u00edas negativas, situaciones problem\u00e1ticas, traumas del pasado se acumulan en nuestro flujo de energ\u00eda obstruyendo que esta energ\u00eda vital fluya. Cuando nuestra energ\u00eda vital no fluye bien podemos tener problemas estomacales, musculares, incluso enfermedades. A trav\u00e9s de la meditaci\u00f3n y practicas que tienes en este programa tu salud mejorara much\u00edsimo. No esperes mas y mejora tu salud y energ\u00eda para tener una vida feliz.<\/p>\n<p><strong>En este programa conseguir\u00e1s<\/strong><\/p>\n<p>Atraer salud perfecta<\/p>\n<p>Sanar dolencias f\u00edsicas<\/p>\n<p>Mejorar tu autoestima<\/p>\n<p>Mejorar tu energia y vitalidad<\/p>\n<p>Cuidarte por dentro y por fuera<\/p>\n<p>Adquirir h\u00e1bitos saludables<\/p>\n<p>Perder Peso<\/p>\n<p><strong>Este programa incluye<\/strong><\/p>\n<p>2 Sesiones de Coaching de Manifestaci\u00f3n Especial Salud<\/p>\n<p>1 Audio Afirmaciones Salud<\/p>\n<p>7 Meditaciones de Manifestaci\u00f3n<\/p>\n<p>Manual paso a paso PDF de Manifestaci\u00f3n<\/p>\n<p>Seguimiento personalizado<\/p>\n","protected":false},"excerpt":{"rendered":"<p><img loading=\"lazy\" decoding=\"async\" class=\"alignnone size-medium wp-image-667\" src=\"http:\/\/bellezaconalma11.com\/wp-content\/uploads\/2024\/08\/014B78A1-1814-4B9E-830D-CB83CB0F6B06-267x300.jpeg\" alt=\"\" width=\"267\" height=\"300\" srcset=\"https:\/\/bellezaconalma11.com\/wp-content\/uploads\/2024\/08\/014B78A1-1814-4B9E-830D-CB83CB0F6B06-267x300.jpeg 267w, https:\/\/bellezaconalma11.com\/wp-content\/uploads\/2024\/08\/014B78A1-1814-4B9E-830D-CB83CB0F6B06-912x1024.jpeg 912w, https:\/\/bellezaconalma11.com\/wp-content\/uploads\/2024\/08\/014B78A1-1814-4B9E-830D-CB83CB0F6B06-768x863.jpeg 768w, https:\/\/bellezaconalma11.com\/wp-content\/uploads\/2024\/08\/014B78A1-1814-4B9E-830D-CB83CB0F6B06-1140x1280.jpeg 1140w, https:\/\/bellezaconalma11.com\/wp-content\/uploads\/2024\/08\/014B78A1-1814-4B9E-830D-CB83CB0F6B06-600x674.jpeg 600w, https:\/\/bellezaconalma11.com\/wp-content\/uploads\/2024\/08\/014B78A1-1814-4B9E-830D-CB83CB0F6B06.jpeg 1284w\" sizes=\"(max-width: 267px) 100vw, 267px\" \/>En este programa conseguir\u00e1s manifestar una salud perfecta, mejorar tu energ\u00eda y dolencias f\u00edsicas. Vas a liberarte bloqueos energ\u00e9ticos que empeoran tu salud y as\u00ed mejorar tu calidad de vida. Gracias por tu compra del Programa Manifestaci\u00f3n Cu\u00e1ntica Atrae Salud Paquete Medio. Env\u00edame el comprobante de pago con tu nombre y apellidos por WhatsApp al numero +34 681 137 052 para agendar tus Sesiones de Coaching de Manifestaci\u00f3n. Escr\u00edbeme por mensaje con los siguientes datos; Fecha Completa de Nacimiento tuya, y si tambi\u00e9n preguntas por alguien, el Pa\u00eds y ciudad de nacimiento. Hora de nacimiento (Si la sabes, si no no pasa nada). Con esta Informaci\u00f3n realizare el Estudio de las Sesiones de Coaching de Manifestaci\u00f3n. Te espero en este camino hacia tu salud y vitalidad!<\/p>\n","protected":false},"featured_media":1193,"comment_status":"open","ping_status":"closed","template":"","meta":[],"product_cat":[18],"product_tag":[],"jetpack_sharing_enabled":true,"acf":[],"_links":{"self":[{"href":"https:\/\/bellezaconalma11.com\/index.php\/wp-json\/wp\/v2\/product\/839"}],"collection":[{"href":"https:\/\/bellezaconalma11.com\/index.php\/wp-json\/wp\/v2\/product"}],"about":[{"href":"https:\/\/bellezaconalma11.com\/index.php\/wp-json\/wp\/v2\/types\/product"}],"replies":[{"embeddable":true,"href":"https:\/\/bellezaconalma11.com\/index.php\/wp-json\/wp\/v2\/comments?post=839"}],"wp:featuredmedia":[{"embeddable":true,"href":"https:\/\/bellezaconalma11.com\/index.php\/wp-json\/wp\/v2\/media\/1193"}],"wp:attachment":[{"href":"https:\/\/bellezaconalma11.com\/index.php\/wp-json\/wp\/v2\/media?parent=839"}],"wp:term":[{"taxonomy":"product_cat","embeddable":true,"href":"https:\/\/bellezaconalma11.com\/index.php\/wp-json\/wp\/v2\/product_cat?post=839"},{"taxonomy":"product_tag","embeddable":true,"href":"https:\/\/bellezaconalma11.com\/index.php\/wp-json\/wp\/v2\/product_tag?post=839"}],"curies":[{"name":"wp","href":"https:\/\/api.w.org\/{rel}","templated":true}]}}