{"id":836,"date":"2024-10-15T15:18:20","date_gmt":"2024-10-15T13:18:20","guid":{"rendered":"https:\/\/bellezaconalma11.com\/?post_type=product&#038;p=836"},"modified":"2025-10-14T16:07:19","modified_gmt":"2025-10-14T14:07:19","slug":"manifestacion-cuantica-con-los-5-sentidos-atrae-amor-paquete-sencillo","status":"publish","type":"product","link":"https:\/\/bellezaconalma11.com\/index.php\/producto\/manifestacion-cuantica-con-los-5-sentidos-atrae-amor-paquete-sencillo\/","title":{"rendered":"Manifestaci\u00f3n Cu\u00e1ntica con los 5 Sentidos Atrae Amor Paquete Sencillo"},"content":{"rendered":"<p>\u00bfSientes que tus relaciones de amor son tormentosas?\u00bfSientes un bloqueo en el amor? \u00bfTe gustar\u00eda manifestar un amor sano? \u00bfQuieres manifestar felicidad en tu vida amorosa y emocional? \u00bfSientes que tienes heridas emocionales que afectan a tu vida emocional? Este programa de Manifestaci\u00f3n Cuantica atrae Amor es para ti. En este programa sanaras traumas, heridas emocionales, desbloquearas todo aquello que impida ser feliz en el amor. Manifestar amor aparte de brindarte una relaci\u00f3n de pareja sana, sirve para ayudarte a sentir amor propio, vibrar en el amor es incre\u00edble, ya que el amor es la energ\u00eda mas elevada de todas. Millones de personas han cambiado su vida con este programa, han mejorado sus relaciones personales, han manifestado amor propio, para as\u00ed atraer esa relaci\u00f3n sana deseada. No esperes mas y l\u00e1nzate hacia ese viaje para manifestar amor!<\/p>\n<p><strong>En este programa conseguir\u00e1s<\/strong><\/p>\n<p>Atraer amor<\/p>\n<p>Atraer una pareja sana<\/p>\n<p>Mejorar tu autoestima<\/p>\n<p>Mejorar las relaciones personales en tu vida<\/p>\n<p><strong>Este programa incluye<\/strong><\/p>\n<p>1 Sesion de Coaching de Manifestaci\u00f3n<\/p>\n<p>6 Audios de Manifestaci\u00f3n con un ba\u00f1o de sonido especial para la manifestaci\u00f3n<\/p>\n<p>Manual paso a paso PDF de Manifestaci\u00f3n<\/p>\n<p>&nbsp;<\/p>\n","protected":false},"excerpt":{"rendered":"<p><!--more--><img loading=\"lazy\" decoding=\"async\" class=\"alignnone size-medium wp-image-663\" src=\"http:\/\/bellezaconalma11.com\/wp-content\/uploads\/2024\/03\/FD8EDCB4-EBC7-400E-9DD9-D5DBC502CD45-300x300.jpeg\" alt=\"\" width=\"300\" height=\"300\" srcset=\"https:\/\/bellezaconalma11.com\/wp-content\/uploads\/2024\/03\/FD8EDCB4-EBC7-400E-9DD9-D5DBC502CD45-300x300.jpeg 300w, https:\/\/bellezaconalma11.com\/wp-content\/uploads\/2024\/03\/FD8EDCB4-EBC7-400E-9DD9-D5DBC502CD45-1024x1024.jpeg 1024w, https:\/\/bellezaconalma11.com\/wp-content\/uploads\/2024\/03\/FD8EDCB4-EBC7-400E-9DD9-D5DBC502CD45-150x150.jpeg 150w, https:\/\/bellezaconalma11.com\/wp-content\/uploads\/2024\/03\/FD8EDCB4-EBC7-400E-9DD9-D5DBC502CD45-768x768.jpeg 768w, https:\/\/bellezaconalma11.com\/wp-content\/uploads\/2024\/03\/FD8EDCB4-EBC7-400E-9DD9-D5DBC502CD45-1140x1140.jpeg 1140w, https:\/\/bellezaconalma11.com\/wp-content\/uploads\/2024\/03\/FD8EDCB4-EBC7-400E-9DD9-D5DBC502CD45-75x75.jpeg 75w, https:\/\/bellezaconalma11.com\/wp-content\/uploads\/2024\/03\/FD8EDCB4-EBC7-400E-9DD9-D5DBC502CD45-1320x1320.jpeg 1320w, https:\/\/bellezaconalma11.com\/wp-content\/uploads\/2024\/03\/FD8EDCB4-EBC7-400E-9DD9-D5DBC502CD45-600x600.jpeg 600w, https:\/\/bellezaconalma11.com\/wp-content\/uploads\/2024\/03\/FD8EDCB4-EBC7-400E-9DD9-D5DBC502CD45-100x100.jpeg 100w, https:\/\/bellezaconalma11.com\/wp-content\/uploads\/2024\/03\/FD8EDCB4-EBC7-400E-9DD9-D5DBC502CD45.jpeg 1440w\" sizes=\"auto, (max-width: 300px) 100vw, 300px\" \/>En este programa conseguir\u00e1s mejorar tu vida amorosa, atraer\u00e1s ese amor sano que tanto deseas, mejoraras tu amor propio para as\u00ed romper patrones de relaciones t\u00f3xicas. Gracias por tu compra del Programa Manifestaci\u00f3n Cu\u00e1ntica Atrae Amor Paquete Sencillo. Env\u00edame el comprobante de pago con tu nombre y apellidos por WhatsApp al numero +34 681 137 052 para agendar tus Sesiones de Coaching de Manifestaci\u00f3n. Escr\u00edbeme por mensaje con los siguientes datos; Fecha Completa de Nacimiento tuya, y si tambi\u00e9n preguntas por alguien, el Pa\u00eds y ciudad de nacimiento. Hora de nacimiento (Si la sabes, si no no pasa nada). Con esta Informaci\u00f3n realizare el Estudio de las Sesiones de Coaching de Manifestaci\u00f3n. Te espero en este camino hacia tu deseo de atraer ese amor sano y duradero!<\/p>\n","protected":false},"featured_media":1191,"comment_status":"open","ping_status":"closed","template":"","meta":[],"product_brand":[],"product_cat":[18],"product_tag":[],"class_list":{"0":"post-836","1":"product","2":"type-product","3":"status-publish","4":"has-post-thumbnail","6":"product_cat-sin-categorizar","8":"first","9":"instock","10":"sale","11":"taxable","12":"shipping-taxable","13":"purchasable","14":"product-type-simple"},"jetpack_sharing_enabled":true,"acf":[],"_links":{"self":[{"href":"https:\/\/bellezaconalma11.com\/index.php\/wp-json\/wp\/v2\/product\/836","targetHints":{"allow":["GET"]}}],"collection":[{"href":"https:\/\/bellezaconalma11.com\/index.php\/wp-json\/wp\/v2\/product"}],"about":[{"href":"https:\/\/bellezaconalma11.com\/index.php\/wp-json\/wp\/v2\/types\/product"}],"replies":[{"embeddable":true,"href":"https:\/\/bellezaconalma11.com\/index.php\/wp-json\/wp\/v2\/comments?post=836"}],"wp:featuredmedia":[{"embeddable":true,"href":"https:\/\/bellezaconalma11.com\/index.php\/wp-json\/wp\/v2\/media\/1191"}],"wp:attachment":[{"href":"https:\/\/bellezaconalma11.com\/index.php\/wp-json\/wp\/v2\/media?parent=836"}],"wp:term":[{"taxonomy":"product_brand","embeddable":true,"href":"https:\/\/bellezaconalma11.com\/index.php\/wp-json\/wp\/v2\/product_brand?post=836"},{"taxonomy":"product_cat","embeddable":true,"href":"https:\/\/bellezaconalma11.com\/index.php\/wp-json\/wp\/v2\/product_cat?post=836"},{"taxonomy":"product_tag","embeddable":true,"href":"https:\/\/bellezaconalma11.com\/index.php\/wp-json\/wp\/v2\/product_tag?post=836"}],"curies":[{"name":"wp","href":"https:\/\/api.w.org\/{rel}","templated":true}]}}