{"id":824,"date":"2024-10-02T16:35:04","date_gmt":"2024-10-02T14:35:04","guid":{"rendered":"https:\/\/bellezaconalma11.com\/?post_type=product&#038;p=824"},"modified":"2026-01-28T12:42:06","modified_gmt":"2026-01-28T11:42:06","slug":"aumenta-tu-belleza-con-la-magia-de-las-sirenas-paquete-sencillo","status":"publish","type":"product","link":"https:\/\/bellezaconalma11.com\/index.php\/producto\/aumenta-tu-belleza-con-la-magia-de-las-sirenas-paquete-sencillo\/","title":{"rendered":"Programa Inicial Activa tu Belleza con la Magia de las Sirenas"},"content":{"rendered":"<p>\u00bfTe cuesta sentirte atractivo?\u00bfQuieres sentirte mas atractivo y sexy?\u00bfTe miras al espejo y no te gustas lo suficiente?\u00bfCriticas tu cuerpo, tu belleza?\u00bfNecesitas trucos de belleza para sacarte mas partido? Este Programa Aumenta tu belleza con la Magia de las Sirenas es para ti. Este Programa es un viaje de lleno hacia tu belleza interior y sacarla a relucir al exterior, vas a romper las cadenas que no dejan ver tu aut\u00e9ntica belleza. Vas a conectar con tu tesoro interno mas preciado, vas a conocer tu aut\u00e9ntica belleza pura que reside en tu interior. Es un programa muy profundo, donde trabajaras con las Sirenas, ya que ellas ayudan a reforzar tus sentimientos de amor propio. Las Sirenas son seres m\u00e1gicos que poseen una belleza \u00fanica y especial, al llenarte de esta energ\u00eda mejoraras tu piel, cuerpo, cabello, te veras radiante! En este programa trabajo con la energia de la Diosa el Mar, con la energia de elemento Agua. Tambi\u00e9n doy consejos de asesor\u00eda de imagen y belleza tanto para hombres como para mujeres, la cuesti\u00f3n es hacer que te sientas mas bello, y cambies incluso tu imagen f\u00edsica! En este programa conseguir\u00e1s;<\/p>\n<p>Aumentar tu atractivo<\/p>\n<p>Conocer tu verdadera belleza<\/p>\n<p>Saber sacarte partido con trucos de belleza seg\u00fan la astrolog\u00eda<\/p>\n<p>Sentirse mas sexy<\/p>\n<p>Aumentar tu belleza interior y exterior<\/p>\n<p>Mejorar tu piel, cabello, cuerpo<\/p>\n<p>Brillar con luz propia<\/p>\n<p>Este Paquete Sencillo contiene;<\/p>\n<p>6 Meditaciones programadas con Magia de las Sirenas, con melod\u00edas y cantos de Sirena compuestos por mi<\/p>\n<p>1 Audio explicativo paso a paso<\/p>\n<p>1 Melod\u00eda M\u00e1gica Sanadora<\/p>\n<p>1 Sesi\u00f3n de Coaching de Belleza, Astrolog\u00eda de Belleza<\/p>\n<p>Manual PDF paso a paso<\/p>\n<p>1 Melod\u00eda Especial Sanadora<\/p>\n<p>Canalizaci\u00f3n Mensaje Especial Sirenas<\/p>\n","protected":false},"excerpt":{"rendered":"<p><img loading=\"lazy\" decoding=\"async\" class=\"alignnone size-medium wp-image-522\" src=\"http:\/\/bellezaconalma11.com\/wp-content\/uploads\/2024\/06\/1AB97391-C989-4AC9-A5BC-502AC43E13FE-280x300.jpeg\" alt=\"\" width=\"280\" height=\"300\" srcset=\"https:\/\/bellezaconalma11.com\/wp-content\/uploads\/2024\/06\/1AB97391-C989-4AC9-A5BC-502AC43E13FE-280x300.jpeg 280w, https:\/\/bellezaconalma11.com\/wp-content\/uploads\/2024\/06\/1AB97391-C989-4AC9-A5BC-502AC43E13FE-954x1024.jpeg 954w, https:\/\/bellezaconalma11.com\/wp-content\/uploads\/2024\/06\/1AB97391-C989-4AC9-A5BC-502AC43E13FE-768x824.jpeg 768w, https:\/\/bellezaconalma11.com\/wp-content\/uploads\/2024\/06\/1AB97391-C989-4AC9-A5BC-502AC43E13FE-1431x1536.jpeg 1431w, https:\/\/bellezaconalma11.com\/wp-content\/uploads\/2024\/06\/1AB97391-C989-4AC9-A5BC-502AC43E13FE-1909x2048.jpeg 1909w, https:\/\/bellezaconalma11.com\/wp-content\/uploads\/2024\/06\/1AB97391-C989-4AC9-A5BC-502AC43E13FE-1140x1223.jpeg 1140w, https:\/\/bellezaconalma11.com\/wp-content\/uploads\/2024\/06\/1AB97391-C989-4AC9-A5BC-502AC43E13FE-1320x1416.jpeg 1320w, https:\/\/bellezaconalma11.com\/wp-content\/uploads\/2024\/06\/1AB97391-C989-4AC9-A5BC-502AC43E13FE-600x644.jpeg 600w\" sizes=\"(max-width: 280px) 100vw, 280px\" \/>En este programa vas conectar con la Magia de las Sirenas para aumentar tu belleza de una forma incre\u00edble. Vas aumentar tu atractivo y magnetismo personal, vas a mejorar tu piel, cabello y cuerpo. Tendr\u00e1s trucos personalizados de belleza interior y exterior seg\u00fan la Atrologia para sacarte mas partido. Gracias por tu compra del Programa Aumenta tu Belleza con la Magia de las Sirenas Paquete Sencillo. Env\u00edame el comprobante de pago con tu nombre y apellidos por WhatsApp al numero +34 681 137 052 para agendar tus Sesiones de Coaching Elemental de belleza, Astrolologia de belleza: Escr\u00edbeme por mensaje la Fecha Completa de Nacimiento tuya, y si tambi\u00e9n preguntas por alguien, el Pa\u00eds y ciudad de nacimiento. Hora de nacimiento (Si la sabes, si no no pasa nada). Con esta Informaci\u00f3n realizare el Estudio de las Sesiones de Belleza. Te espero en este camino hacia romper esas cadenas que no dejan ver tu autentica belleza!<\/p>\n","protected":false},"featured_media":1050,"comment_status":"open","ping_status":"closed","template":"","meta":[],"product_cat":[18],"product_tag":[],"jetpack_sharing_enabled":true,"acf":[],"_links":{"self":[{"href":"https:\/\/bellezaconalma11.com\/index.php\/wp-json\/wp\/v2\/product\/824"}],"collection":[{"href":"https:\/\/bellezaconalma11.com\/index.php\/wp-json\/wp\/v2\/product"}],"about":[{"href":"https:\/\/bellezaconalma11.com\/index.php\/wp-json\/wp\/v2\/types\/product"}],"replies":[{"embeddable":true,"href":"https:\/\/bellezaconalma11.com\/index.php\/wp-json\/wp\/v2\/comments?post=824"}],"wp:featuredmedia":[{"embeddable":true,"href":"https:\/\/bellezaconalma11.com\/index.php\/wp-json\/wp\/v2\/media\/1050"}],"wp:attachment":[{"href":"https:\/\/bellezaconalma11.com\/index.php\/wp-json\/wp\/v2\/media?parent=824"}],"wp:term":[{"taxonomy":"product_cat","embeddable":true,"href":"https:\/\/bellezaconalma11.com\/index.php\/wp-json\/wp\/v2\/product_cat?post=824"},{"taxonomy":"product_tag","embeddable":true,"href":"https:\/\/bellezaconalma11.com\/index.php\/wp-json\/wp\/v2\/product_tag?post=824"}],"curies":[{"name":"wp","href":"https:\/\/api.w.org\/{rel}","templated":true}]}}