{"id":794,"date":"2024-09-23T16:58:49","date_gmt":"2024-09-23T14:58:49","guid":{"rendered":"https:\/\/bellezaconalma11.com\/?post_type=product&#038;p=794"},"modified":"2025-01-23T18:38:44","modified_gmt":"2025-01-23T17:38:44","slug":"programa-11-meditaciones-sancion-nino-interior-paquete-sencillo","status":"publish","type":"product","link":"https:\/\/bellezaconalma11.com\/index.php\/producto\/programa-11-meditaciones-sancion-nino-interior-paquete-sencillo\/","title":{"rendered":"Programa Sanaci\u00f3n Ni\u00f1o interior Paquete Sencillo"},"content":{"rendered":"","protected":false},"excerpt":{"rendered":"<p>Gracias por tu compra del Programa Sanaci\u00f3n Ni\u00f1o Interior Paquete Sencillo!! En este paquete sencillo, tienes 4 meditaciones m\u00e1gicas compuestas por mi, para comenzar a conectar y sanar a tu ni\u00f1o interior. Conseguir\u00e1s sanar esas partes de ti que te frenan para ser feliz y conectar con tu alegr\u00eda interior. Estas meditaciones sanan bloqueos y limpian energ\u00edas negativas, sentir\u00e1s que te liberas de la negatividad.<\/p>\n","protected":false},"featured_media":932,"comment_status":"open","ping_status":"closed","template":"","meta":[],"product_cat":[18],"product_tag":[],"jetpack_sharing_enabled":true,"acf":[],"_links":{"self":[{"href":"https:\/\/bellezaconalma11.com\/index.php\/wp-json\/wp\/v2\/product\/794"}],"collection":[{"href":"https:\/\/bellezaconalma11.com\/index.php\/wp-json\/wp\/v2\/product"}],"about":[{"href":"https:\/\/bellezaconalma11.com\/index.php\/wp-json\/wp\/v2\/types\/product"}],"replies":[{"embeddable":true,"href":"https:\/\/bellezaconalma11.com\/index.php\/wp-json\/wp\/v2\/comments?post=794"}],"wp:featuredmedia":[{"embeddable":true,"href":"https:\/\/bellezaconalma11.com\/index.php\/wp-json\/wp\/v2\/media\/932"}],"wp:attachment":[{"href":"https:\/\/bellezaconalma11.com\/index.php\/wp-json\/wp\/v2\/media?parent=794"}],"wp:term":[{"taxonomy":"product_cat","embeddable":true,"href":"https:\/\/bellezaconalma11.com\/index.php\/wp-json\/wp\/v2\/product_cat?post=794"},{"taxonomy":"product_tag","embeddable":true,"href":"https:\/\/bellezaconalma11.com\/index.php\/wp-json\/wp\/v2\/product_tag?post=794"}],"curies":[{"name":"wp","href":"https:\/\/api.w.org\/{rel}","templated":true}]}}