{"id":775,"date":"2024-09-23T16:15:42","date_gmt":"2024-09-23T14:15:42","guid":{"rendered":"https:\/\/bellezaconalma11.com\/?post_type=product&#038;p=775"},"modified":"2024-10-02T16:08:44","modified_gmt":"2024-10-02T14:08:44","slug":"meditacion-individual-sanacion-nino-interior-7belleza","status":"publish","type":"product","link":"https:\/\/bellezaconalma11.com\/index.php\/producto\/meditacion-individual-sanacion-nino-interior-7belleza\/","title":{"rendered":"Meditacion Individual Sanacion Ni\u00f1o Interior (7)Conexion_Belleza"},"content":{"rendered":"","protected":false},"excerpt":{"rendered":"<p>Gracias por tu compra Meditaci\u00f3n Individual (7)Conexion_Belleza del programa Sanaci\u00f3n Ni\u00f1o Interior. Esta Meditaci\u00f3n te ayuda a conectar con tu belleza interior, sanar esas partes que aun no amas de ti, para conectar profundamente con tu amor propio. \u00bfEstas preparado? Recuerda que esta es un meditaci\u00f3n individual, y tienes otros paquetes donde tienes mas meditaciones, el Programa completo mas sanador es el Paquete Super completo ya que contienen las 11<\/p>\n","protected":false},"featured_media":16,"comment_status":"open","ping_status":"closed","template":"","meta":[],"product_cat":[18],"product_tag":[],"jetpack_sharing_enabled":true,"acf":[],"_links":{"self":[{"href":"https:\/\/bellezaconalma11.com\/index.php\/wp-json\/wp\/v2\/product\/775"}],"collection":[{"href":"https:\/\/bellezaconalma11.com\/index.php\/wp-json\/wp\/v2\/product"}],"about":[{"href":"https:\/\/bellezaconalma11.com\/index.php\/wp-json\/wp\/v2\/types\/product"}],"replies":[{"embeddable":true,"href":"https:\/\/bellezaconalma11.com\/index.php\/wp-json\/wp\/v2\/comments?post=775"}],"wp:featuredmedia":[{"embeddable":true,"href":"https:\/\/bellezaconalma11.com\/index.php\/wp-json\/wp\/v2\/media\/16"}],"wp:attachment":[{"href":"https:\/\/bellezaconalma11.com\/index.php\/wp-json\/wp\/v2\/media?parent=775"}],"wp:term":[{"taxonomy":"product_cat","embeddable":true,"href":"https:\/\/bellezaconalma11.com\/index.php\/wp-json\/wp\/v2\/product_cat?post=775"},{"taxonomy":"product_tag","embeddable":true,"href":"https:\/\/bellezaconalma11.com\/index.php\/wp-json\/wp\/v2\/product_tag?post=775"}],"curies":[{"name":"wp","href":"https:\/\/api.w.org\/{rel}","templated":true}]}}