{"id":741,"date":"2024-09-23T13:11:21","date_gmt":"2024-09-23T11:11:21","guid":{"rendered":"https:\/\/bellezaconalma11.com\/?post_type=product&#038;p=741"},"modified":"2025-04-03T23:18:29","modified_gmt":"2025-04-03T21:18:29","slug":"magica-lectura-carta-astral-karmika","status":"publish","type":"product","link":"https:\/\/bellezaconalma11.com\/index.php\/producto\/magica-lectura-carta-astral-karmika\/","title":{"rendered":"Lectura Informe Carta Astral Karmika"},"content":{"rendered":"","protected":false},"excerpt":{"rendered":"<p>En esta Lectura Informe de Carta Astral Karmika te ayudar\u00e1 a desbloquear esa situaci\u00f3n que te preocupa, ya que la Astrolog\u00eda y el Tarot en combinaci\u00f3n son muy potentes!! Gracias por tu compra de Lectura Informe Carta Astral Karmika! Env\u00edame el comprobante de pago con tu nombre y apellidos por WhatsApp al numero +34 681 137 052  para agendar tu Lectura con los siguientes datos: Fecha Completa de Nacimiento tuya o de la persona por la que quieres preguntar, el Pa\u00eds y ciudad de nacimiento. Hora de nacimiento (Si la sabes, si no no pasa nada). Con esta Informaci\u00f3n realizare el Estudio de la Carta Astral con informes detallados y resolver\u00e9 todas tus dudas. Te espero en esta m\u00e1gica Lectura donde desbloquearas esa situaci\u00f3n!<\/p>\n","protected":false},"featured_media":802,"comment_status":"open","ping_status":"closed","template":"","meta":[],"product_cat":[18],"product_tag":[],"jetpack_sharing_enabled":true,"acf":[],"_links":{"self":[{"href":"https:\/\/bellezaconalma11.com\/index.php\/wp-json\/wp\/v2\/product\/741"}],"collection":[{"href":"https:\/\/bellezaconalma11.com\/index.php\/wp-json\/wp\/v2\/product"}],"about":[{"href":"https:\/\/bellezaconalma11.com\/index.php\/wp-json\/wp\/v2\/types\/product"}],"replies":[{"embeddable":true,"href":"https:\/\/bellezaconalma11.com\/index.php\/wp-json\/wp\/v2\/comments?post=741"}],"wp:featuredmedia":[{"embeddable":true,"href":"https:\/\/bellezaconalma11.com\/index.php\/wp-json\/wp\/v2\/media\/802"}],"wp:attachment":[{"href":"https:\/\/bellezaconalma11.com\/index.php\/wp-json\/wp\/v2\/media?parent=741"}],"wp:term":[{"taxonomy":"product_cat","embeddable":true,"href":"https:\/\/bellezaconalma11.com\/index.php\/wp-json\/wp\/v2\/product_cat?post=741"},{"taxonomy":"product_tag","embeddable":true,"href":"https:\/\/bellezaconalma11.com\/index.php\/wp-json\/wp\/v2\/product_tag?post=741"}],"curies":[{"name":"wp","href":"https:\/\/api.w.org\/{rel}","templated":true}]}}