{"id":732,"date":"2024-09-23T15:56:16","date_gmt":"2024-09-23T13:56:16","guid":{"rendered":"https:\/\/bellezaconalma11.com\/?post_type=product&#038;p=732"},"modified":"2024-10-02T16:11:13","modified_gmt":"2024-10-02T14:11:13","slug":"meditacion-individual-sanacion-nino-interior-4autoestima_confianza","status":"publish","type":"product","link":"https:\/\/bellezaconalma11.com\/index.php\/producto\/meditacion-individual-sanacion-nino-interior-4autoestima_confianza\/","title":{"rendered":"Meditacion Individual Sanacion Ni\u00f1o Interior (4)Autoestima_Confianza"},"content":{"rendered":"","protected":false},"excerpt":{"rendered":"<p>Gracias por tu compra Meditaci\u00f3n Individual (4)Autoestima_Confianza del programa Sanaci\u00f3n Ni\u00f1o Interior. Esta Meditaci\u00f3n te ayuda a aumentar la confianza y la seguridad en ti mismo. \u00bfEstas preparado? Recuerda que esta es un meditaci\u00f3n individual, y tienes otros paquetes donde tienes mas meditaciones, el Programa completo mas sanador es el Paquete Super completo ya que contienen las 11 Meditaciones Completas.<\/p>\n","protected":false},"featured_media":568,"comment_status":"open","ping_status":"closed","template":"","meta":[],"product_brand":[],"product_cat":[18],"product_tag":[],"class_list":{"0":"post-732","1":"product","2":"type-product","3":"status-publish","4":"has-post-thumbnail","6":"product_cat-sin-categorizar","8":"first","9":"instock","10":"downloadable","11":"taxable","12":"shipping-taxable","13":"purchasable","14":"product-type-simple"},"jetpack_sharing_enabled":true,"acf":[],"_links":{"self":[{"href":"https:\/\/bellezaconalma11.com\/index.php\/wp-json\/wp\/v2\/product\/732","targetHints":{"allow":["GET"]}}],"collection":[{"href":"https:\/\/bellezaconalma11.com\/index.php\/wp-json\/wp\/v2\/product"}],"about":[{"href":"https:\/\/bellezaconalma11.com\/index.php\/wp-json\/wp\/v2\/types\/product"}],"replies":[{"embeddable":true,"href":"https:\/\/bellezaconalma11.com\/index.php\/wp-json\/wp\/v2\/comments?post=732"}],"wp:featuredmedia":[{"embeddable":true,"href":"https:\/\/bellezaconalma11.com\/index.php\/wp-json\/wp\/v2\/media\/568"}],"wp:attachment":[{"href":"https:\/\/bellezaconalma11.com\/index.php\/wp-json\/wp\/v2\/media?parent=732"}],"wp:term":[{"taxonomy":"product_brand","embeddable":true,"href":"https:\/\/bellezaconalma11.com\/index.php\/wp-json\/wp\/v2\/product_brand?post=732"},{"taxonomy":"product_cat","embeddable":true,"href":"https:\/\/bellezaconalma11.com\/index.php\/wp-json\/wp\/v2\/product_cat?post=732"},{"taxonomy":"product_tag","embeddable":true,"href":"https:\/\/bellezaconalma11.com\/index.php\/wp-json\/wp\/v2\/product_tag?post=732"}],"curies":[{"name":"wp","href":"https:\/\/api.w.org\/{rel}","templated":true}]}}