{"id":729,"date":"2024-09-23T12:14:07","date_gmt":"2024-09-23T10:14:07","guid":{"rendered":"https:\/\/bellezaconalma11.com\/?post_type=product&#038;p=729"},"modified":"2024-10-02T16:01:43","modified_gmt":"2024-10-02T14:01:43","slug":"meditacion-individual-sanacion-nino-interior-3sanacion_familiar","status":"publish","type":"product","link":"https:\/\/bellezaconalma11.com\/index.php\/producto\/meditacion-individual-sanacion-nino-interior-3sanacion_familiar\/","title":{"rendered":"Meditaci\u00f3n Individual Sanaci\u00f3n Ni\u00f1o interior (3)Sanacion_Familiar"},"content":{"rendered":"","protected":false},"excerpt":{"rendered":"<p>Gracias por tu compra Meditaci\u00f3n Individual (3)Sanacion Familiar, del programa Sanaci\u00f3n Ni\u00f1o Interior. Esta Meditaci\u00f3n te ayuda a sanar el vientre materno, situaciones familiares traumaticas, adolescenscia y ni\u00f1o interior  Aire para realizarte una limpieza y sanaci\u00f3n total.\u00bfEstas preparado? Recuerda que esta es un meditaci\u00f3n individual, y tienes otros paquetes donde tienes mas meditaciones, el Programa completo mas sanador es el Paquete Super completo ya que contienen las 11 meditaciones completas.<\/p>\n","protected":false},"featured_media":780,"comment_status":"open","ping_status":"closed","template":"","meta":[],"product_brand":[],"product_cat":[18],"product_tag":[],"class_list":{"0":"post-729","1":"product","2":"type-product","3":"status-publish","4":"has-post-thumbnail","6":"product_cat-sin-categorizar","8":"first","9":"instock","10":"downloadable","11":"taxable","12":"shipping-taxable","13":"purchasable","14":"product-type-simple"},"jetpack_sharing_enabled":true,"acf":[],"_links":{"self":[{"href":"https:\/\/bellezaconalma11.com\/index.php\/wp-json\/wp\/v2\/product\/729","targetHints":{"allow":["GET"]}}],"collection":[{"href":"https:\/\/bellezaconalma11.com\/index.php\/wp-json\/wp\/v2\/product"}],"about":[{"href":"https:\/\/bellezaconalma11.com\/index.php\/wp-json\/wp\/v2\/types\/product"}],"replies":[{"embeddable":true,"href":"https:\/\/bellezaconalma11.com\/index.php\/wp-json\/wp\/v2\/comments?post=729"}],"wp:featuredmedia":[{"embeddable":true,"href":"https:\/\/bellezaconalma11.com\/index.php\/wp-json\/wp\/v2\/media\/780"}],"wp:attachment":[{"href":"https:\/\/bellezaconalma11.com\/index.php\/wp-json\/wp\/v2\/media?parent=729"}],"wp:term":[{"taxonomy":"product_brand","embeddable":true,"href":"https:\/\/bellezaconalma11.com\/index.php\/wp-json\/wp\/v2\/product_brand?post=729"},{"taxonomy":"product_cat","embeddable":true,"href":"https:\/\/bellezaconalma11.com\/index.php\/wp-json\/wp\/v2\/product_cat?post=729"},{"taxonomy":"product_tag","embeddable":true,"href":"https:\/\/bellezaconalma11.com\/index.php\/wp-json\/wp\/v2\/product_tag?post=729"}],"curies":[{"name":"wp","href":"https:\/\/api.w.org\/{rel}","templated":true}]}}