{"id":727,"date":"2024-09-23T12:04:53","date_gmt":"2024-09-23T10:04:53","guid":{"rendered":"https:\/\/bellezaconalma11.com\/?post_type=product&#038;p=727"},"modified":"2024-10-02T16:04:51","modified_gmt":"2024-10-02T14:04:51","slug":"meditacion-individual-sanacion-nino-interior-2limpieza_energias","status":"publish","type":"product","link":"https:\/\/bellezaconalma11.com\/index.php\/producto\/meditacion-individual-sanacion-nino-interior-2limpieza_energias\/","title":{"rendered":"Meditaci\u00f3n Individual Sanaci\u00f3n Ni\u00f1o interior (2)Limpieza_energias"},"content":{"rendered":"","protected":false},"excerpt":{"rendered":"<p>Gracias por tu compra Meditaci\u00f3n Individual (2)Limpieza_Energias, del programa Sanaci\u00f3n Ni\u00f1o Interior. Esta Meditaci\u00f3n te ayuda a limpiar, activar y alinear tus chacras, con la ayuda de las notas musicales y ba\u00f1o de sonido compuesto por mi. Sentir\u00e1s que tienes mas energ\u00eda, mas vitalidad. \u00bfEstas preparado? Recuerda que esta es un meditaci\u00f3n individual, y tienes otros paquetes donde tienes mas meditaciones, el Programa completo mas sanador es el Paquete Super completo ya que contienen las 11 meditaciones completas.<\/p>\n","protected":false},"featured_media":13,"comment_status":"open","ping_status":"closed","template":"","meta":[],"product_cat":[18],"product_tag":[],"jetpack_sharing_enabled":true,"acf":[],"_links":{"self":[{"href":"https:\/\/bellezaconalma11.com\/index.php\/wp-json\/wp\/v2\/product\/727"}],"collection":[{"href":"https:\/\/bellezaconalma11.com\/index.php\/wp-json\/wp\/v2\/product"}],"about":[{"href":"https:\/\/bellezaconalma11.com\/index.php\/wp-json\/wp\/v2\/types\/product"}],"replies":[{"embeddable":true,"href":"https:\/\/bellezaconalma11.com\/index.php\/wp-json\/wp\/v2\/comments?post=727"}],"wp:featuredmedia":[{"embeddable":true,"href":"https:\/\/bellezaconalma11.com\/index.php\/wp-json\/wp\/v2\/media\/13"}],"wp:attachment":[{"href":"https:\/\/bellezaconalma11.com\/index.php\/wp-json\/wp\/v2\/media?parent=727"}],"wp:term":[{"taxonomy":"product_cat","embeddable":true,"href":"https:\/\/bellezaconalma11.com\/index.php\/wp-json\/wp\/v2\/product_cat?post=727"},{"taxonomy":"product_tag","embeddable":true,"href":"https:\/\/bellezaconalma11.com\/index.php\/wp-json\/wp\/v2\/product_tag?post=727"}],"curies":[{"name":"wp","href":"https:\/\/api.w.org\/{rel}","templated":true}]}}