{"id":725,"date":"2024-09-23T11:53:56","date_gmt":"2024-09-23T09:53:56","guid":{"rendered":"https:\/\/bellezaconalma11.com\/?post_type=product&#038;p=725"},"modified":"2024-10-02T16:04:37","modified_gmt":"2024-10-02T14:04:37","slug":"meditacion-individual-sanacion-nino-interior-1sanacion_bloqueo","status":"publish","type":"product","link":"https:\/\/bellezaconalma11.com\/index.php\/producto\/meditacion-individual-sanacion-nino-interior-1sanacion_bloqueo\/","title":{"rendered":"Meditaci\u00f3n Individual Sanaci\u00f3n Ni\u00f1o interior (1)Sanacion_bloqueo"},"content":{"rendered":"","protected":false},"excerpt":{"rendered":"<p>Gracias por tu compra Meditaci\u00f3n Individual (1)Sanacion_Bloqueo, del programa Sanacion Ni\u00f1o Interior. Esta Meditaci\u00f3n te ayuda a desbloquear aquello que impide que tu vida avance, te hace conectar y sanar a tu ni\u00f1o interior, adem\u00e1s de conectar con la energ\u00eda m\u00e1gica de los Unicornios. \u00bfEstas preparado? Recuerda que esta es un meditaci\u00f3n individual, y tienes otros paquetes donde tienes mas meditaciones, el Programa completo mas sanador es el Paquete Super completo ya que contienen las 11 meditaciones completas.<\/p>\n","protected":false},"featured_media":256,"comment_status":"open","ping_status":"closed","template":"","meta":[],"product_cat":[18],"product_tag":[],"jetpack_sharing_enabled":true,"acf":[],"_links":{"self":[{"href":"https:\/\/bellezaconalma11.com\/index.php\/wp-json\/wp\/v2\/product\/725"}],"collection":[{"href":"https:\/\/bellezaconalma11.com\/index.php\/wp-json\/wp\/v2\/product"}],"about":[{"href":"https:\/\/bellezaconalma11.com\/index.php\/wp-json\/wp\/v2\/types\/product"}],"replies":[{"embeddable":true,"href":"https:\/\/bellezaconalma11.com\/index.php\/wp-json\/wp\/v2\/comments?post=725"}],"wp:featuredmedia":[{"embeddable":true,"href":"https:\/\/bellezaconalma11.com\/index.php\/wp-json\/wp\/v2\/media\/256"}],"wp:attachment":[{"href":"https:\/\/bellezaconalma11.com\/index.php\/wp-json\/wp\/v2\/media?parent=725"}],"wp:term":[{"taxonomy":"product_cat","embeddable":true,"href":"https:\/\/bellezaconalma11.com\/index.php\/wp-json\/wp\/v2\/product_cat?post=725"},{"taxonomy":"product_tag","embeddable":true,"href":"https:\/\/bellezaconalma11.com\/index.php\/wp-json\/wp\/v2\/product_tag?post=725"}],"curies":[{"name":"wp","href":"https:\/\/api.w.org\/{rel}","templated":true}]}}