{"id":701,"date":"2024-09-20T12:34:57","date_gmt":"2024-09-20T10:34:57","guid":{"rendered":"https:\/\/bellezaconalma11.com\/?post_type=product&#038;p=701"},"modified":"2025-10-14T15:57:49","modified_gmt":"2025-10-14T13:57:49","slug":"programa-sabiduria-elfica-alcanza-tus-suenos-solo-audios","status":"publish","type":"product","link":"https:\/\/bellezaconalma11.com\/index.php\/producto\/programa-sabiduria-elfica-alcanza-tus-suenos-solo-audios\/","title":{"rendered":"Programa Sabidur\u00eda \u00c9lfica Alcanza tus Sue\u00f1os Paquete Sencillo"},"content":{"rendered":"<p>\u00bfTienes un sue\u00f1o en tu coraz\u00f3n que quiere ser cumplido? \u00bfTe gustar\u00eda hacer una petici\u00f3n Especial a tus Guardianes Elficos para que te ayuden en esa situaci\u00f3n? Muchas personas piden milagros, milagros que muchas veces no se cumplen, el secreto esta en saber a quien le pides eso que deseas. Los Elfos de Luz desde tiempos antiguos poseen poderes m\u00e1gicos para ayudar a la humanidad, siempre han sido muy sabios y poderosos. \u00bfSabias que todos tenemos un Guardi\u00e1n Elfico que nos protege y nos ampara, te gustar\u00eda conocerle? Este programa es muy m\u00e1gico, desde siempre tuve una conexi\u00f3n con los Elfos muy especial, a ellos no se les puede pedir cualquier cosa, tiene que ser algo bondadoso. Todos mis programas est\u00e1n hechos con luz, y pretenden ayudar no someter ni obligar a las personas o situaciones a que sucedan. Si tienes un deseo de coraz\u00f3n, y necesitas esa ayuda m\u00e1gica para alcanzar tu sue\u00f1o este es tu Programa!<\/p>\n<p>Este Programa Paquete Sencillo es el que necesitas invertir menos tiempo, ya que se realiza en un periodo mas corto de tiempo, por que contiene menos material y herramientas, que el Paquete Medio y el Paquete S\u00faper Completo.<\/p>\n<p>Este paquete Sencillo contiene;<\/p>\n<p>Audio explicativo paso a paso<\/p>\n<p>6 Meditaciones M\u00e1gicas con idioma Elfico programadas de Sabidur\u00eda Elfica<\/p>\n<p>Manual PDF con el paso a paso de como realizar el programa, de como conectar y conocer a tu Guardi\u00e1n Elfico, como hacerles la petici\u00f3n, como invocar su energ\u00eda!<\/p>\n<p>Herramientas de Sabidur\u00eda Elfica<\/p>\n","protected":false},"excerpt":{"rendered":"<p><img loading=\"lazy\" decoding=\"async\" class=\"alignnone size-full wp-image-519\" src=\"http:\/\/bellezaconalma11.com\/wp-content\/uploads\/2024\/06\/Imagen1-2.jpg\" alt=\"\" width=\"296\" height=\"296\" srcset=\"https:\/\/bellezaconalma11.com\/wp-content\/uploads\/2024\/06\/Imagen1-2.jpg 296w, https:\/\/bellezaconalma11.com\/wp-content\/uploads\/2024\/06\/Imagen1-2-150x150.jpg 150w, https:\/\/bellezaconalma11.com\/wp-content\/uploads\/2024\/06\/Imagen1-2-75x75.jpg 75w, https:\/\/bellezaconalma11.com\/wp-content\/uploads\/2024\/06\/Imagen1-2-100x100.jpg 100w\" sizes=\"(max-width: 296px) 100vw, 296px\" \/>En este programa vas conocer a tus Guardianes Elficos y pedirles ese deseo de tu coraz\u00f3n! Vas a conectar con la Sabidur\u00eda Elfica para hacer tu petici\u00f3n Especial y atraer abundancia y cumplir tu sue\u00f1o! Gracias por tu compra del Programa Elfico Alcanza tus sue\u00f1os Paquete Sencillo. Env\u00edame el comprobante de pago con tu nombre y apellidos por WhatsApp al numero <a href=\"tel:+34 681 137 052\">+34 681 137 052<\/a>, recuerda que este Paquete es el Sencillo y no incluye sesiones con Carta Astral ni Sinastria de Pareja Elfica, si deseas que contenga estas sesiones adquiere entonces el Paquete Medio o el S\u00faper Completo que tienes en esta pagina. Tambi\u00e9n puedes a\u00f1adir la diferencia del paquete si ya abonaste este inform\u00e1ndome que quieres cambiarlo!<\/p>\n","protected":false},"featured_media":1078,"comment_status":"open","ping_status":"closed","template":"","meta":[],"product_cat":[18],"product_tag":[],"jetpack_sharing_enabled":true,"acf":[],"_links":{"self":[{"href":"https:\/\/bellezaconalma11.com\/index.php\/wp-json\/wp\/v2\/product\/701"}],"collection":[{"href":"https:\/\/bellezaconalma11.com\/index.php\/wp-json\/wp\/v2\/product"}],"about":[{"href":"https:\/\/bellezaconalma11.com\/index.php\/wp-json\/wp\/v2\/types\/product"}],"replies":[{"embeddable":true,"href":"https:\/\/bellezaconalma11.com\/index.php\/wp-json\/wp\/v2\/comments?post=701"}],"wp:featuredmedia":[{"embeddable":true,"href":"https:\/\/bellezaconalma11.com\/index.php\/wp-json\/wp\/v2\/media\/1078"}],"wp:attachment":[{"href":"https:\/\/bellezaconalma11.com\/index.php\/wp-json\/wp\/v2\/media?parent=701"}],"wp:term":[{"taxonomy":"product_cat","embeddable":true,"href":"https:\/\/bellezaconalma11.com\/index.php\/wp-json\/wp\/v2\/product_cat?post=701"},{"taxonomy":"product_tag","embeddable":true,"href":"https:\/\/bellezaconalma11.com\/index.php\/wp-json\/wp\/v2\/product_tag?post=701"}],"curies":[{"name":"wp","href":"https:\/\/api.w.org\/{rel}","templated":true}]}}