{"id":686,"date":"2024-09-20T12:13:08","date_gmt":"2024-09-20T10:13:08","guid":{"rendered":"https:\/\/bellezaconalma11.com\/?post_type=product&#038;p=686"},"modified":"2026-03-05T20:37:07","modified_gmt":"2026-03-05T19:37:07","slug":"sanacion-almica-paquete-medio","status":"publish","type":"product","link":"https:\/\/bellezaconalma11.com\/index.php\/producto\/sanacion-almica-paquete-medio\/","title":{"rendered":"Programa Profundo de Sanaci\u00f3n Almica"},"content":{"rendered":"<p>\u00bfSientes un bloqueo en el amor?\u00bfSientes que tienes la autoestima baja?\u00bfSientes dificultades para encontrar una pareja sana?\u00bfQuieres sanar el vinculo con tu alma gemela que ya conoces?\u00bfQuieres atraer a tu alma gemela que aun no conoces?\u00bfDeseas de corazon ser feliz en amor? Entonces este programa es para ti. El Programa de Sanacion Almica es un programa donde conectas profundamente con tu alma, la sanaras, la elevaras y aumentar\u00e1s tu amor propio. Es un programa muy profundo que te llega hasta lo mas hondo de tu alma, y desde ese amor propio puedes atraer a tu alma gemela, o sanar un vinculo amoroso que te preocupa. Realizando este programa paso a paso podr\u00e1s atraer esa vida amorosa rom\u00e1ntica que tanto deseas!<\/p>\n<p>Este paquete Medio contiene;<\/p>\n<p>Video o audios explicativos paso a paso<\/p>\n<p>6 Meditaciones programadas de Sanacion Almica<\/p>\n<p>2 Audios de Afirmaciones Sanadoras<\/p>\n<p>2 Sesiones de Coaching y Astrolog\u00eda Almica<\/p>\n<p>Manual PDF donde se explica paso a paso como realizar el programa, que es el alma, como elevarla y encontrar el amor o sanar vinculos<\/p>\n<p>Herramientas de Sanacion Almica<\/p>\n<p>Seguimiento<\/p>\n","protected":false},"excerpt":{"rendered":"<p><img loading=\"lazy\" decoding=\"async\" class=\"alignnone size-medium wp-image-1173\" src=\"http:\/\/bellezaconalma11.com\/wp-content\/uploads\/2025\/04\/webResult-58-e1745580119760-300x268.jpeg\" alt=\"\" width=\"300\" height=\"268\" srcset=\"https:\/\/bellezaconalma11.com\/wp-content\/uploads\/2025\/04\/webResult-58-e1745580119760-300x268.jpeg 300w, https:\/\/bellezaconalma11.com\/wp-content\/uploads\/2025\/04\/webResult-58-e1745580119760-768x686.jpeg 768w, https:\/\/bellezaconalma11.com\/wp-content\/uploads\/2025\/04\/webResult-58-e1745580119760-600x536.jpeg 600w, https:\/\/bellezaconalma11.com\/wp-content\/uploads\/2025\/04\/webResult-58-e1745580119760.jpeg 873w\" sizes=\"(max-width: 300px) 100vw, 300px\" \/>En este programa Sanaci\u00f3n Almica Paquete Medio, vas conectar y sanar el vinculo con tu Alma Gemela, para as\u00ed atraerla a tu vida, tanto si la conoces como si no. Este programa va a sanar tu alma, para que puedas ser feliz en el amor, y puedas tener una relaci\u00f3n sana. Gracias por tu compra del Programa\u00a0 Sanacion Almica Paquete Medio. Env\u00edame el comprobante de pago con tu nombre y apellidos por WhatsApp al numero +34 681 137 052\u00a0 para agendar tu Sesiones de Cochin Almico, \u00a0Sinatria de Pareja Almica y Carta Astral Almica: Escr\u00edbeme por mensaje la Fecha Completa de Nacimiento tuya, y si preguntas por alguien, y el Pa\u00eds y ciudad de nacimiento de ambos. Hora de nacimiento (Si la sabes, si no no pasa nada). Con esta Informaci\u00f3n realizare el Estudio de las Sesiones Almicas para que puedas sanar tu alma y el v\u00ednculo con tu alma gemela. Te espero en este camino hacia la Sanacion con tu Alma!<\/p>\n<p><!--more--><\/p>\n","protected":false},"featured_media":1355,"comment_status":"open","ping_status":"closed","template":"","meta":[],"product_cat":[18],"product_tag":[],"jetpack_sharing_enabled":true,"acf":[],"_links":{"self":[{"href":"https:\/\/bellezaconalma11.com\/index.php\/wp-json\/wp\/v2\/product\/686"}],"collection":[{"href":"https:\/\/bellezaconalma11.com\/index.php\/wp-json\/wp\/v2\/product"}],"about":[{"href":"https:\/\/bellezaconalma11.com\/index.php\/wp-json\/wp\/v2\/types\/product"}],"replies":[{"embeddable":true,"href":"https:\/\/bellezaconalma11.com\/index.php\/wp-json\/wp\/v2\/comments?post=686"}],"wp:featuredmedia":[{"embeddable":true,"href":"https:\/\/bellezaconalma11.com\/index.php\/wp-json\/wp\/v2\/media\/1355"}],"wp:attachment":[{"href":"https:\/\/bellezaconalma11.com\/index.php\/wp-json\/wp\/v2\/media?parent=686"}],"wp:term":[{"taxonomy":"product_cat","embeddable":true,"href":"https:\/\/bellezaconalma11.com\/index.php\/wp-json\/wp\/v2\/product_cat?post=686"},{"taxonomy":"product_tag","embeddable":true,"href":"https:\/\/bellezaconalma11.com\/index.php\/wp-json\/wp\/v2\/product_tag?post=686"}],"curies":[{"name":"wp","href":"https:\/\/api.w.org\/{rel}","templated":true}]}}