{"id":683,"date":"2024-09-20T12:07:24","date_gmt":"2024-09-20T10:07:24","guid":{"rendered":"https:\/\/bellezaconalma11.com\/?post_type=product&#038;p=683"},"modified":"2026-04-09T12:51:06","modified_gmt":"2026-04-09T10:51:06","slug":"manifestacion-cuantica-con-las-7-leyes-universales","status":"publish","type":"product","link":"https:\/\/bellezaconalma11.com\/index.php\/producto\/manifestacion-cuantica-con-las-7-leyes-universales\/","title":{"rendered":"Manifestaci\u00f3n Cu\u00e1ntica con las 7 Leyes Universales Paquete S\u00faper Completo"},"content":{"rendered":"<p>\u00bfSabias que existen 7 Leyes Universales m\u00e1gicas para manifestar lo que deseas y que lo pueden cambiar todo? En este programa de Manifestaci\u00f3n Cu\u00e1ntica con las 7 Leyes Universales, ademas de conocerlas vas a activarlas e integrarlas en ti. He canalizado este programa super potente, que esta cambiando la vida de millones de personas, y laque trabajaras de un forma incre\u00edble el control de tu mente y emociones, ademas de mantener tu vibraci\u00f3n alta, que somos imanes. Soy experta en la manifestaci\u00f3n y he manifestado cosas incre\u00edbles en mi vida, con mucho esfuerzo y dedicaci\u00f3n. Si sientes que llevas tiempo queriendo manifestar algo y no te sientes feliz, y parece que nunca se cumple tu sue\u00f1o, este es tu programa. El Universo es sabio, pero tiene 7 Leyes inquebrantables que si no las respetas y las activas, es dif\u00edcil lograr \u00e9xito y atraer lo que deseas. Este programa se adapta y se personaliza, para cada situaci\u00f3n, para cada deseo personal.<\/p>\n<p><strong>En este programa conseguir\u00e1s<\/strong><\/p>\n<p>Elevar tu vibracion<\/p>\n<p>Conseguir cambios positivos<\/p>\n<p>Controlar tu mente<\/p>\n<p>Controlar tus emociones<\/p>\n<p>Atraer aquello que deseas<\/p>\n<p>Conectar y manifestar de forma correcta con el Universo<\/p>\n<p>Tener una vida abundante<\/p>\n<p>Alcanzar tu sue\u00f1o y ser feliz<\/p>\n<p><strong>Este programa incluye<\/strong><\/p>\n<p>5 Sesiones de Coaching de Manifestaci\u00f3n<\/p>\n<p>1 Audio Explicativo<\/p>\n<p>7 Meditaciones de Manifestaci\u00f3n para sanar y activar las 7 Leyes Universales<\/p>\n<p>Manual paso a paso PDF de Manifestaci\u00f3n con las 7 Leyes Universales<\/p>\n","protected":false},"excerpt":{"rendered":"<p><img loading=\"lazy\" decoding=\"async\" class=\"alignnone size-medium wp-image-573\" src=\"http:\/\/bellezaconalma11.com\/wp-content\/uploads\/2024\/08\/Imagen1-300x156.png\" alt=\"\" width=\"300\" height=\"156\" srcset=\"https:\/\/bellezaconalma11.com\/wp-content\/uploads\/2024\/08\/Imagen1-300x156.png 300w, https:\/\/bellezaconalma11.com\/wp-content\/uploads\/2024\/08\/Imagen1.png 567w\" sizes=\"(max-width: 300px) 100vw, 300px\" \/>En este programa conocer\u00e1s y activar\u00e1s las 7 Leyes Universales, para manifestar aquello que deseas. Ese sue\u00f1o que tienes se puede hacer realidad, y en este programa lo vas a comprobar. Gracias por tu compra del Programa Manifestaci\u00f3n Cu\u00e1ntica Con Las 7 Leyes Universales Paquete Super Completo. Env\u00edame el comprobante de pago con tu nombre y apellidos por WhatsApp al numero +34 681 137 052 para agendar tus Sesiones de Coaching de Manifestaci\u00f3n. Escr\u00edbeme por mensaje con los siguientes datos; Fecha Completa de Nacimiento tuya, y si tambi\u00e9n preguntas por alguien, el Pa\u00eds y ciudad de nacimiento. Hora de nacimiento (Si la sabes, si no no pasa nada). Con esta Informaci\u00f3n realizare el Estudio de las Sesiones de Coaching de Manifestaci\u00f3n. Te espero en este camino hacia cumplir tu sue\u00f1o!<\/p>\n","protected":false},"featured_media":1189,"comment_status":"open","ping_status":"closed","template":"","meta":[],"product_cat":[18],"product_tag":[],"jetpack_sharing_enabled":true,"acf":[],"_links":{"self":[{"href":"https:\/\/bellezaconalma11.com\/index.php\/wp-json\/wp\/v2\/product\/683"}],"collection":[{"href":"https:\/\/bellezaconalma11.com\/index.php\/wp-json\/wp\/v2\/product"}],"about":[{"href":"https:\/\/bellezaconalma11.com\/index.php\/wp-json\/wp\/v2\/types\/product"}],"replies":[{"embeddable":true,"href":"https:\/\/bellezaconalma11.com\/index.php\/wp-json\/wp\/v2\/comments?post=683"}],"wp:featuredmedia":[{"embeddable":true,"href":"https:\/\/bellezaconalma11.com\/index.php\/wp-json\/wp\/v2\/media\/1189"}],"wp:attachment":[{"href":"https:\/\/bellezaconalma11.com\/index.php\/wp-json\/wp\/v2\/media?parent=683"}],"wp:term":[{"taxonomy":"product_cat","embeddable":true,"href":"https:\/\/bellezaconalma11.com\/index.php\/wp-json\/wp\/v2\/product_cat?post=683"},{"taxonomy":"product_tag","embeddable":true,"href":"https:\/\/bellezaconalma11.com\/index.php\/wp-json\/wp\/v2\/product_tag?post=683"}],"curies":[{"name":"wp","href":"https:\/\/api.w.org\/{rel}","templated":true}]}}