{"id":516,"date":"2024-06-27T19:49:19","date_gmt":"2024-06-27T17:49:19","guid":{"rendered":"https:\/\/bellezaconalma11.com\/?post_type=product&#038;p=516"},"modified":"2024-09-23T15:32:10","modified_gmt":"2024-09-23T13:32:10","slug":"programa-sabiduria-celta-de-empoderamiento-2","status":"publish","type":"product","link":"https:\/\/bellezaconalma11.com\/index.php\/producto\/programa-sabiduria-celta-de-empoderamiento-2\/","title":{"rendered":"Programa Sabidur\u00eda Celta de Empoderamiento Paquete Super Completo"},"content":{"rendered":"<p>\u00bfQuieres empoderarte y afrontar los cambios y desaf\u00edos de la vida con mas seguridad? \u00bfQuieres liberarte de miedos? Entonces este programa es para ti. En el Programa de Sabidur\u00eda Celta de Empoderamiento vas a conectar y activar tu arquetipo Guerrero Celta, que puede ser el arquetipo de la Valkiria, la Amazona, la Vikinga o Vikingo o Pr\u00edncipe Guerrero o Princesa Guerrera. Estos Arquetipos son Gu\u00edas Espirituales Guerreros que tienen una energ\u00eda muy poderosa, activaran fuerza y empoderamiento en ti. Trabajaran tu energ\u00eda, para ayudarte en esa situaci\u00f3n que necesitas fuerza. \u00a0Este programa va a sellar tu amor propio, fortalecer tus emociones, es un programa muy potente donde te ayudar\u00e1 el Mago Merl\u00edn y la energ\u00eda Celta. Vas a encontrar la Sabidur\u00eda Celta dentro de ti para que tu vida sea de otro nivel. Este Programa S\u00faper Competo es el mas efectivo de todos, es el Programa que contiene mas herramientas, sesiones, seguimiento y resultados que el Sencillo y Medio.<\/p>\n<p>Este paquete Super Completo contiene<\/p>\n<p>Audio Especial Explicativo<\/p>\n<p>6 Meditaciones programadas de Sabidur\u00eda Celta<\/p>\n<p>4 Sesiones de Coachin Celta y Astrolog\u00eda Celta, Runas<\/p>\n<p>Manual PDF donde se explica paso a paso como hacer el programa, como invocar la energ\u00eda Celta, como conectar con tu Guerrero Celta<\/p>\n<p>Ejercicios Magicos Adicionales<\/p>\n<p>Canalizaci\u00f3n especial de tus Guerreros Celta<\/p>\n<p>Seguimiento semanal hasta finalizar el programa<\/p>\n<p>Asistencia por whats up<\/p>\n<p>&nbsp;<\/p>\n<p>&nbsp;<\/p>\n<p>&nbsp;<\/p>\n<p>&nbsp;<\/p>\n","protected":false},"excerpt":{"rendered":"<p>En este programa vas conectar con tu Guerrero Celta para Empoderarte, vas a trabajar con la energ\u00eda Celta para fortalecerte, y aumentar seguridad y poder de decisi\u00f3n. Gracias por tu compra del Programa Sabidur\u00eda Celta de Empoderamiento Paquete Super Completo. Env\u00edame el comprobante de pago con tu nombre y apellidos por WhatsApp al numero +34 681 137 052\u00a0 para agendar tu Sesiones de Coaching Celta, Carta Astral y Sinastria de Pareja Celta: Escr\u00edbeme por mensaje la Fecha Completa de Nacimiento tuya, y si tambi\u00e9n preguntas por alguien, el Pa\u00eds y ciudad de nacimiento. Hora de nacimiento (Si la sabes, si no no pasa nada). Con esta Informaci\u00f3n realizare el Estudio de las Sesiones Celtas para que puedas empoderarte! Te espero en este camino hacia tu Sabidur\u00eda Celta!<\/p>\n","protected":false},"featured_media":612,"comment_status":"open","ping_status":"closed","template":"","meta":[],"product_cat":[18],"product_tag":[],"jetpack_sharing_enabled":true,"acf":[],"_links":{"self":[{"href":"https:\/\/bellezaconalma11.com\/index.php\/wp-json\/wp\/v2\/product\/516"}],"collection":[{"href":"https:\/\/bellezaconalma11.com\/index.php\/wp-json\/wp\/v2\/product"}],"about":[{"href":"https:\/\/bellezaconalma11.com\/index.php\/wp-json\/wp\/v2\/types\/product"}],"replies":[{"embeddable":true,"href":"https:\/\/bellezaconalma11.com\/index.php\/wp-json\/wp\/v2\/comments?post=516"}],"wp:featuredmedia":[{"embeddable":true,"href":"https:\/\/bellezaconalma11.com\/index.php\/wp-json\/wp\/v2\/media\/612"}],"wp:attachment":[{"href":"https:\/\/bellezaconalma11.com\/index.php\/wp-json\/wp\/v2\/media?parent=516"}],"wp:term":[{"taxonomy":"product_cat","embeddable":true,"href":"https:\/\/bellezaconalma11.com\/index.php\/wp-json\/wp\/v2\/product_cat?post=516"},{"taxonomy":"product_tag","embeddable":true,"href":"https:\/\/bellezaconalma11.com\/index.php\/wp-json\/wp\/v2\/product_tag?post=516"}],"curies":[{"name":"wp","href":"https:\/\/api.w.org\/{rel}","templated":true}]}}