{"id":513,"date":"2024-06-27T19:34:54","date_gmt":"2024-06-27T17:34:54","guid":{"rendered":"https:\/\/bellezaconalma11.com\/?post_type=product&#038;p=513"},"modified":"2025-05-03T23:17:27","modified_gmt":"2025-05-03T21:17:27","slug":"curso-de-tarot-y-canalizacion-espiritual","status":"publish","type":"product","link":"https:\/\/bellezaconalma11.com\/index.php\/producto\/curso-de-tarot-y-canalizacion-espiritual\/","title":{"rendered":"Curso de Tarot y Canalizaci\u00f3n Espiritual"},"content":{"rendered":"<p>\u00bfSientes que desde peque\u00f1o tienes una sensibilidad especial?\u00bfEres un persona intuitiva que pocas veces se equivoca?\u00bfLas personas se acercan a ti en busca de ayuda y consejos?\u00bfTienes sue\u00f1os premonitorios y te atrae el mundo del Tarot y la canalizaci\u00f3n?\u00bfTe gustar\u00eda saber si tienes Dones Espirituales y trabajar profesionalmente de ello? Entonces este es tu Curso. Soy Estefania y como te explico en el Inicio de esta pagina, tengo varias especialidades y una de ellas es la Formaci\u00f3n, formo a millones de personas para que puedan dedicarse al mundo del Tarot y la Canalizaci\u00f3n. En este curso aprender\u00e1s a leer los Arcanos Mayores y Menores de Tarot, aprender\u00e1s a Conectar con tus gu\u00edas Espirituales y canalizar con ellos, podr\u00e1s dedicarte profesionalmente a leer el Tarot. Si no quieres dedicarte a este mundo, tambi\u00e9n lo puedes hacer para ti mismo como acompa\u00f1amiento en tu vida, ya que el Tarot es un gran consejero. En este Curso ademas de formaci\u00f3n viajaras a sanar heridas emocionales, sanaras aquello que no te deja avanzar para dedicarte a lo que te gusta. Primero antes de querer ayudar a las personas y darles consejos y gu\u00eda, hay que sanarse a uno mismo y estar bien, para dar luz y apoyo a otros, por eso en este Curso primero har\u00e1s un camino personal que te aportara mucho crecimiento.<\/p>\n<p><strong>Este Curso Incluye<\/strong><\/p>\n<p>13 Audios para Activar y trabajar tu Dones Espirituales<\/p>\n<p>Manual paso a paso en PDF 300 paginas<\/p>\n<p>Significado de cada carta tanto en el amor, salud, dinero y misticismo de la carta<\/p>\n<p>Tipos de Lecturas canalizadas y personalizadas por mi<\/p>\n<p>Formaci\u00f3n grabada en v\u00eddeo mas de 30 horas<\/p>\n<p>Clases particulares<\/p>\n<p>Facilidad para practicas<\/p>\n<p>Titulo Formaci\u00f3n Tarot y Canalizaci\u00f3n<\/p>\n","protected":false},"excerpt":{"rendered":"<p>En este Curso vas a aprender a conectar con tu Dones Espirituales y activarlos para poder dedicarte al mundo del Tarot y de la Canalizaci\u00f3n profesionalmente. Vas a aprender cual es tu poder sanador y el significado de los 78 \u00c1rcanos del Tarot, tanto Menores como Mayores para as\u00ed realizar lecturas y predicciones maravillosas. Gracias por tu compra del Curso de Tarot y Canalizaci\u00f3n Espiritual! Env\u00edame el comprobante de pago con tu nombre y apellidos al n\u00famero +34 681 137 052. En este momento se esta realizando el proceso de la formaci\u00f3n online, por lo que de momento este Curso esta disponible con clases particulares por videollamada, una vez a la semana durante 2 o 3 meses con mas de 30 horas as\u00ed que debes agendar tus clases conmigo. Aprovecha esta oportunidad de aprender el Arte del Tarot y la Canalizaci\u00f3n! Te Espero en mis clases donde aprender\u00e1s much\u00edsimo y comenzaras tu nueva vida como Tarotista!<\/p>\n","protected":false},"featured_media":17,"comment_status":"open","ping_status":"closed","template":"","meta":[],"product_cat":[18],"product_tag":[],"jetpack_sharing_enabled":true,"acf":[],"_links":{"self":[{"href":"https:\/\/bellezaconalma11.com\/index.php\/wp-json\/wp\/v2\/product\/513"}],"collection":[{"href":"https:\/\/bellezaconalma11.com\/index.php\/wp-json\/wp\/v2\/product"}],"about":[{"href":"https:\/\/bellezaconalma11.com\/index.php\/wp-json\/wp\/v2\/types\/product"}],"replies":[{"embeddable":true,"href":"https:\/\/bellezaconalma11.com\/index.php\/wp-json\/wp\/v2\/comments?post=513"}],"wp:featuredmedia":[{"embeddable":true,"href":"https:\/\/bellezaconalma11.com\/index.php\/wp-json\/wp\/v2\/media\/17"}],"wp:attachment":[{"href":"https:\/\/bellezaconalma11.com\/index.php\/wp-json\/wp\/v2\/media?parent=513"}],"wp:term":[{"taxonomy":"product_cat","embeddable":true,"href":"https:\/\/bellezaconalma11.com\/index.php\/wp-json\/wp\/v2\/product_cat?post=513"},{"taxonomy":"product_tag","embeddable":true,"href":"https:\/\/bellezaconalma11.com\/index.php\/wp-json\/wp\/v2\/product_tag?post=513"}],"curies":[{"name":"wp","href":"https:\/\/api.w.org\/{rel}","templated":true}]}}