{"id":442,"date":"2024-06-21T11:35:45","date_gmt":"2024-06-21T09:35:45","guid":{"rendered":"https:\/\/bellezaconalma11.com\/?post_type=product&#038;p=442"},"modified":"2025-04-03T23:17:28","modified_gmt":"2025-04-03T21:17:28","slug":"programa-11-meditaciones-sanacion-nino-interior","status":"publish","type":"product","link":"https:\/\/bellezaconalma11.com\/index.php\/producto\/programa-11-meditaciones-sanacion-nino-interior\/","title":{"rendered":"Programa Sanaci\u00f3n Ni\u00f1o Interior Paquete Completo"},"content":{"rendered":"<p>En este programa de 11 Meditaciones Sanacion Ni\u00f1o Interior conseguir\u00e1s conectar con tu ni\u00f1o interior y recuperar la alegr\u00eda y magia de la vida, que quiz\u00e1s hab\u00edas perdido. Este programa cambiar\u00e1 tu vida, te ayudar\u00e1 a disfrutar mas de la vida como si de un ni\u00f1o se tratase! Soy Compositora Espiritual y Cantante Intuitiva como te explico en el <a href=\"https:\/\/bellezaconalma11.com\/\">inicio<\/a> de esta pagina, y uno de mis prop\u00f3sitos es sanar con mi voz, y por eso he creado este potente programa de 11 Meditaciones entre otros con un ba\u00f1o de sonido incre\u00edble compuesto por mi, para ayudarte a sanar a tu ni\u00f1o interior. Tener a nuestro ni\u00f1o interior siempre presente, sanado, cuidado, y hacerle disfrutar es esencial para ser felices, ya que nunca se deja de ser un ni\u00f1o! Hace mucho tiempo sent\u00eda que no tenia energ\u00eda, siempre estaba cansada, tenia bloqueos constantes que me imped\u00edan ser feliz, conectar con mi ni\u00f1a interior a trav\u00e9s de la Meditaci\u00f3n cambi\u00f3 mi vida, y ahora quiero ayudarte a cambiar la tuya. Me he vuelto una experta en el arte de la Meditaci\u00f3n y la Hipnosis, ya que ame esta t\u00e9cnica desde que la conoc\u00ed, y esta en mi prop\u00f3sito de vida. Este Programa Sanador se adapta a cada persona, vas a sanar esas heridas emocionales que tanto te estancan, desde el vientre materno, ni\u00f1o interior, adolescencia, para as\u00ed limpiar, transmutar emociones negativas y reforzar tu campo a\u00farico y tus chakras. Los seres humanos somos energ\u00eda, estamos compuestos por un campo electrom\u00e1gentico, eso significa que somos imanes, atraemos lo que somos, si no hemos sanado heridas del pasado, no hemos perdonado situaciones, o tenemos creencias negativas en el inconsciente, nuestra vida reflejar\u00e1 todas esa situaciones sin sanar a trav\u00e9s de bloqueos, ansiedad, problemas etc. Es importante cuidar nuestra energ\u00eda vital, cuidar nuestra felicidad, ya que la ansiedad y el estr\u00e9s perjudica mucho nuestra energ\u00eda y salud. \u00bfEstas preparado para este camino hacia tu. Ni\u00f1o interior y sanar sus heridas? Tu tienes el poder de sanarte, poni\u00e9ndole valent\u00eda a viaje hacia tus sombras para abrazarlas, y resurgir de tus cenizas como el Ave F\u00e9nix. Estas sesiones ayudan a romper con todo lo negativo que estanca tu felicidad. Si no has meditado nunca no te preocupes, tienes un video explicativo y un Manual donde os a\u00f1ado unos Tips incre\u00edbles, para cuidar y elevar aun mas vuestra energ\u00eda y ser exitosos, pero lo mas importante es conectar con vuestra paz y ni\u00f1o \u00a0interior! Tambi\u00e9n por su puesto os explico el paso a paso de este maravilloso programa!<\/p>\n<p>Que vas a conseguir con este Programa de 11 Meditaciones<\/p>\n<p>Sanar el vientre materno<\/p>\n<p>Sanar a tu ni\u00f1o Interior<\/p>\n<p>Sanar tu adolesencia<\/p>\n<p>Aumentar tu magnetismo personal<\/p>\n<p>Aumentar tu autoestima<\/p>\n<p>Controlar las emociones como la ansiedad, estr\u00e9s etc<\/p>\n<p>Fomentar la seguridad en ti mismo\/a<\/p>\n<p>Autoconocerte mejor<\/p>\n","protected":false},"excerpt":{"rendered":"<p>Gracias por tu compra del Programa Sanaci\u00f3n Ni\u00f1o Interior Paquete Super Completo!! En este Paquete Super Completo, tienes 11 meditaciones m\u00e1gicas compuestas por mi, para comenzar a conectar y sanar a tu ni\u00f1o interior. Conseguir\u00e1s sanar esas partes de ti que te frenan para ser feliz y conectar con tu alegr\u00eda interior. Estas meditaciones sanan bloqueos y limpian energ\u00edas negativas, sentir\u00e1s que te liberas de la negatividad.<\/p>\n","protected":false},"featured_media":932,"comment_status":"open","ping_status":"closed","template":"","meta":[],"product_cat":[18],"product_tag":[],"jetpack_sharing_enabled":true,"acf":[],"_links":{"self":[{"href":"https:\/\/bellezaconalma11.com\/index.php\/wp-json\/wp\/v2\/product\/442"}],"collection":[{"href":"https:\/\/bellezaconalma11.com\/index.php\/wp-json\/wp\/v2\/product"}],"about":[{"href":"https:\/\/bellezaconalma11.com\/index.php\/wp-json\/wp\/v2\/types\/product"}],"replies":[{"embeddable":true,"href":"https:\/\/bellezaconalma11.com\/index.php\/wp-json\/wp\/v2\/comments?post=442"}],"wp:featuredmedia":[{"embeddable":true,"href":"https:\/\/bellezaconalma11.com\/index.php\/wp-json\/wp\/v2\/media\/932"}],"wp:attachment":[{"href":"https:\/\/bellezaconalma11.com\/index.php\/wp-json\/wp\/v2\/media?parent=442"}],"wp:term":[{"taxonomy":"product_cat","embeddable":true,"href":"https:\/\/bellezaconalma11.com\/index.php\/wp-json\/wp\/v2\/product_cat?post=442"},{"taxonomy":"product_tag","embeddable":true,"href":"https:\/\/bellezaconalma11.com\/index.php\/wp-json\/wp\/v2\/product_tag?post=442"}],"curies":[{"name":"wp","href":"https:\/\/api.w.org\/{rel}","templated":true}]}}