{"id":425,"date":"2024-06-20T16:22:25","date_gmt":"2024-06-20T14:22:25","guid":{"rendered":"https:\/\/bellezaconalma11.com\/?post_type=product&#038;p=425"},"modified":"2026-03-07T21:52:41","modified_gmt":"2026-03-07T20:52:41","slug":"lectura-tradicional-tarot-y-oraculos-30-minutos","status":"publish","type":"product","link":"https:\/\/bellezaconalma11.com\/index.php\/producto\/lectura-tradicional-tarot-y-oraculos-30-minutos\/","title":{"rendered":"Lectura Tradicional Tarot y Or\u00e1culos 30 minutos"},"content":{"rendered":"","protected":false},"excerpt":{"rendered":"<p>En esta Lectura puedes preguntar lo que necesites, tendr\u00e1s datos del futuro y respuestas que estabas buscando!Gracias por tu compra de Lectura Tarot Tradicional y Or\u00e1culos 30 minutos! Env\u00edame el comprobante de pago con tu nombre y apellidos por WhatsApp al numero +34 681 137 052\u00a0 para agendar tu Lectura de Tarot Tradicional y Oraculos: Fecha Completa de Nacimiento tuya o de la persona por la que quieres preguntar, el Pais y Ciudad de Nacimiento. Con esta Informaci\u00f3n realizare el Estudio de las energ\u00edas. Te espero en esta m\u00e1gica Lectura donde encontrar\u00e1s respuestas!<\/p>\n","protected":false},"featured_media":1395,"comment_status":"open","ping_status":"closed","template":"","meta":[],"product_brand":[],"product_cat":[18],"product_tag":[],"class_list":{"0":"post-425","1":"product","2":"type-product","3":"status-publish","4":"has-post-thumbnail","6":"product_cat-sin-categorizar","8":"first","9":"instock","10":"taxable","11":"shipping-taxable","12":"purchasable","13":"product-type-simple"},"jetpack_sharing_enabled":true,"acf":[],"_links":{"self":[{"href":"https:\/\/bellezaconalma11.com\/index.php\/wp-json\/wp\/v2\/product\/425","targetHints":{"allow":["GET"]}}],"collection":[{"href":"https:\/\/bellezaconalma11.com\/index.php\/wp-json\/wp\/v2\/product"}],"about":[{"href":"https:\/\/bellezaconalma11.com\/index.php\/wp-json\/wp\/v2\/types\/product"}],"replies":[{"embeddable":true,"href":"https:\/\/bellezaconalma11.com\/index.php\/wp-json\/wp\/v2\/comments?post=425"}],"wp:featuredmedia":[{"embeddable":true,"href":"https:\/\/bellezaconalma11.com\/index.php\/wp-json\/wp\/v2\/media\/1395"}],"wp:attachment":[{"href":"https:\/\/bellezaconalma11.com\/index.php\/wp-json\/wp\/v2\/media?parent=425"}],"wp:term":[{"taxonomy":"product_brand","embeddable":true,"href":"https:\/\/bellezaconalma11.com\/index.php\/wp-json\/wp\/v2\/product_brand?post=425"},{"taxonomy":"product_cat","embeddable":true,"href":"https:\/\/bellezaconalma11.com\/index.php\/wp-json\/wp\/v2\/product_cat?post=425"},{"taxonomy":"product_tag","embeddable":true,"href":"https:\/\/bellezaconalma11.com\/index.php\/wp-json\/wp\/v2\/product_tag?post=425"}],"curies":[{"name":"wp","href":"https:\/\/api.w.org\/{rel}","templated":true}]}}