{"id":400,"date":"2024-06-10T15:04:42","date_gmt":"2024-06-10T13:04:42","guid":{"rendered":"https:\/\/bellezaconalma11.com\/?post_type=product&#038;p=400"},"modified":"2026-03-12T18:14:48","modified_gmt":"2026-03-12T17:14:48","slug":"sinastria-de-pareja-almica","status":"publish","type":"product","link":"https:\/\/bellezaconalma11.com\/index.php\/producto\/sinastria-de-pareja-almica\/","title":{"rendered":"Magica Lectura Sinastria de Pareja Almica"},"content":{"rendered":"","protected":false},"excerpt":{"rendered":"<p>Gracias por tu compra de la M\u00e1gica Lectura Sinastria de Pareja Almica! Env\u00edame el comprobante de pago con tu nombre y apellidos por WhatsApp al numero +34 681 137 052\u00a0 para agendar tu Lectura de Sinastria de Pareja Almica con los siguientes datos: Fecha Completa de Nacimiento tuya o de la persona por la que quieres preguntar, el Pa\u00eds y ciudad de nacimiento. Hora de nacimiento (Si la sabes, si no no pasa nada). Con esta Informaci\u00f3n realizare el Estudio de la Sinastria de Pareja Almica y resolver\u00e9 todas tus dudas. Te espero en esta m\u00e1gica Lectura donde encontrar\u00e1s mucha claridad.<\/p>\n","protected":false},"featured_media":404,"comment_status":"open","ping_status":"closed","template":"","meta":[],"product_cat":[18],"product_tag":[],"jetpack_sharing_enabled":true,"acf":[],"_links":{"self":[{"href":"https:\/\/bellezaconalma11.com\/index.php\/wp-json\/wp\/v2\/product\/400"}],"collection":[{"href":"https:\/\/bellezaconalma11.com\/index.php\/wp-json\/wp\/v2\/product"}],"about":[{"href":"https:\/\/bellezaconalma11.com\/index.php\/wp-json\/wp\/v2\/types\/product"}],"replies":[{"embeddable":true,"href":"https:\/\/bellezaconalma11.com\/index.php\/wp-json\/wp\/v2\/comments?post=400"}],"wp:featuredmedia":[{"embeddable":true,"href":"https:\/\/bellezaconalma11.com\/index.php\/wp-json\/wp\/v2\/media\/404"}],"wp:attachment":[{"href":"https:\/\/bellezaconalma11.com\/index.php\/wp-json\/wp\/v2\/media?parent=400"}],"wp:term":[{"taxonomy":"product_cat","embeddable":true,"href":"https:\/\/bellezaconalma11.com\/index.php\/wp-json\/wp\/v2\/product_cat?post=400"},{"taxonomy":"product_tag","embeddable":true,"href":"https:\/\/bellezaconalma11.com\/index.php\/wp-json\/wp\/v2\/product_tag?post=400"}],"curies":[{"name":"wp","href":"https:\/\/api.w.org\/{rel}","templated":true}]}}