{"id":399,"date":"2024-06-10T15:03:08","date_gmt":"2024-06-10T13:03:08","guid":{"rendered":"https:\/\/bellezaconalma11.com\/?post_type=product&#038;p=399"},"modified":"2024-09-23T15:46:20","modified_gmt":"2024-09-23T13:46:20","slug":"sinastria-de-pareja-karmika","status":"publish","type":"product","link":"https:\/\/bellezaconalma11.com\/index.php\/producto\/sinastria-de-pareja-karmika\/","title":{"rendered":"Magica Lectura Sinastria de Pareja Karmika"},"content":{"rendered":"<p>En esta m\u00e1gica Lectura vas a tener las claves, los datos precisos de esa situaci\u00f3n que te preocupa, va mas all\u00e1 de una Lectura Super Completa, hablamos de sesiones y Lecturas que van a mover energ\u00edas en tu vida, abriendo el camino a trav\u00e9s de claves, herramientass, datos e informacion muy valiosa que lo puede cambiar todo. En esta lectura combino tambi\u00e9n mi canalizacion, videncia ademas de una programa especial astrologico, y sobretodo conecto con frecuencias angelicales altas, para darte la solucion a muchos problemas. La Lectura Sinastria de Pareja Karmika se combina con la Carta Astral Karmika, y accedo a informes de vidas pasadas, datos precisos que estan bloqueando tu vida. Te doy herramientas que elevan tu frecuencia y limpian tus energias. Recuerda que si tienes muchas energias negativas que te estancan a varios niveles necesitaras entonces mis programas Karmiko, Almico y muchos mas para sanarte y alcanar el siguiente nivel, tienes toda la infomaci\u00f3n en esta pagina web.<\/p>\n<p>&nbsp;<\/p>\n","protected":false},"excerpt":{"rendered":"<p>Gracias por tu compra de la M\u00e1gica Lectura Sinastria de Pareja Karmika! Env\u00edame el comprobante de pago con tu nombre y apellidos por WhatsApp al numero +34 681 137 052\u00a0 para agendar tu Lectura de Sinastria de Pareja Karmika con los siguientes datos: Fecha Completa de Nacimiento tuya o de la persona por la que quieres preguntar, el Pa\u00eds y ciudad de nacimiento. Hora de nacimiento (Si la sabes, si no no pasa nada). Con esta Informaci\u00f3n realizare el Estudio de la Sinastria de Pareja Karmika y resolver\u00e9 todas tus dudas. Te espero en esta m\u00e1gica Lectura donde encontrar\u00e1s mucha claridad.<\/p>\n","protected":false},"featured_media":402,"comment_status":"open","ping_status":"closed","template":"","meta":[],"product_cat":[18],"product_tag":[],"jetpack_sharing_enabled":true,"acf":[],"_links":{"self":[{"href":"https:\/\/bellezaconalma11.com\/index.php\/wp-json\/wp\/v2\/product\/399"}],"collection":[{"href":"https:\/\/bellezaconalma11.com\/index.php\/wp-json\/wp\/v2\/product"}],"about":[{"href":"https:\/\/bellezaconalma11.com\/index.php\/wp-json\/wp\/v2\/types\/product"}],"replies":[{"embeddable":true,"href":"https:\/\/bellezaconalma11.com\/index.php\/wp-json\/wp\/v2\/comments?post=399"}],"wp:featuredmedia":[{"embeddable":true,"href":"https:\/\/bellezaconalma11.com\/index.php\/wp-json\/wp\/v2\/media\/402"}],"wp:attachment":[{"href":"https:\/\/bellezaconalma11.com\/index.php\/wp-json\/wp\/v2\/media?parent=399"}],"wp:term":[{"taxonomy":"product_cat","embeddable":true,"href":"https:\/\/bellezaconalma11.com\/index.php\/wp-json\/wp\/v2\/product_cat?post=399"},{"taxonomy":"product_tag","embeddable":true,"href":"https:\/\/bellezaconalma11.com\/index.php\/wp-json\/wp\/v2\/product_tag?post=399"}],"curies":[{"name":"wp","href":"https:\/\/api.w.org\/{rel}","templated":true}]}}