{"id":383,"date":"2024-05-05T18:37:10","date_gmt":"2024-05-05T16:37:10","guid":{"rendered":"https:\/\/bellezaconalma11.com\/?post_type=product&#038;p=383"},"modified":"2026-03-05T21:01:42","modified_gmt":"2026-03-05T20:01:42","slug":"lectura-sinastria-de-pareja-40-minutos","status":"publish","type":"product","link":"https:\/\/bellezaconalma11.com\/index.php\/producto\/lectura-sinastria-de-pareja-40-minutos\/","title":{"rendered":"Lectura V\u00ednculos Amorosos Estudio Sinastria de Pareja + Consulta de 45 minutos"},"content":{"rendered":"<p>En esta lectura combino el Tarot con la Astrolog\u00eda y resolver\u00e9 dudas mas complejas que tengas, ya que es una lectura completa de 45 minutos para esa situaci\u00f3n que te preocupa. La Sinastria de Pareja es una herramienta muy antigua donde se unen dos Cartas Astrales, con el fin de ver la compatibilidad, futuro, sentimientos, de dos personas en conjunto, a diferencia de la Lectura Carta Astral que se centra mas en una persona en individual. En este caso al ser Completa podr\u00e1s pedir mas infomaci\u00f3n que en la Sencilla.\u00a0 En esta lectura tambi\u00e9n combino mi canalizacion, videncia ademas tener un programa especial astrol\u00f3gico. Recuerda que si tienes un bloqueo mas grande es mejor otro tipo de lecturas con mas tiempo, o incluso mas profundas, como la Karmika, Almica o Cuantica Rom\u00e1ntica, ya que esas Lecturas combinan Carta Astral y Sinastria de Pareja y otras herramientas que abren caminos. Si sientes que hay algo mas fuerte y negativo que estanca tu vida, entonces tienes mis programas Karmiko, Almico y muchos mas para sanarte y alcanzar el siguiente nivel, tienes toda la informaci\u00f3n en esta pagina web.<\/p>\n","protected":false},"excerpt":{"rendered":"<p>En esta Lectura de Sinastria de Pareja tendr\u00e1s datos muy espec\u00edficos acerca de una persona y relaci\u00f3n amorosa que te preocupa ya que la Astrolog\u00eda y el Tarot en combinaci\u00f3n son muy potentes!! Gracias por tu compra de Lectura Sinastria de Pareja Completa 45 minutos! Env\u00edame el comprobante de pago con tu nombre y apellidos por WhatsApp al numero +34 681 137 052\u00a0 para agendar tu Lectura de Sinastria de Pareja Completa\u00a0con los siguientes datos: Fecha Completa de Nacimiento tuya y de la persona con la que quieres hacer la Sinastria de Pareja, Pa\u00eds y ciudad de nacimiento de cada uno. Con esta Informaci\u00f3n realizare el Estudio de la Sinastria de Pareja y resolver\u00e9 todas tus dudas. Te espero en esta m\u00e1gica Lectura donde encontrar\u00e1s mucha claridad.<\/p>\n","protected":false},"featured_media":1356,"comment_status":"open","ping_status":"closed","template":"","meta":[],"product_brand":[],"product_cat":[18],"product_tag":[],"class_list":{"0":"post-383","1":"product","2":"type-product","3":"status-publish","4":"has-post-thumbnail","6":"product_cat-sin-categorizar","8":"first","9":"instock","10":"taxable","11":"shipping-taxable","12":"purchasable","13":"product-type-simple"},"jetpack_sharing_enabled":true,"acf":[],"_links":{"self":[{"href":"https:\/\/bellezaconalma11.com\/index.php\/wp-json\/wp\/v2\/product\/383","targetHints":{"allow":["GET"]}}],"collection":[{"href":"https:\/\/bellezaconalma11.com\/index.php\/wp-json\/wp\/v2\/product"}],"about":[{"href":"https:\/\/bellezaconalma11.com\/index.php\/wp-json\/wp\/v2\/types\/product"}],"replies":[{"embeddable":true,"href":"https:\/\/bellezaconalma11.com\/index.php\/wp-json\/wp\/v2\/comments?post=383"}],"wp:featuredmedia":[{"embeddable":true,"href":"https:\/\/bellezaconalma11.com\/index.php\/wp-json\/wp\/v2\/media\/1356"}],"wp:attachment":[{"href":"https:\/\/bellezaconalma11.com\/index.php\/wp-json\/wp\/v2\/media?parent=383"}],"wp:term":[{"taxonomy":"product_brand","embeddable":true,"href":"https:\/\/bellezaconalma11.com\/index.php\/wp-json\/wp\/v2\/product_brand?post=383"},{"taxonomy":"product_cat","embeddable":true,"href":"https:\/\/bellezaconalma11.com\/index.php\/wp-json\/wp\/v2\/product_cat?post=383"},{"taxonomy":"product_tag","embeddable":true,"href":"https:\/\/bellezaconalma11.com\/index.php\/wp-json\/wp\/v2\/product_tag?post=383"}],"curies":[{"name":"wp","href":"https:\/\/api.w.org\/{rel}","templated":true}]}}