{"id":382,"date":"2024-05-05T18:35:41","date_gmt":"2024-05-05T16:35:41","guid":{"rendered":"https:\/\/bellezaconalma11.com\/?post_type=product&#038;p=382"},"modified":"2026-03-05T21:03:58","modified_gmt":"2026-03-05T20:03:58","slug":"lectura-sinastria-de-pareja-30-minutos","status":"publish","type":"product","link":"https:\/\/bellezaconalma11.com\/index.php\/producto\/lectura-sinastria-de-pareja-30-minutos\/","title":{"rendered":"Lectura V\u00ednculos Amorosos Estudio Sinastria de Pareja + Consulta de 30 minutos"},"content":{"rendered":"<p>En esta lectura combino el Tarot con la Astrolog\u00eda y resolver\u00e9 dudas sencillas que tengas, ya que es una lectura r\u00e1pida y sencilla de 30 minutos para situaciones que no son muy complejas, pero que te est\u00e1n preocupando y obtendr\u00e1s datos espec\u00edficos. La Sinastria de Pareja es una herramienta muy antigua donde se unen dos Cartas Astrales, con el fin de ver la compatibilidad, futuro, sentimientos, de dos personas en conjunto, a diferencia de la Lectura Carta Astral que se centra mas en una persona en individual. En esta lectura tambi\u00e9n la combino mi canalizaci\u00f3n, videncia adem\u00e1s de tener un programa especial Astr\u00f3logico. Recuerda que si tienes un bloqueo mas grande es mejor otro tipo de lecturas con mas tiempo, o incluso mas profundas y especiales, como la Lectura Karmika, Almica o Cuantica Rom\u00e1ntica, ya que esas Lecturas combinan Carta Astral y Sinastria de Pareja y otras herramientas que abren caminos. Si sientes que hay algo mas fuerte y negativo que estanca tu vida, entonces tienes mis programas Karmiko, Almico y muchos mas para sanarte y alcanzar el siguiente nivel, tienes toda la informaci\u00f3n en esta pagina web.<\/p>\n<p>&nbsp;<\/p>\n<p>&nbsp;<\/p>\n","protected":false},"excerpt":{"rendered":"<p>En esta Lectura de Sinastria de Pareja tendr\u00e1s datos muy espec\u00edficos acerca de una persona y relaci\u00f3n amorosa que te preocupa ya que la Astrolog\u00eda y el Tarot en combinaci\u00f3n son muy potentes!! Gracias por tu compra de Lectura Sinastria de Pareja 30 minutos! Env\u00edame el comprobante de pago con tu nombre y apellidos por WhatsApp al numero +34 681 137 052\u00a0 para agendar tu Lectura de Sinastria de Pareja Sencilla con los siguientes datos: Fecha Completa de Nacimiento tuya, y de la persona con la que quieres hacer la Sinastria de Pareja, Pa\u00eds y ciudad de nacimiento de cada uno. Con esta Informaci\u00f3n realizare el Estudio de la Sinastria de Pareja y resolver\u00e9 todas tus dudas. Te espero en esta m\u00e1gica Lectura donde encontrar\u00e1s mucha claridad.<\/p>\n","protected":false},"featured_media":1356,"comment_status":"open","ping_status":"closed","template":"","meta":[],"product_cat":[18],"product_tag":[],"jetpack_sharing_enabled":true,"acf":[],"_links":{"self":[{"href":"https:\/\/bellezaconalma11.com\/index.php\/wp-json\/wp\/v2\/product\/382"}],"collection":[{"href":"https:\/\/bellezaconalma11.com\/index.php\/wp-json\/wp\/v2\/product"}],"about":[{"href":"https:\/\/bellezaconalma11.com\/index.php\/wp-json\/wp\/v2\/types\/product"}],"replies":[{"embeddable":true,"href":"https:\/\/bellezaconalma11.com\/index.php\/wp-json\/wp\/v2\/comments?post=382"}],"wp:featuredmedia":[{"embeddable":true,"href":"https:\/\/bellezaconalma11.com\/index.php\/wp-json\/wp\/v2\/media\/1356"}],"wp:attachment":[{"href":"https:\/\/bellezaconalma11.com\/index.php\/wp-json\/wp\/v2\/media?parent=382"}],"wp:term":[{"taxonomy":"product_cat","embeddable":true,"href":"https:\/\/bellezaconalma11.com\/index.php\/wp-json\/wp\/v2\/product_cat?post=382"},{"taxonomy":"product_tag","embeddable":true,"href":"https:\/\/bellezaconalma11.com\/index.php\/wp-json\/wp\/v2\/product_tag?post=382"}],"curies":[{"name":"wp","href":"https:\/\/api.w.org\/{rel}","templated":true}]}}