{"id":370,"date":"2024-05-05T18:11:04","date_gmt":"2024-05-05T16:11:04","guid":{"rendered":"https:\/\/bellezaconalma11.com\/?post_type=product&#038;p=370"},"modified":"2025-10-14T16:22:19","modified_gmt":"2025-10-14T14:22:19","slug":"manifestacion-atraer-dinero","status":"publish","type":"product","link":"https:\/\/bellezaconalma11.com\/index.php\/producto\/manifestacion-atraer-dinero\/","title":{"rendered":"Manifestaci\u00f3n Cu\u00e1ntica Atraer Dinero Paquete Super Completo"},"content":{"rendered":"<p>\u00bfSientes que tu econom\u00eda esta estancada? \u00bfTe cuesta llegar a fin de mes?\u00bfTienes deudas y bloqueos en lo econ\u00f3mico? \u00bfQuieres tener mas dinero?\u00bfTe gustar\u00eda ser tu propio jefe o tener un mejor puesto de trabajo? Soy Estefania experta en manifestaci\u00f3n y ley de atracci\u00f3n, hace a\u00f1os cambi\u00e9 mi vida econ\u00f3mica por completo, manifest\u00e9 atraer dinero y quiero explicarte como debes hacerlo. Es cierto que el dinero no lo es todo en la vida, y muchas personas se creen que querer vivir bien es de ser materialista y de ser poco espiritual, y nada mas lejos de la realidad. El dinero es energ\u00eda, es libertad, es felicidad, es ayuda, es tranquilidad, es amor y se puede atraer de una forma incre\u00edble. Para atraer dinero \u00a0hay que hacer un gran trabajo, desde liberarnos de creencias licitantes, liberarnos de la mala relaci\u00f3n con el dinero, de miedos, de comportamientos que ten\u00edan nuestros padres con el dinero, y muchas cosas mas, quiz\u00e1s esto ya te lo han contando, pero en este programa iras mas all\u00e1. Este programa a cambiado la vida de millones de personas y tu quieres ser la pr\u00f3xima?<\/p>\n<p><strong>En este programa conseguir\u00e1s<\/strong><\/p>\n<p>Atraer dinero<\/p>\n<p>Saber el secreto de ser una persona abundante<\/p>\n<p>Mejorar tu situaci\u00f3n laboral<\/p>\n<p>Sanar la relaci\u00f3n con el dinero<\/p>\n<p>Manifestar un vida mejor<\/p>\n<p><strong>Este Programa incluye<\/strong><\/p>\n<p>5 Sesiones de Coaching de Manifestaci\u00f3n<\/p>\n<p>1 Audio Explicativo del Programa<\/p>\n<p>6 Meditaciones Potentes Programadas con la frecuencia de la abundancia<\/p>\n<p>1 Audio de Afirmaciones para atraer Dinero<\/p>\n<p>Manual paso a paso PDF de Manifestaci\u00f3n<\/p>\n<p>Seguimiento personalizado<\/p>\n<p>&nbsp;<\/p>\n","protected":false},"excerpt":{"rendered":"<ol>\n<li>En este programa conseguir\u00e1s mejorar tu econom\u00eda, atraer dinero, sanar tu relaci\u00f3n con el dinero, manifestar ese \u00e9xito que deseas y tanto mereces! Liberarte de deudas y de bloqueos en el dinero! No esperes mas! Gracias por tu compra del Programa Manifestaci\u00f3n Cu\u00e1ntica Atrae Dinero Paquete Super Completo. Env\u00edame el comprobante de pago con tu nombre y apellidos por WhatsApp al numero +34 681 137 052\u00a0 para agendar tus Sesiones de Coaching de Manifestaci\u00f3n. Escr\u00edbeme por mensaje con los siguientes datos; Fecha Completa de Nacimiento tuya, y si tambi\u00e9n preguntas por alguien, el Pa\u00eds y ciudad de nacimiento. Hora de nacimiento (Si la sabes, si no no pasa nada). Con esta Informaci\u00f3n realizare el Estudio de las Sesiones de Coaching de Manifestaci\u00f3n. Te espero en este camino hacia tu abundancia y manifestar ese \u00e9xito y dinero que tanto mereces!<\/li>\n<\/ol>\n","protected":false},"featured_media":1213,"comment_status":"open","ping_status":"closed","template":"","meta":[],"product_cat":[18],"product_tag":[],"jetpack_sharing_enabled":true,"acf":[],"_links":{"self":[{"href":"https:\/\/bellezaconalma11.com\/index.php\/wp-json\/wp\/v2\/product\/370"}],"collection":[{"href":"https:\/\/bellezaconalma11.com\/index.php\/wp-json\/wp\/v2\/product"}],"about":[{"href":"https:\/\/bellezaconalma11.com\/index.php\/wp-json\/wp\/v2\/types\/product"}],"replies":[{"embeddable":true,"href":"https:\/\/bellezaconalma11.com\/index.php\/wp-json\/wp\/v2\/comments?post=370"}],"wp:featuredmedia":[{"embeddable":true,"href":"https:\/\/bellezaconalma11.com\/index.php\/wp-json\/wp\/v2\/media\/1213"}],"wp:attachment":[{"href":"https:\/\/bellezaconalma11.com\/index.php\/wp-json\/wp\/v2\/media?parent=370"}],"wp:term":[{"taxonomy":"product_cat","embeddable":true,"href":"https:\/\/bellezaconalma11.com\/index.php\/wp-json\/wp\/v2\/product_cat?post=370"},{"taxonomy":"product_tag","embeddable":true,"href":"https:\/\/bellezaconalma11.com\/index.php\/wp-json\/wp\/v2\/product_tag?post=370"}],"curies":[{"name":"wp","href":"https:\/\/api.w.org\/{rel}","templated":true}]}}