{"id":356,"date":"2024-05-05T17:03:55","date_gmt":"2024-05-05T15:03:55","guid":{"rendered":"https:\/\/bellezaconalma11.com\/?post_type=product&#038;p=356"},"modified":"2026-04-01T19:39:22","modified_gmt":"2026-04-01T17:39:22","slug":"programa-sanacion-almica-solo-audios","status":"publish","type":"product","link":"https:\/\/bellezaconalma11.com\/index.php\/producto\/programa-sanacion-almica-solo-audios\/","title":{"rendered":"Programa Inicial de Sanaci\u00f3n Almica"},"content":{"rendered":"<p>\u00bfSientes un bloqueo en el amor?\u00bfSientes que tienes la autoestima baja?\u00bfSientes dificultades para encontrar una pareja sana?\u00bfQuieres sanar el vinculo con tu alma gemela que ya conoces?\u00bfQuieres atraer a tu alma gemela que aun no conoces?\u00bfDeseas de corazon ser feliz en amor? Entonces este programa es para ti. El Programa de Sanacion Almica es un programa donde conectas profundamente con tu alma, la sanaras, la elevaras y aumentar\u00e1s tu amor propio. Es un programa muy profundo que te llega hasta lo mas hondo de tu alma, y desde ese amor propio puedes atraer a tu alma gemela, o sanar un vinculo amoroso que te preocupa. Realizando este programa paso a paso podr\u00e1s atraer esa vida amorosa rom\u00e1ntica que tanto deseas!<\/p>\n<p>Este paquete Sencillo contiene;<\/p>\n<p>Audio explicativos paso a paso<\/p>\n<p>6 Meditaciones programadas de Sanacion Almica<\/p>\n<p>Manual PDF donde se explica paso a paso como realizar el programa, que es el alma, como elevarla y encontrar el amor o sanar vinculos<\/p>\n<p>Herramientas de Sanacion Almica<\/p>\n","protected":false},"excerpt":{"rendered":"<p><img loading=\"lazy\" decoding=\"async\" class=\"alignnone size-medium wp-image-1173\" src=\"http:\/\/bellezaconalma11.com\/wp-content\/uploads\/2025\/04\/webResult-58-e1745580119760-300x268.jpeg\" alt=\"\" width=\"300\" height=\"268\" srcset=\"https:\/\/bellezaconalma11.com\/wp-content\/uploads\/2025\/04\/webResult-58-e1745580119760-300x268.jpeg 300w, https:\/\/bellezaconalma11.com\/wp-content\/uploads\/2025\/04\/webResult-58-e1745580119760-768x686.jpeg 768w, https:\/\/bellezaconalma11.com\/wp-content\/uploads\/2025\/04\/webResult-58-e1745580119760-600x536.jpeg 600w, https:\/\/bellezaconalma11.com\/wp-content\/uploads\/2025\/04\/webResult-58-e1745580119760.jpeg 873w\" sizes=\"(max-width: 300px) 100vw, 300px\" \/><img loading=\"lazy\" decoding=\"async\" class=\"alignnone size-medium wp-image-361\" src=\"http:\/\/bellezaconalma11.com\/wp-content\/uploads\/2024\/05\/thumbnail_IMG_8655-300x300.jpg\" alt=\"\" width=\"300\" height=\"300\" srcset=\"https:\/\/bellezaconalma11.com\/wp-content\/uploads\/2024\/05\/thumbnail_IMG_8655-300x300.jpg 300w, https:\/\/bellezaconalma11.com\/wp-content\/uploads\/2024\/05\/thumbnail_IMG_8655-150x150.jpg 150w, https:\/\/bellezaconalma11.com\/wp-content\/uploads\/2024\/05\/thumbnail_IMG_8655-768x768.jpg 768w, https:\/\/bellezaconalma11.com\/wp-content\/uploads\/2024\/05\/thumbnail_IMG_8655-75x75.jpg 75w, https:\/\/bellezaconalma11.com\/wp-content\/uploads\/2024\/05\/thumbnail_IMG_8655-600x600.jpg 600w, https:\/\/bellezaconalma11.com\/wp-content\/uploads\/2024\/05\/thumbnail_IMG_8655-100x100.jpg 100w, https:\/\/bellezaconalma11.com\/wp-content\/uploads\/2024\/05\/thumbnail_IMG_8655.jpg 1024w\" sizes=\"(max-width: 300px) 100vw, 300px\" \/>En este programa Sanaci\u00f3n Almica Paquete Sencillo vas conectar y sanar el vinculo con tu Alma Gemela, para as\u00ed atraerla a tu vida, tanto si la conoces como si no. Este programa va a sanar tu alma, para que puedas ser feliz en el amor, y puedas tener una relaci\u00f3n sana. Gracias por tu compra del Programa\u00a0 Sanacion Almica Paquete Sencillo. Env\u00edame el comprobante de pago con tu nombre y apellidos por WhatsApp al numero +34 681 137 052. Recuerda que este Paquete es el Sencillo y no incluye sesiones con Carta Astral ni Sinastria de Pareja Almica, si deseas que contenga estas sesiones adquiere entonces el Paquete Medio o el S\u00faper Completo que tienes en esta pagina. Tambi\u00e9n puedes a\u00f1adir la diferencia del paquete si ya abonaste este inform\u00e1ndome que quieres cambiarlo!<\/p>\n","protected":false},"featured_media":1355,"comment_status":"open","ping_status":"closed","template":"","meta":[],"product_cat":[18],"product_tag":[],"jetpack_sharing_enabled":true,"acf":[],"_links":{"self":[{"href":"https:\/\/bellezaconalma11.com\/index.php\/wp-json\/wp\/v2\/product\/356"}],"collection":[{"href":"https:\/\/bellezaconalma11.com\/index.php\/wp-json\/wp\/v2\/product"}],"about":[{"href":"https:\/\/bellezaconalma11.com\/index.php\/wp-json\/wp\/v2\/types\/product"}],"replies":[{"embeddable":true,"href":"https:\/\/bellezaconalma11.com\/index.php\/wp-json\/wp\/v2\/comments?post=356"}],"wp:featuredmedia":[{"embeddable":true,"href":"https:\/\/bellezaconalma11.com\/index.php\/wp-json\/wp\/v2\/media\/1355"}],"wp:attachment":[{"href":"https:\/\/bellezaconalma11.com\/index.php\/wp-json\/wp\/v2\/media?parent=356"}],"wp:term":[{"taxonomy":"product_cat","embeddable":true,"href":"https:\/\/bellezaconalma11.com\/index.php\/wp-json\/wp\/v2\/product_cat?post=356"},{"taxonomy":"product_tag","embeddable":true,"href":"https:\/\/bellezaconalma11.com\/index.php\/wp-json\/wp\/v2\/product_tag?post=356"}],"curies":[{"name":"wp","href":"https:\/\/api.w.org\/{rel}","templated":true}]}}