{"id":282,"date":"2024-03-10T19:54:16","date_gmt":"2024-03-10T18:54:16","guid":{"rendered":"https:\/\/bellezaconalma11.com\/?post_type=product&#038;p=282"},"modified":"2026-03-05T20:34:13","modified_gmt":"2026-03-05T19:34:13","slug":"paquete-super-completo-almico","status":"publish","type":"product","link":"https:\/\/bellezaconalma11.com\/index.php\/producto\/paquete-super-completo-almico\/","title":{"rendered":"Programa Transformador de Sanaci\u00f3n Almica"},"content":{"rendered":"<p>\u00bfSientes un bloqueo en el amor?\u00bfSientes que tienes la autoestima baja?\u00bfSientes dificultades para encontrar una pareja sana?\u00bfQuieres sanar el vinculo con tu alma gemela que ya conoces?\u00bfQuieres atraer a tu alma gemela que aun no conoces?\u00bfDeseas de corazon ser feliz en amor? Entonces este programa es para ti. El Programa de Sanaci\u00f3n Almica es un programa donde conectas profundamente con tu alma, la sanaras, la elevaras y aumentar\u00e1s tu amor propio. Es un programa muy profundo que te llega hasta lo mas hondo de tu alma, y desde ese amor propio puedes atraer a tu alma gemela, o sanar un vinculo amoroso que te preocupa. Realizando este programa paso a paso podr\u00e1s atraer esa vida amorosa rom\u00e1ntica que tanto deseas!<\/p>\n<p>Este paquete Super Completo contiene;<\/p>\n<p>6 Meditaciones programadas de Sanacion Almica<\/p>\n<p>2 Afirmaciones sanadoras<\/p>\n<p>1 Audio Especial Explicativo<\/p>\n<p>1 Melod\u00eda adicional m\u00e1gica para sanar las relaciones<\/p>\n<p>4 Sesiones de Coaching y Astrolog\u00eda Almica con Sinastria de Pareja Almica Romantica<\/p>\n<p>Sesiones Manifestacion amor personalizadas<\/p>\n<p>Manual PDF donde se explica paso a paso como hacer el programa, que es el alma, como elevarla y encontrar el amor o sanar vinculos<\/p>\n<p>Ejercicios Magicos Adicionales<\/p>\n<p>Canalizaci\u00f3n especial de tu alma y alma gemela<\/p>\n<p>Seguimiento semanal hasta finalizar el programa<\/p>\n<p>Asistencia por whats up<\/p>\n","protected":false},"excerpt":{"rendered":"<p><img loading=\"lazy\" decoding=\"async\" class=\"alignnone size-medium wp-image-1173\" src=\"http:\/\/bellezaconalma11.com\/wp-content\/uploads\/2025\/04\/webResult-58-e1745580119760-300x268.jpeg\" alt=\"\" width=\"300\" height=\"268\" srcset=\"https:\/\/bellezaconalma11.com\/wp-content\/uploads\/2025\/04\/webResult-58-e1745580119760-300x268.jpeg 300w, https:\/\/bellezaconalma11.com\/wp-content\/uploads\/2025\/04\/webResult-58-e1745580119760-768x686.jpeg 768w, https:\/\/bellezaconalma11.com\/wp-content\/uploads\/2025\/04\/webResult-58-e1745580119760-600x536.jpeg 600w, https:\/\/bellezaconalma11.com\/wp-content\/uploads\/2025\/04\/webResult-58-e1745580119760.jpeg 873w\" sizes=\"(max-width: 300px) 100vw, 300px\" \/><img loading=\"lazy\" decoding=\"async\" class=\"alignnone size-medium wp-image-361\" src=\"http:\/\/bellezaconalma11.com\/wp-content\/uploads\/2024\/05\/thumbnail_IMG_8655-300x300.jpg\" alt=\"\" width=\"300\" height=\"300\" srcset=\"https:\/\/bellezaconalma11.com\/wp-content\/uploads\/2024\/05\/thumbnail_IMG_8655-300x300.jpg 300w, https:\/\/bellezaconalma11.com\/wp-content\/uploads\/2024\/05\/thumbnail_IMG_8655-150x150.jpg 150w, https:\/\/bellezaconalma11.com\/wp-content\/uploads\/2024\/05\/thumbnail_IMG_8655-768x768.jpg 768w, https:\/\/bellezaconalma11.com\/wp-content\/uploads\/2024\/05\/thumbnail_IMG_8655-75x75.jpg 75w, https:\/\/bellezaconalma11.com\/wp-content\/uploads\/2024\/05\/thumbnail_IMG_8655-600x600.jpg 600w, https:\/\/bellezaconalma11.com\/wp-content\/uploads\/2024\/05\/thumbnail_IMG_8655-100x100.jpg 100w, https:\/\/bellezaconalma11.com\/wp-content\/uploads\/2024\/05\/thumbnail_IMG_8655.jpg 1024w\" sizes=\"(max-width: 300px) 100vw, 300px\" \/>En este programa Sanaci\u00f3n Almica Paquete Super Completo vas conectar y sanar el vinculo con tu Alma Gemela, para as\u00ed atraerla a tu vida, tanto si la conoces como si no. Este programa va a sanar tu alma, para que puedas ser feliz en el amor, y puedas tener una relaci\u00f3n sana. Gracias por tu compra del Programa Sanacion Almica Paquete Super Completo. Env\u00edame el comprobante de pago con tu nombre y apellidos por WhatsApp al numero +34 681 137 052\u00a0 para agendar tu Sesiones de Coaching Almico, \u00a0Sinastria de Pareja Almica y Carta Astral Almica: Escr\u00edbeme por mensaje la Fecha Completa de Nacimiento tuya, y si preguntas por alguien, y el Pa\u00eds y ciudad de nacimiento de ambos. Hora de nacimiento (Si la sabes, si no no pasa nada). Con esta Informaci\u00f3n realizare el Estudio de las Sesiones Almicas para que puedas sanar tu alma y el v\u00ednculo con tu alma gemela. Te espero en este camino hacia la Sanacion con tu Alma!<\/p>\n","protected":false},"featured_media":1355,"comment_status":"open","ping_status":"closed","template":"","meta":[],"product_cat":[18],"product_tag":[],"jetpack_sharing_enabled":true,"acf":[],"_links":{"self":[{"href":"https:\/\/bellezaconalma11.com\/index.php\/wp-json\/wp\/v2\/product\/282"}],"collection":[{"href":"https:\/\/bellezaconalma11.com\/index.php\/wp-json\/wp\/v2\/product"}],"about":[{"href":"https:\/\/bellezaconalma11.com\/index.php\/wp-json\/wp\/v2\/types\/product"}],"replies":[{"embeddable":true,"href":"https:\/\/bellezaconalma11.com\/index.php\/wp-json\/wp\/v2\/comments?post=282"}],"wp:featuredmedia":[{"embeddable":true,"href":"https:\/\/bellezaconalma11.com\/index.php\/wp-json\/wp\/v2\/media\/1355"}],"wp:attachment":[{"href":"https:\/\/bellezaconalma11.com\/index.php\/wp-json\/wp\/v2\/media?parent=282"}],"wp:term":[{"taxonomy":"product_cat","embeddable":true,"href":"https:\/\/bellezaconalma11.com\/index.php\/wp-json\/wp\/v2\/product_cat?post=282"},{"taxonomy":"product_tag","embeddable":true,"href":"https:\/\/bellezaconalma11.com\/index.php\/wp-json\/wp\/v2\/product_tag?post=282"}],"curies":[{"name":"wp","href":"https:\/\/api.w.org\/{rel}","templated":true}]}}