{"id":276,"date":"2024-03-10T19:23:25","date_gmt":"2024-03-10T18:23:25","guid":{"rendered":"https:\/\/bellezaconalma11.com\/?post_type=product&#038;p=276"},"modified":"2026-01-28T12:47:05","modified_gmt":"2026-01-28T11:47:05","slug":"paquete-solo-audios","status":"publish","type":"product","link":"https:\/\/bellezaconalma11.com\/index.php\/producto\/paquete-solo-audios\/","title":{"rendered":"Programa Inicial de Limpieza Karmika"},"content":{"rendered":"<p>\u00bfSientes bloqueos constantes en tu vida?\u00bfSientes que repites patrones?\u00bfSientes energ\u00edas negativas?\u00bfTe gustar\u00eda transmutar tu karma? Entonces este programa es para ti. El programa de Sanaci\u00f3n Karmika es un programa donde vas a sanar tu karma tanto de esta vida como de otras vidas, de una forma incre\u00edble, vas a sentir una liberaci\u00f3n para poder avanzar en tu vida. Si sientes que todo se te estanca que la suerte no esta de tu lado, con este programa dejaras atras todo lo negativo que no deja ser tu mejor versi\u00f3n. Todos los seres humanos tienen un aprendizaje karmiko, saber este aprendizaje y activarlo signfica avance, exito y abundancia, en este programa conoceras tu aprendizaje karmiko, lo activaras y transmutaras karma.<\/p>\n<p>Este paquete Sencillo contiene;<\/p>\n<p>6 Meditaciones programadas de Sanacion Karmika<\/p>\n<p>1 Sesi\u00f3n de Coaching Karmiko<\/p>\n<p>1 Audio explicativo paso a paso<\/p>\n<p>Manual PDF donde se explica paso a paso como realizar el programa, que es el Karma y como transmutarlo<\/p>\n<p>Herramientas de Sanacion Karmika<\/p>\n","protected":false},"excerpt":{"rendered":"<p>En este programa Sanaci\u00f3n Karmika Paquete Sencillo vas sanar v\u00ednculos karmikos, lazos karmikos negativos, energ\u00edas negativas de esta u otras vidas. En este programa vas a encontrarte con tu Karma, con tus lecciones karmikas de vida, para deshacerte de la escasez, de la negatividad y de los patrones t\u00f3xicos que puede que est\u00e9n en bucle en tu vida. Gracias por tu compra del Programa Sanacion Karmika Paquete Sencillo. Env\u00edame el comprobante de pago con tu nombre y apellidos por WhatsApp al numero +34 681 137 052. Recuerda que este Paquete es el Sencillo y no incluye sesiones con Carta Astral ni Sinastria de Pareja Karmika, si deseas que contenga estas sesiones adquiere entonces el Paquete Medio o el S\u00faper Completo que tienes en esta pagina. Tambi\u00e9n puedes a\u00f1adir la diferencia del paquete si ya abonaste este inform\u00e1ndome que quieres cambiarlo!<\/p>\n","protected":false},"featured_media":365,"comment_status":"open","ping_status":"closed","template":"","meta":[],"product_cat":[18],"product_tag":[],"jetpack_sharing_enabled":true,"acf":[],"_links":{"self":[{"href":"https:\/\/bellezaconalma11.com\/index.php\/wp-json\/wp\/v2\/product\/276"}],"collection":[{"href":"https:\/\/bellezaconalma11.com\/index.php\/wp-json\/wp\/v2\/product"}],"about":[{"href":"https:\/\/bellezaconalma11.com\/index.php\/wp-json\/wp\/v2\/types\/product"}],"replies":[{"embeddable":true,"href":"https:\/\/bellezaconalma11.com\/index.php\/wp-json\/wp\/v2\/comments?post=276"}],"wp:featuredmedia":[{"embeddable":true,"href":"https:\/\/bellezaconalma11.com\/index.php\/wp-json\/wp\/v2\/media\/365"}],"wp:attachment":[{"href":"https:\/\/bellezaconalma11.com\/index.php\/wp-json\/wp\/v2\/media?parent=276"}],"wp:term":[{"taxonomy":"product_cat","embeddable":true,"href":"https:\/\/bellezaconalma11.com\/index.php\/wp-json\/wp\/v2\/product_cat?post=276"},{"taxonomy":"product_tag","embeddable":true,"href":"https:\/\/bellezaconalma11.com\/index.php\/wp-json\/wp\/v2\/product_tag?post=276"}],"curies":[{"name":"wp","href":"https:\/\/api.w.org\/{rel}","templated":true}]}}