{"id":1281,"date":"2025-10-15T20:20:43","date_gmt":"2025-10-15T18:20:43","guid":{"rendered":"https:\/\/bellezaconalma11.com\/?post_type=product&#038;p=1281"},"modified":"2025-10-15T20:26:45","modified_gmt":"2025-10-15T18:26:45","slug":"pack-meditaciones-magicas-especial-ano-nuevo-2026","status":"publish","type":"product","link":"https:\/\/bellezaconalma11.com\/index.php\/producto\/pack-meditaciones-magicas-especial-ano-nuevo-2026\/","title":{"rendered":"PACK 2 MEDITACIONES M\u00c1GICAS ESPECIAL A\u00d1O NUEVO 2026"},"content":{"rendered":"","protected":false},"excerpt":{"rendered":"<h5>Este Pack incluye dos Meditaciones Guiadas para cerrar el A\u00f1o 2025 \u00a0y dejar atr\u00e1s lo negativo, y otro para abrir el A\u00f1o 2026 con abundancia y prosperidad. Edici\u00f3n Limitada no te lo puedes perder!<\/h5>\n","protected":false},"featured_media":1263,"comment_status":"open","ping_status":"closed","template":"","meta":[],"product_cat":[18],"product_tag":[],"jetpack_sharing_enabled":true,"acf":[],"_links":{"self":[{"href":"https:\/\/bellezaconalma11.com\/index.php\/wp-json\/wp\/v2\/product\/1281"}],"collection":[{"href":"https:\/\/bellezaconalma11.com\/index.php\/wp-json\/wp\/v2\/product"}],"about":[{"href":"https:\/\/bellezaconalma11.com\/index.php\/wp-json\/wp\/v2\/types\/product"}],"replies":[{"embeddable":true,"href":"https:\/\/bellezaconalma11.com\/index.php\/wp-json\/wp\/v2\/comments?post=1281"}],"wp:featuredmedia":[{"embeddable":true,"href":"https:\/\/bellezaconalma11.com\/index.php\/wp-json\/wp\/v2\/media\/1263"}],"wp:attachment":[{"href":"https:\/\/bellezaconalma11.com\/index.php\/wp-json\/wp\/v2\/media?parent=1281"}],"wp:term":[{"taxonomy":"product_cat","embeddable":true,"href":"https:\/\/bellezaconalma11.com\/index.php\/wp-json\/wp\/v2\/product_cat?post=1281"},{"taxonomy":"product_tag","embeddable":true,"href":"https:\/\/bellezaconalma11.com\/index.php\/wp-json\/wp\/v2\/product_tag?post=1281"}],"curies":[{"name":"wp","href":"https:\/\/api.w.org\/{rel}","templated":true}]}}