{"id":1274,"date":"2025-10-15T20:03:36","date_gmt":"2025-10-15T18:03:36","guid":{"rendered":"https:\/\/bellezaconalma11.com\/?post_type=product&#038;p=1274"},"modified":"2025-10-15T20:05:35","modified_gmt":"2025-10-15T18:05:35","slug":"pack-lectura-carta-astral-especial-ano-nuevo-2026-3-audios-magicos","status":"publish","type":"product","link":"https:\/\/bellezaconalma11.com\/index.php\/producto\/pack-lectura-carta-astral-especial-ano-nuevo-2026-3-audios-magicos\/","title":{"rendered":"PACK LECTURA CARTA ASTRAL ESPECIAL A\u00d1O NUEVO 2026 + 3 AUDIOS M\u00c1GICOS"},"content":{"rendered":"","protected":false},"excerpt":{"rendered":"<h5 style=\"text-align: left;\">Maravilloso Pack Edici\u00f3n Limitada Especial Navidad y A\u00f1o Nuevo 2026. Este Pack incluye dos Lectura de Carta Astral 50 min Especial A\u00f1o Nuevo 2026 Mes a Mes. Audio Afirmaciones M\u00e1gicas Para Atraer Amor, Dinero, Salud. Dos Meditaciones Guiadas para cerrar el A\u00f1o 2025 \u00a0y dejar atr\u00e1s lo negativo y otro para abrir el A\u00f1o 2026 con abundancia y prosperidad. Veremos que viene para ti en el Amor, Dinero y Salud en el a\u00f1o Nuevo 2026! Veremos las predicciones Astrol\u00f3gicas de tu Carta Astral para este A\u00f1o Nuevo 2026! No te lo puedes perder!!!<\/h5>\n","protected":false},"featured_media":1249,"comment_status":"open","ping_status":"closed","template":"","meta":[],"product_cat":[18],"product_tag":[],"jetpack_sharing_enabled":true,"acf":[],"_links":{"self":[{"href":"https:\/\/bellezaconalma11.com\/index.php\/wp-json\/wp\/v2\/product\/1274"}],"collection":[{"href":"https:\/\/bellezaconalma11.com\/index.php\/wp-json\/wp\/v2\/product"}],"about":[{"href":"https:\/\/bellezaconalma11.com\/index.php\/wp-json\/wp\/v2\/types\/product"}],"replies":[{"embeddable":true,"href":"https:\/\/bellezaconalma11.com\/index.php\/wp-json\/wp\/v2\/comments?post=1274"}],"wp:featuredmedia":[{"embeddable":true,"href":"https:\/\/bellezaconalma11.com\/index.php\/wp-json\/wp\/v2\/media\/1249"}],"wp:attachment":[{"href":"https:\/\/bellezaconalma11.com\/index.php\/wp-json\/wp\/v2\/media?parent=1274"}],"wp:term":[{"taxonomy":"product_cat","embeddable":true,"href":"https:\/\/bellezaconalma11.com\/index.php\/wp-json\/wp\/v2\/product_cat?post=1274"},{"taxonomy":"product_tag","embeddable":true,"href":"https:\/\/bellezaconalma11.com\/index.php\/wp-json\/wp\/v2\/product_tag?post=1274"}],"curies":[{"name":"wp","href":"https:\/\/api.w.org\/{rel}","templated":true}]}}