{"id":1271,"date":"2025-10-15T19:54:24","date_gmt":"2025-10-15T17:54:24","guid":{"rendered":"https:\/\/bellezaconalma11.com\/?post_type=product&#038;p=1271"},"modified":"2025-10-15T19:58:58","modified_gmt":"2025-10-15T17:58:58","slug":"pack-lectura-carta-astral-especial-ano-nuevo-2026-1-audio-magico","status":"publish","type":"product","link":"https:\/\/bellezaconalma11.com\/index.php\/producto\/pack-lectura-carta-astral-especial-ano-nuevo-2026-1-audio-magico\/","title":{"rendered":"PACK LECTURA CARTA ASTRAL ESPECIAL A\u00d1O NUEVO 2026 + 1 AUDIO M\u00c1GICO"},"content":{"rendered":"","protected":false},"excerpt":{"rendered":"<h5 style=\"text-align: left;\">Maravilloso Pack Edici\u00f3n Limitada Especial Navidad y A\u00f1o Nuevo 2026. Este Pack incluye una Lectura de Carta Astral 45 min Especial A\u00f1o Nuevo 2026 Mes a Mes. Audio Afirmaciones M\u00e1gicas Para Atraer Amor, Salud. Veremos que viene para ti en el Amor, Dinero y Salud en el a\u00f1o Nuevo 2026! Veremos las predicciones Astrol\u00f3gicas de tu Carta Astral para este A\u00f1o Nuevo 2026! No te lo puedes perder!!!<!--more--><\/h5>\n","protected":false},"featured_media":1249,"comment_status":"open","ping_status":"closed","template":"","meta":[],"product_cat":[18],"product_tag":[],"jetpack_sharing_enabled":true,"acf":[],"_links":{"self":[{"href":"https:\/\/bellezaconalma11.com\/index.php\/wp-json\/wp\/v2\/product\/1271"}],"collection":[{"href":"https:\/\/bellezaconalma11.com\/index.php\/wp-json\/wp\/v2\/product"}],"about":[{"href":"https:\/\/bellezaconalma11.com\/index.php\/wp-json\/wp\/v2\/types\/product"}],"replies":[{"embeddable":true,"href":"https:\/\/bellezaconalma11.com\/index.php\/wp-json\/wp\/v2\/comments?post=1271"}],"wp:featuredmedia":[{"embeddable":true,"href":"https:\/\/bellezaconalma11.com\/index.php\/wp-json\/wp\/v2\/media\/1249"}],"wp:attachment":[{"href":"https:\/\/bellezaconalma11.com\/index.php\/wp-json\/wp\/v2\/media?parent=1271"}],"wp:term":[{"taxonomy":"product_cat","embeddable":true,"href":"https:\/\/bellezaconalma11.com\/index.php\/wp-json\/wp\/v2\/product_cat?post=1271"},{"taxonomy":"product_tag","embeddable":true,"href":"https:\/\/bellezaconalma11.com\/index.php\/wp-json\/wp\/v2\/product_tag?post=1271"}],"curies":[{"name":"wp","href":"https:\/\/api.w.org\/{rel}","templated":true}]}}