{"id":91,"date":"2023-11-20T18:02:46","date_gmt":"2023-11-20T17:02:46","guid":{"rendered":"https:\/\/bellezaconalma11.com\/?page_id=91"},"modified":"2025-04-25T15:13:49","modified_gmt":"2025-04-25T13:13:49","slug":"sobre-mi","status":"publish","type":"page","link":"https:\/\/bellezaconalma11.com\/index.php\/sobre-mi\/","title":{"rendered":"Sobre mi"},"content":{"rendered":"\n<figure class=\"wp-block-video\"><video controls src=\"https:\/\/bellezaconalma11.com\/wp-content\/uploads\/2025\/04\/trim.2FF40C4C-A9F0-4180-ACD6-B1261D656327.mov\"><\/video><\/figure>\n\n\n\n<p><\/p>\n\n\n\n<p>Esta es mi historia y si me permites quiero pedirte que la leas atentamente, porque puede que te lleves una gran sorpresa y te sientas reflejado en ella y comiences dar ese salto cu\u00e1ntico como yo hice!. Esta historia comienza desde bien peque\u00f1a, siempre sent\u00ed que no encajaba en este mundo y que era diferente, siempre era fuente de criticas desde ni\u00f1a, de familiares, amigos, compa\u00f1eros de colegio, de hecho sufr\u00eda bulling. Vivir con un bulling constante me hizo crecer obsesionada con las apariencias, viv\u00eda atrapada en la parte superficial de la vida, le daba mucha importancia a mi apariencia f\u00edsica, le daba mucha importancia a lo que las personas dec\u00edan de m\u00ed, por que desde peque\u00f1a eso me hizo sentir rechazada y criticada, y no quer\u00eda sentir nunca mas ese rechazo. Incluso estudie peluquer\u00eda y maquillaje cuando sal\u00ed de la ESO, para aprender los mejores trucos e ir siempre perfecta, y la verdad es que se me daba bien, siempre fui muy artista. El problema es que escog\u00ed esa profesi\u00f3n desde la carencia, sin saber realmente si era lo que quer\u00eda o no, y con 16 a\u00f1os a veces todav\u00eda no estamos seguros de lo que queremos. Cuando comenc\u00e9 a trabajar en ning\u00fan trabajo pod\u00eda estar a gusto ni feliz, cuando parec\u00eda que todo iba bien, algo se derrumbaba, no lo entend\u00eda. En el fondo sent\u00eda que ese no era mi sitio, ya que no era humano tener que sobrevivir en cada puesto de trabajo, porque sufria acoso laboral, criticas y envidias, y tambi\u00e9n mi hipersensiblidad no me ayudaba, ni mi inseguridad ya que todo esto me hacia muy suceptible a las criticas. Como he comentado crec\u00ed obsesionada con mi apariencia, y con &#8216;encajar&#8217;, pero esos miedos al rechazo hacia que las personas pudieran manipularme&nbsp;y hacerme da\u00f1o, y claro lo f\u00e1cil es echarles la culpa a esas personas, pero nosotros les damos el poder a esas personas, no ofende quien quiere si no quien puede. Nosotros somos due\u00f1os de nuestra propia realidad, y como me faltaba seguridad, trabajar mis heridas, autoestima y poner l\u00edmites, eso hacia atraer circunstancias, personas y situaciones conflictivas. Un d\u00eda explote sin darme cuenta, estaba en la peluquer\u00eda hace unos 10 a\u00f1os, peinando a una clienta cuando me dio un ataque de p\u00e1nico por primera vez, nunca lo olvidar\u00e9, sent\u00eda que me iba a morir, lo pase muy mal y all\u00ed comenc\u00e9 a preguntarme que quer\u00eda en la vida, ya que mi cuerpo me estaba advirtiendo y hablando. En ese momento no sabia por que me hab\u00eda dado ese ataque de p\u00e1nico, pero es que viv\u00eda relaciones de pareja, de amistad muy tormentosas, viv\u00eda en una vida donde no era feliz, mi trabajo no me hac\u00eda feliz, pero yo eso lo hab\u00eda normalizado, o quiz\u00e1s quer\u00eda autoenga\u00f1arme. Esos ataques de ansiedad y p\u00e1nico cada vez aumentaban mas, no sab\u00eda c\u00f3mo salir de all\u00ed. En medio de ese caos y ataques p\u00e1nico y ansiedad, mi padre falleci\u00f3 de un ataque al coraz\u00f3n, y fue muy tr\u00e1umatico de un d\u00eda para el otro que ya no estuviera, entonces tuve un despertar Espiritual muy fuerte, aquello hizo darme cuenta de lo importante que es ser feliz y que la felicidad no est\u00e1 ah\u00ed fuera ni en nadie, si no dentro de nosotros. Cuando un ser querido como un padre muere de esa manera, te das cuenta de que la vida es demasiado fugaz para estar triste, decid\u00ed cambiar mi vida, dejar a personas y situaciones atr\u00e1s que sabia que no me hac\u00edan bien, y mi vida empez\u00f3 a cambiar a mejor. Comenc\u00e9 a conectar con mi alma, con mi belleza interior, complement\u00e1ndola con la exterior, ped\u00ed ayuda a Tarotistas,  terapeutas y mentores y fue lo mejor que hice, desde peque\u00f1a siempre me gust\u00f3 todo lo m\u00edstico, siempre tuve una sensibilidad especial. Comprend\u00ed que es muy positivo ser presumido y cuidarse por fuera, pero todo nace de dentro, si no estamos sanos por dentro de poco sirve estar radiante por fuera. Conect\u00e9 con la energ\u00eda de la belleza, de las peque\u00f1as cosas, y me di cuenta de mi luz y belleza interior, empec\u00e9 a escuchar a mi voz interior, a comprender a mi alma, a sanar mi ni\u00f1a interior, a trav\u00e9s de Mentores y Terapeutas maravillosos, hicieron e hice un gran trabajo. Conect\u00e9 con mi prop\u00f3sito de vida, ya que desde peque\u00f1a am\u00e9 a la m\u00fasica, lo mistico y lo comenc\u00e9 a entrelazar, descubr\u00ed poderes sanadores con mi voz, descubr\u00ed talentos y dones Espirituales como la canalizaci\u00f3n, la videncia, la sanaci\u00f3n con mi voz y una sensibilidad especial para ayudar a las personas. Conect\u00e9 con mis Gu\u00edas Espirituales que fue la mayor bendici\u00f3n de mi vida,  di el salto cu\u00e1ntico que me llev\u00f3 al exito. Comenc\u00e9 a manifestar acontecimientos en mi vida incre\u00edbles, me hice una experta en el arte de la manifestaci\u00f3n y yo misma manifeste hacerme viral en Tik Tok! y pude dejar la peluquer\u00eda ,aquel trabajo que no me hacia feliz, aunque agradezco todo ese tiempo vivido, por que todo es un aprendizaje y todo sucede por una raz\u00f3n. Hoy soy muy feliz,  hoy soy mi propia jefa,  y estoy agradecida de tener mucha abundancia, de no preocuparme por el dinero, manifest\u00e9 much\u00edsimo trabajo, \u00e9xito y relaciones tanto de pareja y de amistad increibles! As\u00ed es hoy, puedo decir que lo tengo todo amor, amistad, salud y dinero. Estoy muy agradecida de todo lo que he creado en mi vida. Soy Estefan\u00eda Moreno Vega Coaching Espiritual y Compositora Espiritual Sanadora y te presento una parte muy importante de mi vida con la que hoy ayudo a millones de personas, Belleza Con Alma 11 un proyecto incre\u00edble con mucha alma como su nombre indica, nacido de un resurgir de mis cenizas como el Ave f\u00e9nix. El numero 11 es por que en la n\u00famerologia soy un numero 11, con este numero active en mi, mis Dones Espirituales y entend\u00ed muchas cosas de mi pasado, y de mi evolucion, ya que tengo una importante misi\u00f3n. Conectar con mi numerologia fue descubrirme muchisimo, al igual que con el Tarot y la Astrologia, por eso hoy quiero ayudarte con las herramientas que han cambiado mi vida. Tengo que decir que provengo de una familia humilde, y no importa de la clase social de la que provengas, puedes cambiar tu economia, como yo cambiie la mia, ya que hice que diese un giro de 180 grados o m\u00e1s. Yo misma lo he creado, he conseguido todos mis sue\u00f1os y deseos y aun me quedan muchos por cumplir, ya que siempre hay que seguir so\u00f1ando. Si estas aqu\u00ed es por que tu tambi\u00e9n lo puedes lograr, y quiero que tu tambi\u00e9n los consigas, y salgas de esa vida que no te hace feliz, dejes de preocuparte por el dinero, amor y salud, que rompas las cadenas que no dejan ver tu autentica belleza. Empleo varias herramientas desde Tarot con Astrologia, Hipnosis, Ba\u00f1o de sonido, Sesiones de Coaching, para ayudarte, tienes toda la infomacion en esta maravillosa pagina web, donde quiero lo primero de todo que te sientas acogido, y cuando te sientas mal, puedas acceder a mis videos para que sepas que nunca estas solo. La m\u00fasica es una herramienta muy beneficiosa para la salud, esta demostrado que se liberan endorfinas al escuchar seg\u00fan que frecuencias, y yo compongo melod\u00edas en mis hipnosis y meditaciones con frecuencias especificas para sanarte, ademas de con mis cantos angelicales, ya que soy cantante intuitiva, y a\u00f1ado instrumentos y ba\u00f1o de sonido que al ser eescuchados activan en las personas su sanaci\u00f3n para alcanzar \u00e9xito y fortuna. Espero acompa\u00f1arte en tu camino del crecimiento Espiritual y que consigas todos tus sue\u00f1os \u00bfA que esperas para cumplir los sue\u00f1os de tu alma?<\/p>\n","protected":false},"excerpt":{"rendered":"<p>Esta es mi historia y si me permites quiero pedirte que la leas atentamente, porque puede que te lleves una gran sorpresa y te sientas reflejado en ella y comiences dar ese salto cu\u00e1ntico como yo hice!. Esta historia comienza desde bien peque\u00f1a, siempre sent\u00ed que no encajaba en este mundo y que era diferente, siempre era fuente de criticas desde ni\u00f1a, de familiares, amigos, compa\u00f1eros de colegio, de hecho sufr\u00eda bulling. Vivir con un bulling constante me hizo crecer obsesionada con las apariencias, viv\u00eda atrapada en la parte superficial de la vida, le daba mucha importancia a mi apariencia f\u00edsica, le daba mucha importancia a lo que las personas dec\u00edan de m\u00ed, por que desde peque\u00f1a eso me hizo sentir rechazada y criticada, y no quer\u00eda sentir nunca mas ese rechazo. Incluso estudie peluquer\u00eda y maquillaje cuando sal\u00ed de la ESO, para aprender los mejores trucos e ir siempre perfecta, y la verdad es que se me daba bien, siempre fui muy artista. El problema es que escog\u00ed esa profesi\u00f3n desde la carencia, sin saber realmente si era lo que quer\u00eda o no, y con 16 a\u00f1os a veces todav\u00eda no estamos seguros de lo que queremos. Cuando comenc\u00e9 a trabajar en ning\u00fan trabajo pod\u00eda estar a gusto ni feliz, cuando parec\u00eda que todo iba bien, algo se derrumbaba, no lo entend\u00eda. En el fondo sent\u00eda que ese no era mi sitio, ya que no era humano tener que sobrevivir en cada puesto de trabajo, porque sufria acoso laboral, criticas y envidias, y tambi\u00e9n mi hipersensiblidad no me ayudaba, ni mi inseguridad ya que todo esto me hacia muy suceptible a las criticas. Como he comentado crec\u00ed obsesionada con mi apariencia, y con &#8216;encajar&#8217;, pero esos miedos al rechazo hacia que las personas pudieran manipularme&nbsp;y hacerme da\u00f1o, y claro lo f\u00e1cil es echarles la culpa a esas personas, pero nosotros les damos el poder a esas personas, no ofende quien quiere si no quien puede. Nosotros somos due\u00f1os de nuestra propia realidad, y como me faltaba seguridad, trabajar mis heridas, autoestima y poner l\u00edmites, eso hacia atraer circunstancias, personas y situaciones conflictivas. Un d\u00eda explote sin darme cuenta, estaba en la peluquer\u00eda hace unos 10 a\u00f1os, peinando a una clienta cuando me dio un ataque de p\u00e1nico por primera vez, nunca lo olvidar\u00e9, sent\u00eda que me iba a morir, lo pase muy mal y all\u00ed comenc\u00e9 a preguntarme que quer\u00eda en la vida, ya que mi cuerpo me estaba advirtiendo y hablando. En ese momento no sabia por que me hab\u00eda dado ese ataque de p\u00e1nico, pero es que viv\u00eda relaciones de pareja, de amistad muy tormentosas, viv\u00eda en una vida donde no era feliz, mi trabajo no me hac\u00eda feliz, pero yo eso lo hab\u00eda normalizado, o quiz\u00e1s quer\u00eda autoenga\u00f1arme. Esos ataques de ansiedad y p\u00e1nico cada vez aumentaban mas, no sab\u00eda c\u00f3mo salir de all\u00ed. En medio de ese caos y ataques p\u00e1nico y ansiedad, mi padre falleci\u00f3 de un ataque al coraz\u00f3n, y fue muy tr\u00e1umatico de un d\u00eda para el otro que ya no estuviera, entonces tuve un despertar Espiritual muy fuerte, aquello hizo darme cuenta de lo importante que es ser feliz y que la felicidad no est\u00e1 ah\u00ed fuera ni en nadie, si no dentro de nosotros. Cuando un ser querido como un padre muere de esa manera, te das cuenta de que la vida es demasiado fugaz para estar triste, decid\u00ed cambiar mi vida, dejar a personas y situaciones atr\u00e1s que sabia que no me hac\u00edan bien, y mi vida empez\u00f3 a cambiar a mejor. Comenc\u00e9 a conectar con mi alma, con mi belleza interior, complement\u00e1ndola con la exterior, ped\u00ed ayuda a Tarotistas, terapeutas y mentores y fue lo mejor que hice, desde peque\u00f1a siempre me gust\u00f3 todo lo m\u00edstico, siempre tuve una sensibilidad especial. Comprend\u00ed que es muy positivo ser presumido y cuidarse por fuera, pero todo nace de dentro, si no estamos sanos por dentro de poco sirve estar radiante por fuera. Conect\u00e9 con la energ\u00eda de la belleza, de las peque\u00f1as cosas, y me di cuenta de mi luz y belleza interior, empec\u00e9 a escuchar a mi voz interior, a comprender a mi alma, a sanar mi ni\u00f1a interior, a trav\u00e9s de Mentores y Terapeutas maravillosos, hicieron e hice un gran trabajo. Conect\u00e9 con mi prop\u00f3sito de vida, ya que desde peque\u00f1a am\u00e9 a la m\u00fasica, lo mistico y lo comenc\u00e9 a entrelazar, descubr\u00ed poderes sanadores con mi voz, descubr\u00ed talentos y dones Espirituales como la canalizaci\u00f3n, la videncia, la sanaci\u00f3n con mi voz y una sensibilidad especial para ayudar a las personas. Conect\u00e9 con mis Gu\u00edas Espirituales que fue la mayor bendici\u00f3n de mi vida, di el salto cu\u00e1ntico que me llev\u00f3 al exito. Comenc\u00e9 a manifestar acontecimientos en mi vida incre\u00edbles, me hice una experta en el arte de la manifestaci\u00f3n y yo misma manifeste hacerme viral en Tik Tok! y pude dejar la peluquer\u00eda ,aquel trabajo que no me hacia feliz, aunque agradezco todo ese tiempo vivido, por que todo es un aprendizaje y todo sucede por una raz\u00f3n. Hoy soy muy feliz, hoy soy mi propia jefa, y estoy agradecida de tener mucha abundancia, de no preocuparme por el dinero, manifest\u00e9 much\u00edsimo trabajo, \u00e9xito y relaciones tanto de pareja y de amistad increibles! As\u00ed es hoy, puedo decir que lo tengo todo amor, amistad, salud y dinero. Estoy muy agradecida de todo lo que he creado en mi vida. Soy Estefan\u00eda Moreno Vega Coaching Espiritual y Compositora Espiritual Sanadora y te presento una parte muy importante de mi vida con la que hoy ayudo a millones de personas, Belleza Con Alma 11 un proyecto incre\u00edble con mucha alma como su nombre indica, nacido de un resurgir de mis cenizas como el Ave f\u00e9nix. El numero 11 es por que en la n\u00famerologia soy un numero 11, con este numero active en mi, mis Dones Espirituales y entend\u00ed muchas cosas de mi pasado, y de mi evolucion, ya que tengo una importante misi\u00f3n. Conectar con mi numerologia fue descubrirme muchisimo, al igual que con el Tarot y la Astrologia, por eso hoy quiero ayudarte con las herramientas que han cambiado mi vida. Tengo que decir que provengo de una familia humilde, y no importa de la clase social de la que provengas, puedes cambiar tu economia, como yo cambiie la mia, ya que hice que diese un giro de 180 grados o m\u00e1s. Yo misma lo he creado, he conseguido todos mis sue\u00f1os y deseos y aun me quedan muchos por cumplir, ya que siempre hay que seguir so\u00f1ando. Si estas aqu\u00ed es por que tu tambi\u00e9n lo puedes lograr, y quiero que tu tambi\u00e9n los consigas, y salgas de esa vida que no te hace feliz, dejes de preocuparte por el dinero, amor y salud, que rompas las cadenas que no dejan ver tu autentica belleza. Empleo varias herramientas desde Tarot con Astrologia, Hipnosis, Ba\u00f1o de sonido, Sesiones de Coaching, para ayudarte, tienes toda la infomacion en esta maravillosa pagina web, donde quiero lo primero de todo que te sientas acogido, y cuando te sientas mal, puedas acceder a mis videos para que sepas que nunca estas solo. La m\u00fasica es una herramienta muy beneficiosa para la salud, esta demostrado que se liberan endorfinas al escuchar seg\u00fan que frecuencias, y yo compongo melod\u00edas en mis hipnosis y meditaciones con frecuencias especificas para sanarte, ademas de con mis cantos angelicales, ya que soy cantante intuitiva, y a\u00f1ado instrumentos y ba\u00f1o de sonido que al ser eescuchados activan en las personas su sanaci\u00f3n para alcanzar \u00e9xito y fortuna. Espero acompa\u00f1arte en tu camino del crecimiento Espiritual y que consigas todos tus sue\u00f1os \u00bfA que esperas para cumplir los sue\u00f1os de tu alma?<\/p>\n","protected":false},"author":1,"featured_media":0,"parent":0,"menu_order":0,"comment_status":"closed","ping_status":"closed","template":"","meta":{"footnotes":""},"jetpack_sharing_enabled":true,"acf":[],"_links":{"self":[{"href":"https:\/\/bellezaconalma11.com\/index.php\/wp-json\/wp\/v2\/pages\/91"}],"collection":[{"href":"https:\/\/bellezaconalma11.com\/index.php\/wp-json\/wp\/v2\/pages"}],"about":[{"href":"https:\/\/bellezaconalma11.com\/index.php\/wp-json\/wp\/v2\/types\/page"}],"author":[{"embeddable":true,"href":"https:\/\/bellezaconalma11.com\/index.php\/wp-json\/wp\/v2\/users\/1"}],"replies":[{"embeddable":true,"href":"https:\/\/bellezaconalma11.com\/index.php\/wp-json\/wp\/v2\/comments?post=91"}],"version-history":[{"count":16,"href":"https:\/\/bellezaconalma11.com\/index.php\/wp-json\/wp\/v2\/pages\/91\/revisions"}],"predecessor-version":[{"id":1196,"href":"https:\/\/bellezaconalma11.com\/index.php\/wp-json\/wp\/v2\/pages\/91\/revisions\/1196"}],"wp:attachment":[{"href":"https:\/\/bellezaconalma11.com\/index.php\/wp-json\/wp\/v2\/media?parent=91"}],"curies":[{"name":"wp","href":"https:\/\/api.w.org\/{rel}","templated":true}]}}