{"id":87,"date":"2023-11-20T18:02:46","date_gmt":"2023-11-20T17:02:46","guid":{"rendered":"https:\/\/bellezaconalma11.com\/?page_id=87"},"modified":"2026-03-05T21:02:25","modified_gmt":"2026-03-05T20:02:25","slug":"tarot-astrologico","status":"publish","type":"page","link":"https:\/\/bellezaconalma11.com\/index.php\/tarot-astrologico\/","title":{"rendered":"Lectura Personal Astral"},"content":{"rendered":"\n<p><strong>Lectura Carta Astral Nivel 1 <\/strong><\/p>\n\n\n<div data-block-name=\"woocommerce\/handpicked-products\" data-products=\"[415,394,417]\" class=\"wc-block-grid wp-block-handpicked-products wc-block-handpicked-products has-3-columns has-multiple-rows\"><ul class=\"wc-block-grid__products\"><li class=\"wc-block-grid__product\">\n\t\t\t\t<a href=\"https:\/\/bellezaconalma11.com\/index.php\/producto\/lectura-carta-astral-y-tarot-super-completa-60-minutos\/\" class=\"wc-block-grid__product-link\">\n\t\t\t\t\t\n\t\t\t\t\t<div class=\"wc-block-grid__product-image\"><img loading=\"lazy\" decoding=\"async\" width=\"300\" height=\"300\" src=\"https:\/\/bellezaconalma11.com\/wp-content\/uploads\/2026\/03\/E0A6D7BE-8581-4917-A302-162745B709D5-1-300x300.png\" class=\"attachment-woocommerce_thumbnail size-woocommerce_thumbnail\" alt=\"Lectura Carta Astral y Tarot Super Completa 60 minutos\" srcset=\"https:\/\/bellezaconalma11.com\/wp-content\/uploads\/2026\/03\/E0A6D7BE-8581-4917-A302-162745B709D5-1-300x300.png 300w, https:\/\/bellezaconalma11.com\/wp-content\/uploads\/2026\/03\/E0A6D7BE-8581-4917-A302-162745B709D5-1-150x150.png 150w, https:\/\/bellezaconalma11.com\/wp-content\/uploads\/2026\/03\/E0A6D7BE-8581-4917-A302-162745B709D5-1-75x75.png 75w, https:\/\/bellezaconalma11.com\/wp-content\/uploads\/2026\/03\/E0A6D7BE-8581-4917-A302-162745B709D5-1-100x100.png 100w\" sizes=\"(max-width: 300px) 100vw, 300px\" \/><\/div>\n\t\t\t\t\t<div class=\"wc-block-grid__product-title\">Lectura Carta Astral y Tarot Super Completa 60 minutos<\/div>\n\t\t\t\t<\/a>\n\t\t\t\t<div class=\"wc-block-grid__product-price price\"><span class=\"woocommerce-Price-amount amount\">350,00&nbsp;<span class=\"woocommerce-Price-currencySymbol\">&euro;<\/span><\/span><\/div>\n\t\t\t\t\n\t\t\t\t<div class=\"wp-block-button wc-block-grid__product-add-to-cart\"><a href=\"?add-to-cart=417\" aria-label=\"A\u00f1ade &ldquo;Lectura Carta Astral y Tarot Super Completa 60 minutos&rdquo; a tu carrito\" data-quantity=\"1\" data-product_id=\"417\" data-product_sku=\"\" data-price=\"350\" rel=\"nofollow\" class=\"wp-block-button__link  add_to_cart_button ajax_add_to_cart\">A\u00f1adir al carrito<\/a><\/div>\n\t\t\t<\/li><li class=\"wc-block-grid__product\">\n\t\t\t\t<a href=\"https:\/\/bellezaconalma11.com\/index.php\/producto\/lectura-carta-astral-y-tarot-45-minutos\/\" class=\"wc-block-grid__product-link\">\n\t\t\t\t\t\n\t\t\t\t\t<div class=\"wc-block-grid__product-image\"><img loading=\"lazy\" decoding=\"async\" width=\"300\" height=\"300\" src=\"https:\/\/bellezaconalma11.com\/wp-content\/uploads\/2026\/03\/E0A6D7BE-8581-4917-A302-162745B709D5-1-300x300.png\" class=\"attachment-woocommerce_thumbnail size-woocommerce_thumbnail\" alt=\"Lectura Carta Astral y Tarot Completa 45 minutos\" srcset=\"https:\/\/bellezaconalma11.com\/wp-content\/uploads\/2026\/03\/E0A6D7BE-8581-4917-A302-162745B709D5-1-300x300.png 300w, https:\/\/bellezaconalma11.com\/wp-content\/uploads\/2026\/03\/E0A6D7BE-8581-4917-A302-162745B709D5-1-150x150.png 150w, https:\/\/bellezaconalma11.com\/wp-content\/uploads\/2026\/03\/E0A6D7BE-8581-4917-A302-162745B709D5-1-75x75.png 75w, https:\/\/bellezaconalma11.com\/wp-content\/uploads\/2026\/03\/E0A6D7BE-8581-4917-A302-162745B709D5-1-100x100.png 100w\" sizes=\"(max-width: 300px) 100vw, 300px\" \/><\/div>\n\t\t\t\t\t<div class=\"wc-block-grid__product-title\">Lectura Carta Astral y Tarot Completa 45 minutos<\/div>\n\t\t\t\t<\/a>\n\t\t\t\t<div class=\"wc-block-grid__product-price price\"><span class=\"woocommerce-Price-amount amount\">250,00&nbsp;<span class=\"woocommerce-Price-currencySymbol\">&euro;<\/span><\/span><\/div>\n\t\t\t\t<div class=\"wc-block-grid__product-rating\"><div class=\"star-rating\" role=\"img\" aria-label=\"Valorado con 5.00 de 5\"><span style=\"width:100%\">Valorado con <strong class=\"rating\">5.00<\/strong> de 5 en base a <span class=\"rating\">4<\/span> valoraciones de clientes<\/span><\/div><\/div>\n\t\t\t\t<div class=\"wp-block-button wc-block-grid__product-add-to-cart\"><a href=\"?add-to-cart=415\" aria-label=\"A\u00f1ade &ldquo;Lectura Carta Astral y Tarot Completa 45 minutos&rdquo; a tu carrito\" data-quantity=\"1\" data-product_id=\"415\" data-product_sku=\"\" data-price=\"250\" rel=\"nofollow\" class=\"wp-block-button__link  add_to_cart_button ajax_add_to_cart\">A\u00f1adir al carrito<\/a><\/div>\n\t\t\t<\/li><li class=\"wc-block-grid__product\">\n\t\t\t\t<a href=\"https:\/\/bellezaconalma11.com\/index.php\/producto\/lectura-carta-astral-y-tarot-30-minutos\/\" class=\"wc-block-grid__product-link\">\n\t\t\t\t\t\n\t\t\t\t\t<div class=\"wc-block-grid__product-image\"><img loading=\"lazy\" decoding=\"async\" width=\"300\" height=\"300\" src=\"https:\/\/bellezaconalma11.com\/wp-content\/uploads\/2026\/03\/E0A6D7BE-8581-4917-A302-162745B709D5-1-300x300.png\" class=\"attachment-woocommerce_thumbnail size-woocommerce_thumbnail\" alt=\"Lectura Carta Astral y Tarot Sencilla 30 minutos\" srcset=\"https:\/\/bellezaconalma11.com\/wp-content\/uploads\/2026\/03\/E0A6D7BE-8581-4917-A302-162745B709D5-1-300x300.png 300w, https:\/\/bellezaconalma11.com\/wp-content\/uploads\/2026\/03\/E0A6D7BE-8581-4917-A302-162745B709D5-1-150x150.png 150w, https:\/\/bellezaconalma11.com\/wp-content\/uploads\/2026\/03\/E0A6D7BE-8581-4917-A302-162745B709D5-1-75x75.png 75w, https:\/\/bellezaconalma11.com\/wp-content\/uploads\/2026\/03\/E0A6D7BE-8581-4917-A302-162745B709D5-1-100x100.png 100w\" sizes=\"(max-width: 300px) 100vw, 300px\" \/><\/div>\n\t\t\t\t\t<div class=\"wc-block-grid__product-title\">Lectura Carta Astral y Tarot Sencilla 30 minutos<\/div>\n\t\t\t\t<\/a>\n\t\t\t\t<div class=\"wc-block-grid__product-price price\"><span class=\"woocommerce-Price-amount amount\">150,00&nbsp;<span class=\"woocommerce-Price-currencySymbol\">&euro;<\/span><\/span><\/div>\n\t\t\t\t<div class=\"wc-block-grid__product-rating\"><div class=\"star-rating\" role=\"img\" aria-label=\"Valorado con 5.00 de 5\"><span style=\"width:100%\">Valorado con <strong class=\"rating\">5.00<\/strong> de 5 en base a <span class=\"rating\">2<\/span> valoraciones de clientes<\/span><\/div><\/div>\n\t\t\t\t<div class=\"wp-block-button wc-block-grid__product-add-to-cart\"><a href=\"?add-to-cart=394\" aria-label=\"A\u00f1ade &ldquo;Lectura Carta Astral y Tarot Sencilla 30 minutos&rdquo; a tu carrito\" data-quantity=\"1\" data-product_id=\"394\" data-product_sku=\"\" data-price=\"150\" rel=\"nofollow\" class=\"wp-block-button__link  add_to_cart_button ajax_add_to_cart\">A\u00f1adir al carrito<\/a><\/div>\n\t\t\t<\/li><\/ul><\/div>\n\n\n<p>La Lectura de Carta Astral es mucho mas precisa que una lectura de Tarot tradicional y Or\u00e1culos, ya que se le a\u00f1ade Astrolog\u00eda, es decir, realizo un estudio de tu Carta Astral con tu fecha de nacimiento completa, o de la persona de tu inter\u00e9s para darte datos muy espec\u00edficos, junto al Tarot y Or\u00e1culos, y as\u00ed ayudarte a desbloquear situaciones en tu vida que te estancan. La Carta Astral me permite ver una predicci\u00f3n astrol\u00f3gica futura que nunca falla, acompa\u00f1\u00e1ndola con mi Canalizaci\u00f3n y Videncia. Toda esta combinaci\u00f3n es perfecta para tu crecimiento personal, profesional, emocional o para entender el comportamiento y las acciones, sentimientos y emociones de otra persona. En el programa astrol\u00f3gico donde abro tu Carta Astral, se encuentra el informe emocional, mental, infantil, vocacional, esto significa que hay much\u00edsima informaci\u00f3n para poder ayudarte. Hay varios tipos de Lecturas de Carta Astral, depender\u00e1 de la informaci\u00f3n, tiempo y sesiones que quieras. <\/p>\n\n\n\n<p>La Lectura Carta Astral Nivel 1, es una lectura indicada para situaciones menos complejas, es decir, para momentos de duda acerca de una persona, o para nosotros mismos. Estas Lecturas se realizan en una sesi\u00f3n donde se pueden resolver dudas, ver el futuro, predicciones y lo que necesite el consultante. Si la situaci\u00f3n del consultante es mas compleja, es decir tiene un bloqueo profundo consigo mismo o con otra persona, entonces necesitara la Lectura Carta Astral Nivel 2. Esta Lectura requiere mas sesiones, para profundizar en el bloqueo, con datos muy precisos, y que se muevan esas energ\u00edas positivas para abrir caminos. <\/p>\n\n\n\n<p><strong>Lectura Carta Astral Nivel 2 <\/strong><\/p>\n\n\n<div data-block-name=\"woocommerce\/handpicked-products\" data-products=\"[743,741,745]\" class=\"wc-block-grid wp-block-handpicked-products wc-block-handpicked-products has-3-columns has-multiple-rows\"><ul class=\"wc-block-grid__products\"><li class=\"wc-block-grid__product\">\n\t\t\t\t<a href=\"https:\/\/bellezaconalma11.com\/index.php\/producto\/informe-carta-astral-cuantico-romantico\/\" class=\"wc-block-grid__product-link\">\n\t\t\t\t\t\n\t\t\t\t\t<div class=\"wc-block-grid__product-image\"><img loading=\"lazy\" decoding=\"async\" width=\"300\" height=\"300\" src=\"https:\/\/bellezaconalma11.com\/wp-content\/uploads\/2024\/09\/32CE00A8-FA86-43FC-A6BB-3B7794F1FEDD-300x300.jpeg\" class=\"attachment-woocommerce_thumbnail size-woocommerce_thumbnail\" alt=\"Lectura Informe Carta Astral Cu\u00e1ntica Rom\u00e1ntica\" srcset=\"https:\/\/bellezaconalma11.com\/wp-content\/uploads\/2024\/09\/32CE00A8-FA86-43FC-A6BB-3B7794F1FEDD-300x300.jpeg 300w, https:\/\/bellezaconalma11.com\/wp-content\/uploads\/2024\/09\/32CE00A8-FA86-43FC-A6BB-3B7794F1FEDD-150x150.jpeg 150w, https:\/\/bellezaconalma11.com\/wp-content\/uploads\/2024\/09\/32CE00A8-FA86-43FC-A6BB-3B7794F1FEDD-768x768.jpeg 768w, https:\/\/bellezaconalma11.com\/wp-content\/uploads\/2024\/09\/32CE00A8-FA86-43FC-A6BB-3B7794F1FEDD-75x75.jpeg 75w, https:\/\/bellezaconalma11.com\/wp-content\/uploads\/2024\/09\/32CE00A8-FA86-43FC-A6BB-3B7794F1FEDD-600x600.jpeg 600w, https:\/\/bellezaconalma11.com\/wp-content\/uploads\/2024\/09\/32CE00A8-FA86-43FC-A6BB-3B7794F1FEDD-100x100.jpeg 100w, https:\/\/bellezaconalma11.com\/wp-content\/uploads\/2024\/09\/32CE00A8-FA86-43FC-A6BB-3B7794F1FEDD.jpeg 1024w\" sizes=\"(max-width: 300px) 100vw, 300px\" \/><\/div>\n\t\t\t\t\t<div class=\"wc-block-grid__product-title\">Lectura Informe Carta Astral Cu\u00e1ntica Rom\u00e1ntica<\/div>\n\t\t\t\t<\/a>\n\t\t\t\t<div class=\"wc-block-grid__product-price price\"><span class=\"woocommerce-Price-amount amount\">850,00&nbsp;<span class=\"woocommerce-Price-currencySymbol\">&euro;<\/span><\/span><\/div>\n\t\t\t\t\n\t\t\t\t<div class=\"wp-block-button wc-block-grid__product-add-to-cart\"><a href=\"?add-to-cart=745\" aria-label=\"A\u00f1ade &ldquo;Lectura Informe Carta Astral Cu\u00e1ntica Rom\u00e1ntica&rdquo; a tu carrito\" data-quantity=\"1\" data-product_id=\"745\" data-product_sku=\"\" data-price=\"850\" rel=\"nofollow\" class=\"wp-block-button__link  add_to_cart_button ajax_add_to_cart\">A\u00f1adir al carrito<\/a><\/div>\n\t\t\t<\/li><li class=\"wc-block-grid__product\">\n\t\t\t\t<a href=\"https:\/\/bellezaconalma11.com\/index.php\/producto\/magica-lectura-carta-astral-almica\/\" class=\"wc-block-grid__product-link\">\n\t\t\t\t\t\n\t\t\t\t\t<div class=\"wc-block-grid__product-image\"><img loading=\"lazy\" decoding=\"async\" width=\"300\" height=\"300\" src=\"https:\/\/bellezaconalma11.com\/wp-content\/uploads\/2024\/09\/306E053C-73A8-4171-A975-E4B1908E1BBF-300x300.jpeg\" class=\"attachment-woocommerce_thumbnail size-woocommerce_thumbnail\" alt=\"Lectura Informe Carta Astral Almica\" srcset=\"https:\/\/bellezaconalma11.com\/wp-content\/uploads\/2024\/09\/306E053C-73A8-4171-A975-E4B1908E1BBF-300x300.jpeg 300w, https:\/\/bellezaconalma11.com\/wp-content\/uploads\/2024\/09\/306E053C-73A8-4171-A975-E4B1908E1BBF-150x150.jpeg 150w, https:\/\/bellezaconalma11.com\/wp-content\/uploads\/2024\/09\/306E053C-73A8-4171-A975-E4B1908E1BBF-768x768.jpeg 768w, https:\/\/bellezaconalma11.com\/wp-content\/uploads\/2024\/09\/306E053C-73A8-4171-A975-E4B1908E1BBF-75x75.jpeg 75w, https:\/\/bellezaconalma11.com\/wp-content\/uploads\/2024\/09\/306E053C-73A8-4171-A975-E4B1908E1BBF-600x600.jpeg 600w, https:\/\/bellezaconalma11.com\/wp-content\/uploads\/2024\/09\/306E053C-73A8-4171-A975-E4B1908E1BBF-100x100.jpeg 100w, https:\/\/bellezaconalma11.com\/wp-content\/uploads\/2024\/09\/306E053C-73A8-4171-A975-E4B1908E1BBF.jpeg 1024w\" sizes=\"(max-width: 300px) 100vw, 300px\" \/><\/div>\n\t\t\t\t\t<div class=\"wc-block-grid__product-title\">Lectura Informe Carta Astral Almica<\/div>\n\t\t\t\t<\/a>\n\t\t\t\t<div class=\"wc-block-grid__product-price price\"><span class=\"woocommerce-Price-amount amount\">800,00&nbsp;<span class=\"woocommerce-Price-currencySymbol\">&euro;<\/span><\/span><\/div>\n\t\t\t\t\n\t\t\t\t<div class=\"wp-block-button wc-block-grid__product-add-to-cart\"><a href=\"?add-to-cart=743\" aria-label=\"A\u00f1ade &ldquo;Lectura Informe Carta Astral Almica&rdquo; a tu carrito\" data-quantity=\"1\" data-product_id=\"743\" data-product_sku=\"\" data-price=\"800\" rel=\"nofollow\" class=\"wp-block-button__link  add_to_cart_button ajax_add_to_cart\">A\u00f1adir al carrito<\/a><\/div>\n\t\t\t<\/li><li class=\"wc-block-grid__product\">\n\t\t\t\t<a href=\"https:\/\/bellezaconalma11.com\/index.php\/producto\/magica-lectura-carta-astral-karmika\/\" class=\"wc-block-grid__product-link\">\n\t\t\t\t\t\n\t\t\t\t\t<div class=\"wc-block-grid__product-image\"><img loading=\"lazy\" decoding=\"async\" width=\"300\" height=\"300\" src=\"https:\/\/bellezaconalma11.com\/wp-content\/uploads\/2024\/09\/40347426-2FA4-46AB-AC69-02A6EAF55998-300x300.jpeg\" class=\"attachment-woocommerce_thumbnail size-woocommerce_thumbnail\" alt=\"Lectura Informe Carta Astral Karmika\" srcset=\"https:\/\/bellezaconalma11.com\/wp-content\/uploads\/2024\/09\/40347426-2FA4-46AB-AC69-02A6EAF55998-300x300.jpeg 300w, https:\/\/bellezaconalma11.com\/wp-content\/uploads\/2024\/09\/40347426-2FA4-46AB-AC69-02A6EAF55998-150x150.jpeg 150w, https:\/\/bellezaconalma11.com\/wp-content\/uploads\/2024\/09\/40347426-2FA4-46AB-AC69-02A6EAF55998-768x768.jpeg 768w, https:\/\/bellezaconalma11.com\/wp-content\/uploads\/2024\/09\/40347426-2FA4-46AB-AC69-02A6EAF55998-75x75.jpeg 75w, https:\/\/bellezaconalma11.com\/wp-content\/uploads\/2024\/09\/40347426-2FA4-46AB-AC69-02A6EAF55998-600x600.jpeg 600w, https:\/\/bellezaconalma11.com\/wp-content\/uploads\/2024\/09\/40347426-2FA4-46AB-AC69-02A6EAF55998-100x100.jpeg 100w, https:\/\/bellezaconalma11.com\/wp-content\/uploads\/2024\/09\/40347426-2FA4-46AB-AC69-02A6EAF55998.jpeg 1024w\" sizes=\"(max-width: 300px) 100vw, 300px\" \/><\/div>\n\t\t\t\t\t<div class=\"wc-block-grid__product-title\">Lectura Informe Carta Astral Karmika<\/div>\n\t\t\t\t<\/a>\n\t\t\t\t<div class=\"wc-block-grid__product-price price\"><span class=\"woocommerce-Price-amount amount\">350,00&nbsp;<span class=\"woocommerce-Price-currencySymbol\">&euro;<\/span><\/span><\/div>\n\t\t\t\t\n\t\t\t\t<div class=\"wp-block-button wc-block-grid__product-add-to-cart\"><a href=\"?add-to-cart=741\" aria-label=\"A\u00f1ade &ldquo;Lectura Informe Carta Astral Karmika&rdquo; a tu carrito\" data-quantity=\"1\" data-product_id=\"741\" data-product_sku=\"\" data-price=\"350\" rel=\"nofollow\" class=\"wp-block-button__link  add_to_cart_button ajax_add_to_cart\">A\u00f1adir al carrito<\/a><\/div>\n\t\t\t<\/li><\/ul><\/div>\n\n\n<p><\/p>\n","protected":false},"excerpt":{"rendered":"<p>Lectura Carta Astral Nivel 1 La Lectura de Carta Astral es mucho mas precisa que una lectura de Tarot tradicional y Or\u00e1culos, ya que se le a\u00f1ade Astrolog\u00eda, es decir, realizo un estudio de tu Carta Astral con tu fecha de nacimiento completa, o de la persona de tu inter\u00e9s para darte datos muy espec\u00edficos, junto al Tarot y Or\u00e1culos, y as\u00ed ayudarte a desbloquear situaciones en tu vida que te estancan. La Carta Astral me permite ver una predicci\u00f3n astrol\u00f3gica futura que nunca falla, acompa\u00f1\u00e1ndola con mi Canalizaci\u00f3n y Videncia. Toda esta combinaci\u00f3n es perfecta para tu crecimiento personal, profesional, emocional o para entender el comportamiento y las acciones, sentimientos y emociones de otra persona. En el programa astrol\u00f3gico donde abro tu Carta Astral, se encuentra el informe emocional, mental, infantil, vocacional, esto significa que hay much\u00edsima informaci\u00f3n para poder ayudarte. Hay varios tipos de Lecturas de Carta Astral, depender\u00e1 de la informaci\u00f3n, tiempo y sesiones que quieras. La Lectura Carta Astral Nivel 1, es una lectura indicada para situaciones menos complejas, es decir, para momentos de duda acerca de una persona, o para nosotros mismos. Estas Lecturas se realizan en una sesi\u00f3n donde se pueden resolver dudas, ver el futuro, predicciones y lo que necesite el consultante. Si la situaci\u00f3n del consultante es mas compleja, es decir tiene un bloqueo profundo consigo mismo o con otra persona, entonces necesitara la Lectura Carta Astral Nivel 2. Esta Lectura requiere mas sesiones, para profundizar en el bloqueo, con datos muy precisos, y que se muevan esas energ\u00edas positivas para abrir caminos. Lectura Carta Astral Nivel 2<\/p>\n","protected":false},"author":1,"featured_media":0,"parent":0,"menu_order":0,"comment_status":"closed","ping_status":"closed","template":"","meta":{"footnotes":""},"jetpack_sharing_enabled":true,"acf":[],"_links":{"self":[{"href":"https:\/\/bellezaconalma11.com\/index.php\/wp-json\/wp\/v2\/pages\/87"}],"collection":[{"href":"https:\/\/bellezaconalma11.com\/index.php\/wp-json\/wp\/v2\/pages"}],"about":[{"href":"https:\/\/bellezaconalma11.com\/index.php\/wp-json\/wp\/v2\/types\/page"}],"author":[{"embeddable":true,"href":"https:\/\/bellezaconalma11.com\/index.php\/wp-json\/wp\/v2\/users\/1"}],"replies":[{"embeddable":true,"href":"https:\/\/bellezaconalma11.com\/index.php\/wp-json\/wp\/v2\/comments?post=87"}],"version-history":[{"count":26,"href":"https:\/\/bellezaconalma11.com\/index.php\/wp-json\/wp\/v2\/pages\/87\/revisions"}],"predecessor-version":[{"id":1361,"href":"https:\/\/bellezaconalma11.com\/index.php\/wp-json\/wp\/v2\/pages\/87\/revisions\/1361"}],"wp:attachment":[{"href":"https:\/\/bellezaconalma11.com\/index.php\/wp-json\/wp\/v2\/media?parent=87"}],"curies":[{"name":"wp","href":"https:\/\/api.w.org\/{rel}","templated":true}]}}