{"id":437,"date":"2024-06-21T11:30:41","date_gmt":"2024-06-21T09:30:41","guid":{"rendered":"https:\/\/bellezaconalma11.com\/?page_id=437"},"modified":"2025-04-17T20:03:16","modified_gmt":"2025-04-17T18:03:16","slug":"programas-sabidurias-ancestrales","status":"publish","type":"page","link":"https:\/\/bellezaconalma11.com\/index.php\/programas-sabidurias-ancestrales\/","title":{"rendered":"Programas Sabidur\u00edas Ancestrales"},"content":{"rendered":"<div data-block-name=\"woocommerce\/handpicked-products\" data-products=\"[516,700,698]\" class=\"wc-block-grid wp-block-handpicked-products wc-block-handpicked-products has-3-columns has-multiple-rows\"><ul class=\"wc-block-grid__products\"><li class=\"wc-block-grid__product\">\n\t\t\t\t<a href=\"https:\/\/bellezaconalma11.com\/index.php\/producto\/programa-sabiduria-celta-de-empoderamiento-paquete-medio\/\" class=\"wc-block-grid__product-link\">\n\t\t\t\t\t\n\t\t\t\t\t<div class=\"wc-block-grid__product-image\"><img loading=\"lazy\" decoding=\"async\" width=\"300\" height=\"300\" src=\"https:\/\/bellezaconalma11.com\/wp-content\/uploads\/2024\/06\/7133BFD0-9E42-4975-86E4-4C55C2E32AE9-300x300.jpeg\" class=\"attachment-woocommerce_thumbnail size-woocommerce_thumbnail\" alt=\"Programa Sabidur\u00eda Celta de Empoderamiento Paquete Medio\" srcset=\"https:\/\/bellezaconalma11.com\/wp-content\/uploads\/2024\/06\/7133BFD0-9E42-4975-86E4-4C55C2E32AE9-300x300.jpeg 300w, https:\/\/bellezaconalma11.com\/wp-content\/uploads\/2024\/06\/7133BFD0-9E42-4975-86E4-4C55C2E32AE9-150x150.jpeg 150w, https:\/\/bellezaconalma11.com\/wp-content\/uploads\/2024\/06\/7133BFD0-9E42-4975-86E4-4C55C2E32AE9-768x768.jpeg 768w, https:\/\/bellezaconalma11.com\/wp-content\/uploads\/2024\/06\/7133BFD0-9E42-4975-86E4-4C55C2E32AE9-75x75.jpeg 75w, https:\/\/bellezaconalma11.com\/wp-content\/uploads\/2024\/06\/7133BFD0-9E42-4975-86E4-4C55C2E32AE9-600x600.jpeg 600w, https:\/\/bellezaconalma11.com\/wp-content\/uploads\/2024\/06\/7133BFD0-9E42-4975-86E4-4C55C2E32AE9-100x100.jpeg 100w, https:\/\/bellezaconalma11.com\/wp-content\/uploads\/2024\/06\/7133BFD0-9E42-4975-86E4-4C55C2E32AE9.jpeg 1024w\" sizes=\"(max-width: 300px) 100vw, 300px\" \/><\/div>\n\t\t\t\t\t<div class=\"wc-block-grid__product-title\">Programa Sabidur\u00eda Celta de Empoderamiento Paquete Medio<\/div>\n\t\t\t\t<\/a>\n\t\t\t\t<div class=\"wc-block-grid__product-price price\"><span class=\"woocommerce-Price-amount amount\">1.800,00&nbsp;<span class=\"woocommerce-Price-currencySymbol\">&euro;<\/span><\/span><\/div>\n\t\t\t\t\n\t\t\t\t<div class=\"wp-block-button wc-block-grid__product-add-to-cart\"><a href=\"?add-to-cart=700\" aria-label=\"A\u00f1ade &ldquo;Programa Sabidur\u00eda Celta de Empoderamiento Paquete Medio&rdquo; a tu carrito\" data-quantity=\"1\" data-product_id=\"700\" data-product_sku=\"\" data-price=\"1800\" rel=\"nofollow\" class=\"wp-block-button__link  add_to_cart_button ajax_add_to_cart\">A\u00f1adir al carrito<\/a><\/div>\n\t\t\t<\/li><li class=\"wc-block-grid__product\">\n\t\t\t\t<a href=\"https:\/\/bellezaconalma11.com\/index.php\/producto\/programa-sabiduria-celta-de-empoderamiento-solo-audios\/\" class=\"wc-block-grid__product-link\">\n\t\t\t\t\t<div class=\"wc-block-grid__product-onsale\">\n\t\t\t<span aria-hidden=\"true\">Oferta<\/span>\n\t\t\t<span class=\"screen-reader-text\">Producto en oferta<\/span>\n\t\t<\/div>\n\t\t\t\t\t<div class=\"wc-block-grid__product-image\"><img loading=\"lazy\" decoding=\"async\" width=\"300\" height=\"300\" src=\"https:\/\/bellezaconalma11.com\/wp-content\/uploads\/2024\/06\/7133BFD0-9E42-4975-86E4-4C55C2E32AE9-300x300.jpeg\" class=\"attachment-woocommerce_thumbnail size-woocommerce_thumbnail\" alt=\"Programa Sabidur\u00eda Celta de Empoderamiento Paquete Sencillo\" srcset=\"https:\/\/bellezaconalma11.com\/wp-content\/uploads\/2024\/06\/7133BFD0-9E42-4975-86E4-4C55C2E32AE9-300x300.jpeg 300w, https:\/\/bellezaconalma11.com\/wp-content\/uploads\/2024\/06\/7133BFD0-9E42-4975-86E4-4C55C2E32AE9-150x150.jpeg 150w, https:\/\/bellezaconalma11.com\/wp-content\/uploads\/2024\/06\/7133BFD0-9E42-4975-86E4-4C55C2E32AE9-768x768.jpeg 768w, https:\/\/bellezaconalma11.com\/wp-content\/uploads\/2024\/06\/7133BFD0-9E42-4975-86E4-4C55C2E32AE9-75x75.jpeg 75w, https:\/\/bellezaconalma11.com\/wp-content\/uploads\/2024\/06\/7133BFD0-9E42-4975-86E4-4C55C2E32AE9-600x600.jpeg 600w, https:\/\/bellezaconalma11.com\/wp-content\/uploads\/2024\/06\/7133BFD0-9E42-4975-86E4-4C55C2E32AE9-100x100.jpeg 100w, https:\/\/bellezaconalma11.com\/wp-content\/uploads\/2024\/06\/7133BFD0-9E42-4975-86E4-4C55C2E32AE9.jpeg 1024w\" sizes=\"(max-width: 300px) 100vw, 300px\" \/><\/div>\n\t\t\t\t\t<div class=\"wc-block-grid__product-title\">Programa Sabidur\u00eda Celta de Empoderamiento Paquete Sencillo<\/div>\n\t\t\t\t<\/a>\n\t\t\t\t<div class=\"wc-block-grid__product-price price\"><del aria-hidden=\"true\"><span class=\"woocommerce-Price-amount amount\">1.300,00&nbsp;<span class=\"woocommerce-Price-currencySymbol\">&euro;<\/span><\/span><\/del> <ins><span class=\"woocommerce-Price-amount amount\">980,00&nbsp;<span class=\"woocommerce-Price-currencySymbol\">&euro;<\/span><\/span><\/ins><\/div>\n\t\t\t\t\n\t\t\t\t<div class=\"wp-block-button wc-block-grid__product-add-to-cart\"><a href=\"?add-to-cart=698\" aria-label=\"A\u00f1ade &ldquo;Programa Sabidur\u00eda Celta de Empoderamiento Paquete Sencillo&rdquo; a tu carrito\" data-quantity=\"1\" data-product_id=\"698\" data-product_sku=\"\" data-price=\"980\" rel=\"nofollow\" class=\"wp-block-button__link  add_to_cart_button ajax_add_to_cart\">A\u00f1adir al carrito<\/a><\/div>\n\t\t\t<\/li><li class=\"wc-block-grid__product\">\n\t\t\t\t<a href=\"https:\/\/bellezaconalma11.com\/index.php\/producto\/programa-sabiduria-celta-de-empoderamiento-2\/\" class=\"wc-block-grid__product-link\">\n\t\t\t\t\t<div class=\"wc-block-grid__product-onsale\">\n\t\t\t<span aria-hidden=\"true\">Oferta<\/span>\n\t\t\t<span class=\"screen-reader-text\">Producto en oferta<\/span>\n\t\t<\/div>\n\t\t\t\t\t<div class=\"wc-block-grid__product-image\"><img loading=\"lazy\" decoding=\"async\" width=\"300\" height=\"300\" src=\"https:\/\/bellezaconalma11.com\/wp-content\/uploads\/2024\/06\/7133BFD0-9E42-4975-86E4-4C55C2E32AE9-300x300.jpeg\" class=\"attachment-woocommerce_thumbnail size-woocommerce_thumbnail\" alt=\"Programa Sabidur\u00eda Celta de Empoderamiento Paquete Super Completo\" srcset=\"https:\/\/bellezaconalma11.com\/wp-content\/uploads\/2024\/06\/7133BFD0-9E42-4975-86E4-4C55C2E32AE9-300x300.jpeg 300w, https:\/\/bellezaconalma11.com\/wp-content\/uploads\/2024\/06\/7133BFD0-9E42-4975-86E4-4C55C2E32AE9-150x150.jpeg 150w, https:\/\/bellezaconalma11.com\/wp-content\/uploads\/2024\/06\/7133BFD0-9E42-4975-86E4-4C55C2E32AE9-768x768.jpeg 768w, https:\/\/bellezaconalma11.com\/wp-content\/uploads\/2024\/06\/7133BFD0-9E42-4975-86E4-4C55C2E32AE9-75x75.jpeg 75w, https:\/\/bellezaconalma11.com\/wp-content\/uploads\/2024\/06\/7133BFD0-9E42-4975-86E4-4C55C2E32AE9-600x600.jpeg 600w, https:\/\/bellezaconalma11.com\/wp-content\/uploads\/2024\/06\/7133BFD0-9E42-4975-86E4-4C55C2E32AE9-100x100.jpeg 100w, https:\/\/bellezaconalma11.com\/wp-content\/uploads\/2024\/06\/7133BFD0-9E42-4975-86E4-4C55C2E32AE9.jpeg 1024w\" sizes=\"(max-width: 300px) 100vw, 300px\" \/><\/div>\n\t\t\t\t\t<div class=\"wc-block-grid__product-title\">Programa Sabidur\u00eda Celta de Empoderamiento Paquete Super Completo<\/div>\n\t\t\t\t<\/a>\n\t\t\t\t<div class=\"wc-block-grid__product-price price\"><del aria-hidden=\"true\"><span class=\"woocommerce-Price-amount amount\">3.500,00&nbsp;<span class=\"woocommerce-Price-currencySymbol\">&euro;<\/span><\/span><\/del> <ins><span class=\"woocommerce-Price-amount amount\">2.900,00&nbsp;<span class=\"woocommerce-Price-currencySymbol\">&euro;<\/span><\/span><\/ins><\/div>\n\t\t\t\t<div class=\"wc-block-grid__product-rating\"><div class=\"star-rating\" role=\"img\" aria-label=\"Valorado con 5.00 de 5\"><span style=\"width:100%\">Valorado con <strong class=\"rating\">5.00<\/strong> de 5 en base a <span class=\"rating\">1<\/span> valoraci\u00f3n de un cliente<\/span><\/div><\/div>\n\t\t\t\t<div class=\"wp-block-button wc-block-grid__product-add-to-cart\"><a href=\"?add-to-cart=516\" aria-label=\"A\u00f1ade &ldquo;Programa Sabidur\u00eda Celta de Empoderamiento Paquete Super Completo&rdquo; a tu carrito\" data-quantity=\"1\" data-product_id=\"516\" data-product_sku=\"\" data-price=\"2900\" rel=\"nofollow\" class=\"wp-block-button__link  add_to_cart_button ajax_add_to_cart\">A\u00f1adir al carrito<\/a><\/div>\n\t\t\t<\/li><\/ul><\/div>\n\n<div data-block-name=\"woocommerce\/handpicked-products\" data-products=\"[702,436,701]\" class=\"wc-block-grid wp-block-handpicked-products wc-block-handpicked-products has-3-columns has-multiple-rows\"><ul class=\"wc-block-grid__products\"><li class=\"wc-block-grid__product\">\n\t\t\t\t<a href=\"https:\/\/bellezaconalma11.com\/index.php\/producto\/programa-sabiduria-elfica-alcanza-tus-suenos-paquete-super-completo\/\" class=\"wc-block-grid__product-link\">\n\t\t\t\t\t\n\t\t\t\t\t<div class=\"wc-block-grid__product-image\"><img loading=\"lazy\" decoding=\"async\" width=\"300\" height=\"300\" src=\"https:\/\/bellezaconalma11.com\/wp-content\/uploads\/2024\/09\/CB1591D0-CB3E-40D7-97E7-2127D817146A-300x300.jpeg\" class=\"attachment-woocommerce_thumbnail size-woocommerce_thumbnail\" alt=\"Programa Sabidur\u00eda \u00c9lfica Alcanza tus Sue\u00f1os Paquete Medio\" srcset=\"https:\/\/bellezaconalma11.com\/wp-content\/uploads\/2024\/09\/CB1591D0-CB3E-40D7-97E7-2127D817146A-300x300.jpeg 300w, https:\/\/bellezaconalma11.com\/wp-content\/uploads\/2024\/09\/CB1591D0-CB3E-40D7-97E7-2127D817146A-150x150.jpeg 150w, https:\/\/bellezaconalma11.com\/wp-content\/uploads\/2024\/09\/CB1591D0-CB3E-40D7-97E7-2127D817146A-75x75.jpeg 75w, https:\/\/bellezaconalma11.com\/wp-content\/uploads\/2024\/09\/CB1591D0-CB3E-40D7-97E7-2127D817146A-100x100.jpeg 100w\" sizes=\"(max-width: 300px) 100vw, 300px\" \/><\/div>\n\t\t\t\t\t<div class=\"wc-block-grid__product-title\">Programa Sabidur\u00eda \u00c9lfica Alcanza tus Sue\u00f1os Paquete Medio<\/div>\n\t\t\t\t<\/a>\n\t\t\t\t<div class=\"wc-block-grid__product-price price\"><span class=\"woocommerce-Price-amount amount\">1.800,00&nbsp;<span class=\"woocommerce-Price-currencySymbol\">&euro;<\/span><\/span><\/div>\n\t\t\t\t\n\t\t\t\t<div class=\"wp-block-button wc-block-grid__product-add-to-cart\"><a href=\"?add-to-cart=702\" aria-label=\"A\u00f1ade &ldquo;Programa Sabidur\u00eda \u00c9lfica Alcanza tus Sue\u00f1os Paquete Medio&rdquo; a tu carrito\" data-quantity=\"1\" data-product_id=\"702\" data-product_sku=\"\" data-price=\"1800\" rel=\"nofollow\" class=\"wp-block-button__link  add_to_cart_button ajax_add_to_cart\">A\u00f1adir al carrito<\/a><\/div>\n\t\t\t<\/li><li class=\"wc-block-grid__product\">\n\t\t\t\t<a href=\"https:\/\/bellezaconalma11.com\/index.php\/producto\/programa-sabiduria-elfica-alcanza-tus-suenos-solo-audios\/\" class=\"wc-block-grid__product-link\">\n\t\t\t\t\t<div class=\"wc-block-grid__product-onsale\">\n\t\t\t<span aria-hidden=\"true\">Oferta<\/span>\n\t\t\t<span class=\"screen-reader-text\">Producto en oferta<\/span>\n\t\t<\/div>\n\t\t\t\t\t<div class=\"wc-block-grid__product-image\"><img loading=\"lazy\" decoding=\"async\" width=\"300\" height=\"300\" src=\"https:\/\/bellezaconalma11.com\/wp-content\/uploads\/2024\/09\/CB1591D0-CB3E-40D7-97E7-2127D817146A-300x300.jpeg\" class=\"attachment-woocommerce_thumbnail size-woocommerce_thumbnail\" alt=\"Programa Sabidur\u00eda \u00c9lfica Alcanza tus Sue\u00f1os Paquete Sencillo\" srcset=\"https:\/\/bellezaconalma11.com\/wp-content\/uploads\/2024\/09\/CB1591D0-CB3E-40D7-97E7-2127D817146A-300x300.jpeg 300w, https:\/\/bellezaconalma11.com\/wp-content\/uploads\/2024\/09\/CB1591D0-CB3E-40D7-97E7-2127D817146A-150x150.jpeg 150w, https:\/\/bellezaconalma11.com\/wp-content\/uploads\/2024\/09\/CB1591D0-CB3E-40D7-97E7-2127D817146A-75x75.jpeg 75w, https:\/\/bellezaconalma11.com\/wp-content\/uploads\/2024\/09\/CB1591D0-CB3E-40D7-97E7-2127D817146A-100x100.jpeg 100w\" sizes=\"(max-width: 300px) 100vw, 300px\" \/><\/div>\n\t\t\t\t\t<div class=\"wc-block-grid__product-title\">Programa Sabidur\u00eda \u00c9lfica Alcanza tus Sue\u00f1os Paquete Sencillo<\/div>\n\t\t\t\t<\/a>\n\t\t\t\t<div class=\"wc-block-grid__product-price price\"><del aria-hidden=\"true\"><span class=\"woocommerce-Price-amount amount\">1.300,00&nbsp;<span class=\"woocommerce-Price-currencySymbol\">&euro;<\/span><\/span><\/del> <ins><span class=\"woocommerce-Price-amount amount\">980,00&nbsp;<span class=\"woocommerce-Price-currencySymbol\">&euro;<\/span><\/span><\/ins><\/div>\n\t\t\t\t\n\t\t\t\t<div class=\"wp-block-button wc-block-grid__product-add-to-cart\"><a href=\"?add-to-cart=701\" aria-label=\"A\u00f1ade &ldquo;Programa Sabidur\u00eda \u00c9lfica Alcanza tus Sue\u00f1os Paquete Sencillo&rdquo; a tu carrito\" data-quantity=\"1\" data-product_id=\"701\" data-product_sku=\"\" data-price=\"980\" rel=\"nofollow\" class=\"wp-block-button__link  add_to_cart_button ajax_add_to_cart\">A\u00f1adir al carrito<\/a><\/div>\n\t\t\t<\/li><li class=\"wc-block-grid__product\">\n\t\t\t\t<a href=\"https:\/\/bellezaconalma11.com\/index.php\/producto\/programa-sabiduria-elfica-alcanza-tus-suenos\/\" class=\"wc-block-grid__product-link\">\n\t\t\t\t\t<div class=\"wc-block-grid__product-onsale\">\n\t\t\t<span aria-hidden=\"true\">Oferta<\/span>\n\t\t\t<span class=\"screen-reader-text\">Producto en oferta<\/span>\n\t\t<\/div>\n\t\t\t\t\t<div class=\"wc-block-grid__product-image\"><img loading=\"lazy\" decoding=\"async\" width=\"300\" height=\"300\" src=\"https:\/\/bellezaconalma11.com\/wp-content\/uploads\/2024\/09\/CB1591D0-CB3E-40D7-97E7-2127D817146A-300x300.jpeg\" class=\"attachment-woocommerce_thumbnail size-woocommerce_thumbnail\" alt=\"Programa Sabidur\u00eda \u00c9lfica Alcanza tus Sue\u00f1os Super Completo\" srcset=\"https:\/\/bellezaconalma11.com\/wp-content\/uploads\/2024\/09\/CB1591D0-CB3E-40D7-97E7-2127D817146A-300x300.jpeg 300w, https:\/\/bellezaconalma11.com\/wp-content\/uploads\/2024\/09\/CB1591D0-CB3E-40D7-97E7-2127D817146A-150x150.jpeg 150w, https:\/\/bellezaconalma11.com\/wp-content\/uploads\/2024\/09\/CB1591D0-CB3E-40D7-97E7-2127D817146A-75x75.jpeg 75w, https:\/\/bellezaconalma11.com\/wp-content\/uploads\/2024\/09\/CB1591D0-CB3E-40D7-97E7-2127D817146A-100x100.jpeg 100w\" sizes=\"(max-width: 300px) 100vw, 300px\" \/><\/div>\n\t\t\t\t\t<div class=\"wc-block-grid__product-title\">Programa Sabidur\u00eda \u00c9lfica Alcanza tus Sue\u00f1os Super Completo<\/div>\n\t\t\t\t<\/a>\n\t\t\t\t<div class=\"wc-block-grid__product-price price\"><del aria-hidden=\"true\"><span class=\"woocommerce-Price-amount amount\">3.500,00&nbsp;<span class=\"woocommerce-Price-currencySymbol\">&euro;<\/span><\/span><\/del> <ins><span class=\"woocommerce-Price-amount amount\">2.900,00&nbsp;<span class=\"woocommerce-Price-currencySymbol\">&euro;<\/span><\/span><\/ins><\/div>\n\t\t\t\t\n\t\t\t\t<div class=\"wp-block-button wc-block-grid__product-add-to-cart\"><a href=\"?add-to-cart=436\" aria-label=\"A\u00f1ade &ldquo;Programa Sabidur\u00eda \u00c9lfica Alcanza tus Sue\u00f1os Super Completo&rdquo; a tu carrito\" data-quantity=\"1\" data-product_id=\"436\" data-product_sku=\"\" data-price=\"2900\" rel=\"nofollow\" class=\"wp-block-button__link  add_to_cart_button ajax_add_to_cart\">A\u00f1adir al carrito<\/a><\/div>\n\t\t\t<\/li><\/ul><\/div>\n\n<div data-block-name=\"woocommerce\/handpicked-products\" data-products=\"[1130,1128,1135]\" class=\"wc-block-grid wp-block-handpicked-products wc-block-handpicked-products has-3-columns has-multiple-rows\"><ul class=\"wc-block-grid__products\"><li class=\"wc-block-grid__product\">\n\t\t\t\t<a href=\"https:\/\/bellezaconalma11.com\/index.php\/producto\/programa-sabiduria-yo-superior-elevador-paquete-super-completo-proximamente\/\" class=\"wc-block-grid__product-link\">\n\t\t\t\t\t\n\t\t\t\t\t<div class=\"wc-block-grid__product-image\"><img loading=\"lazy\" decoding=\"async\" width=\"300\" height=\"300\" src=\"https:\/\/bellezaconalma11.com\/wp-content\/uploads\/2025\/04\/F3B32869-C2F5-4B17-9458-2A9509EE2136-e1744912602942-300x300.jpeg\" class=\"attachment-woocommerce_thumbnail size-woocommerce_thumbnail\" alt=\"Programa Sabidur\u00eda Yo Superior Elevador Paquete S\u00faper Completo (Pr\u00f3ximamente)\" srcset=\"https:\/\/bellezaconalma11.com\/wp-content\/uploads\/2025\/04\/F3B32869-C2F5-4B17-9458-2A9509EE2136-e1744912602942-300x300.jpeg 300w, https:\/\/bellezaconalma11.com\/wp-content\/uploads\/2025\/04\/F3B32869-C2F5-4B17-9458-2A9509EE2136-e1744912602942-150x150.jpeg 150w, https:\/\/bellezaconalma11.com\/wp-content\/uploads\/2025\/04\/F3B32869-C2F5-4B17-9458-2A9509EE2136-e1744912602942-75x75.jpeg 75w, https:\/\/bellezaconalma11.com\/wp-content\/uploads\/2025\/04\/F3B32869-C2F5-4B17-9458-2A9509EE2136-e1744912602942-100x100.jpeg 100w\" sizes=\"(max-width: 300px) 100vw, 300px\" \/><\/div>\n\t\t\t\t\t<div class=\"wc-block-grid__product-title\">Programa Sabidur\u00eda Yo Superior Elevador Paquete S\u00faper Completo (Pr\u00f3ximamente)<\/div>\n\t\t\t\t<\/a>\n\t\t\t\t<div class=\"wc-block-grid__product-price price\"><\/div>\n\t\t\t\t\n\t\t\t\t<div class=\"wp-block-button wc-block-grid__product-add-to-cart\"><a href=\"https:\/\/bellezaconalma11.com\/index.php\/producto\/programa-sabiduria-yo-superior-elevador-paquete-super-completo-proximamente\/\" aria-label=\"Lee m\u00e1s sobre &ldquo;Programa Sabidur\u00eda Yo Superior Elevador Paquete S\u00faper Completo (Pr\u00f3ximamente)&rdquo;\" data-quantity=\"1\" data-product_id=\"1135\" data-product_sku=\"\" data-price=\"0\" rel=\"nofollow\" class=\"wp-block-button__link  add_to_cart_button\">Leer m\u00e1s<\/a><\/div>\n\t\t\t<\/li><li class=\"wc-block-grid__product\">\n\t\t\t\t<a href=\"https:\/\/bellezaconalma11.com\/index.php\/producto\/programa-sabiduria-yo-superior-elevador-paquete-medio-proximamente\/\" class=\"wc-block-grid__product-link\">\n\t\t\t\t\t\n\t\t\t\t\t<div class=\"wc-block-grid__product-image\"><img loading=\"lazy\" decoding=\"async\" width=\"300\" height=\"300\" src=\"https:\/\/bellezaconalma11.com\/wp-content\/uploads\/2025\/04\/F3B32869-C2F5-4B17-9458-2A9509EE2136-e1744912602942-300x300.jpeg\" class=\"attachment-woocommerce_thumbnail size-woocommerce_thumbnail\" alt=\"Programa Sabidur\u00eda Yo Superior Elevador Paquete Medio (Pr\u00f3ximamente)\" srcset=\"https:\/\/bellezaconalma11.com\/wp-content\/uploads\/2025\/04\/F3B32869-C2F5-4B17-9458-2A9509EE2136-e1744912602942-300x300.jpeg 300w, https:\/\/bellezaconalma11.com\/wp-content\/uploads\/2025\/04\/F3B32869-C2F5-4B17-9458-2A9509EE2136-e1744912602942-150x150.jpeg 150w, https:\/\/bellezaconalma11.com\/wp-content\/uploads\/2025\/04\/F3B32869-C2F5-4B17-9458-2A9509EE2136-e1744912602942-75x75.jpeg 75w, https:\/\/bellezaconalma11.com\/wp-content\/uploads\/2025\/04\/F3B32869-C2F5-4B17-9458-2A9509EE2136-e1744912602942-100x100.jpeg 100w\" sizes=\"(max-width: 300px) 100vw, 300px\" \/><\/div>\n\t\t\t\t\t<div class=\"wc-block-grid__product-title\">Programa Sabidur\u00eda Yo Superior Elevador Paquete Medio (Pr\u00f3ximamente)<\/div>\n\t\t\t\t<\/a>\n\t\t\t\t<div class=\"wc-block-grid__product-price price\"><\/div>\n\t\t\t\t\n\t\t\t\t<div class=\"wp-block-button wc-block-grid__product-add-to-cart\"><a href=\"https:\/\/bellezaconalma11.com\/index.php\/producto\/programa-sabiduria-yo-superior-elevador-paquete-medio-proximamente\/\" aria-label=\"Lee m\u00e1s sobre &ldquo;Programa Sabidur\u00eda Yo Superior Elevador Paquete Medio (Pr\u00f3ximamente)&rdquo;\" data-quantity=\"1\" data-product_id=\"1130\" data-product_sku=\"\" data-price=\"0\" rel=\"nofollow\" class=\"wp-block-button__link  add_to_cart_button\">Leer m\u00e1s<\/a><\/div>\n\t\t\t<\/li><li class=\"wc-block-grid__product\">\n\t\t\t\t<a href=\"https:\/\/bellezaconalma11.com\/index.php\/producto\/programa-sabiduria-yo-superior-elevador-paquete-sencillo\/\" class=\"wc-block-grid__product-link\">\n\t\t\t\t\t\n\t\t\t\t\t<div class=\"wc-block-grid__product-image\"><img loading=\"lazy\" decoding=\"async\" width=\"300\" height=\"300\" src=\"https:\/\/bellezaconalma11.com\/wp-content\/uploads\/2025\/04\/F3B32869-C2F5-4B17-9458-2A9509EE2136-e1744912602942-300x300.jpeg\" class=\"attachment-woocommerce_thumbnail size-woocommerce_thumbnail\" alt=\"Programa Sabidur\u00eda Yo Superior Elevador Paquete Sencillo (Pr\u00f3ximamente)\" srcset=\"https:\/\/bellezaconalma11.com\/wp-content\/uploads\/2025\/04\/F3B32869-C2F5-4B17-9458-2A9509EE2136-e1744912602942-300x300.jpeg 300w, https:\/\/bellezaconalma11.com\/wp-content\/uploads\/2025\/04\/F3B32869-C2F5-4B17-9458-2A9509EE2136-e1744912602942-150x150.jpeg 150w, https:\/\/bellezaconalma11.com\/wp-content\/uploads\/2025\/04\/F3B32869-C2F5-4B17-9458-2A9509EE2136-e1744912602942-75x75.jpeg 75w, https:\/\/bellezaconalma11.com\/wp-content\/uploads\/2025\/04\/F3B32869-C2F5-4B17-9458-2A9509EE2136-e1744912602942-100x100.jpeg 100w\" sizes=\"(max-width: 300px) 100vw, 300px\" \/><\/div>\n\t\t\t\t\t<div class=\"wc-block-grid__product-title\">Programa Sabidur\u00eda Yo Superior Elevador Paquete Sencillo (Pr\u00f3ximamente)<\/div>\n\t\t\t\t<\/a>\n\t\t\t\t<div class=\"wc-block-grid__product-price price\"><\/div>\n\t\t\t\t\n\t\t\t\t<div class=\"wp-block-button wc-block-grid__product-add-to-cart\"><a href=\"https:\/\/bellezaconalma11.com\/index.php\/producto\/programa-sabiduria-yo-superior-elevador-paquete-sencillo\/\" aria-label=\"Lee m\u00e1s sobre &ldquo;Programa Sabidur\u00eda Yo Superior Elevador Paquete Sencillo (Pr\u00f3ximamente)&rdquo;\" data-quantity=\"1\" data-product_id=\"1128\" data-product_sku=\"\" data-price=\"0\" rel=\"nofollow\" class=\"wp-block-button__link  add_to_cart_button\">Leer m\u00e1s<\/a><\/div>\n\t\t\t<\/li><\/ul><\/div>\n\n\n<p>Los Programas de Sabidur\u00edas Ancestrales son programas que contienen una energ\u00eda Espiritual de alto nivel para abrir tus caminos y liberar bloqueos fuertes. Son programas muy poderosos ya que contienen Melodias, Meditaciones y sesiones trabajadas con Alta Magia blanca de Sabidur\u00eda Ancestral para que tu vida mejore de una forma incre\u00edble. En estos programas conectar\u00e1s con Guardianes de Luz, es decir, Gu\u00edas Espirituales personales que te ayudaran personalmente en esa situaci\u00f3n que te bloquea.<\/p>\n\n\n\n<p>Los Programas de Sabidurias Ancestrales se pueden coger Conocer\u00e1s a tu equipo de Luz que siempre a estado contigo, d\u00e1ndote apoyo y amor en todo aquello que te preocupa. No lo dudes y comienza el camino m\u00e1gico de Sabidur\u00edas Ancestrales, lee la descripci\u00f3n de cada programa y para que funciona, ya que cada uno de ellos tiene una funci\u00f3n especifica!<\/p>\n\n\n\n<p>PROGRAMA DE SABIDUR\u00cdA CELTA DE EMPODERAMIENTO <\/p>\n\n\n\n<p>PROGRAMA DE SABIDUR\u00cdA ELFICA ALCANZA TUS SUE\u00d1OS <\/p>\n\n\n\n<p>PROGRAMA DE SABIDUR\u00cdA YO SUPERIOR ELEVADOR (PR\u00d3XIMAMENTE)<\/p>\n","protected":false},"excerpt":{"rendered":"<p>Los Programas de Sabidur\u00edas Ancestrales son programas que contienen una energ\u00eda Espiritual de alto nivel para abrir tus caminos y liberar bloqueos fuertes. Son programas muy poderosos ya que contienen Melodias, Meditaciones y sesiones trabajadas con Alta Magia blanca de Sabidur\u00eda Ancestral para que tu vida mejore de una forma incre\u00edble. En estos programas conectar\u00e1s con Guardianes de Luz, es decir, Gu\u00edas Espirituales personales que te ayudaran personalmente en esa situaci\u00f3n que te bloquea. Los Programas de Sabidurias Ancestrales se pueden coger Conocer\u00e1s a tu equipo de Luz que siempre a estado contigo, d\u00e1ndote apoyo y amor en todo aquello que te preocupa. No lo dudes y comienza el camino m\u00e1gico de Sabidur\u00edas Ancestrales, lee la descripci\u00f3n de cada programa y para que funciona, ya que cada uno de ellos tiene una funci\u00f3n especifica! PROGRAMA DE SABIDUR\u00cdA CELTA DE EMPODERAMIENTO PROGRAMA DE SABIDUR\u00cdA ELFICA ALCANZA TUS SUE\u00d1OS PROGRAMA DE SABIDUR\u00cdA YO SUPERIOR ELEVADOR (PR\u00d3XIMAMENTE)<\/p>\n","protected":false},"author":1,"featured_media":0,"parent":0,"menu_order":0,"comment_status":"closed","ping_status":"closed","template":"","meta":{"footnotes":""},"jetpack_sharing_enabled":true,"acf":[],"_links":{"self":[{"href":"https:\/\/bellezaconalma11.com\/index.php\/wp-json\/wp\/v2\/pages\/437"}],"collection":[{"href":"https:\/\/bellezaconalma11.com\/index.php\/wp-json\/wp\/v2\/pages"}],"about":[{"href":"https:\/\/bellezaconalma11.com\/index.php\/wp-json\/wp\/v2\/types\/page"}],"author":[{"embeddable":true,"href":"https:\/\/bellezaconalma11.com\/index.php\/wp-json\/wp\/v2\/users\/1"}],"replies":[{"embeddable":true,"href":"https:\/\/bellezaconalma11.com\/index.php\/wp-json\/wp\/v2\/comments?post=437"}],"version-history":[{"count":28,"href":"https:\/\/bellezaconalma11.com\/index.php\/wp-json\/wp\/v2\/pages\/437\/revisions"}],"predecessor-version":[{"id":1136,"href":"https:\/\/bellezaconalma11.com\/index.php\/wp-json\/wp\/v2\/pages\/437\/revisions\/1136"}],"wp:attachment":[{"href":"https:\/\/bellezaconalma11.com\/index.php\/wp-json\/wp\/v2\/media?parent=437"}],"curies":[{"name":"wp","href":"https:\/\/api.w.org\/{rel}","templated":true}]}}