{"id":311,"date":"2024-03-24T12:59:43","date_gmt":"2024-03-24T11:59:43","guid":{"rendered":"https:\/\/bellezaconalma11.com\/?page_id=311"},"modified":"2024-07-10T16:18:51","modified_gmt":"2024-07-10T14:18:51","slug":"manifestacion-cuantica-con-los-5-sentidos","status":"publish","type":"page","link":"https:\/\/bellezaconalma11.com\/index.php\/manifestacion-cuantica-con-los-5-sentidos\/","title":{"rendered":"Manifestaci\u00f3n Cu\u00e1ntica con los 5 Sentidos"},"content":{"rendered":"<div data-block-name=\"woocommerce\/handpicked-products\" data-products=\"[175]\" class=\"wc-block-grid wp-block-handpicked-products wc-block-handpicked-products has-3-columns has-multiple-rows\"><ul class=\"wc-block-grid__products\"><li class=\"wc-block-grid__product\">\n\t\t\t\t<a href=\"https:\/\/bellezaconalma11.com\/index.php\/producto\/manifestacion-cuantica-con-los-5-sentidos\/\" class=\"wc-block-grid__product-link\">\n\t\t\t\t\t<div class=\"wc-block-grid__product-onsale\">\n\t\t\t<span aria-hidden=\"true\">Oferta<\/span>\n\t\t\t<span class=\"screen-reader-text\">Producto en oferta<\/span>\n\t\t<\/div>\n\t\t\t\t\t<div class=\"wc-block-grid__product-image\"><img loading=\"lazy\" decoding=\"async\" width=\"300\" height=\"300\" src=\"https:\/\/bellezaconalma11.com\/wp-content\/uploads\/2024\/10\/212C33CB-BED3-4092-B78C-7E7579BD065B-300x300.jpeg\" class=\"attachment-woocommerce_thumbnail size-woocommerce_thumbnail\" alt=\"Manifestaci\u00f3n Cu\u00e1ntica Atrae Amor Paquete Super Completo\" srcset=\"https:\/\/bellezaconalma11.com\/wp-content\/uploads\/2024\/10\/212C33CB-BED3-4092-B78C-7E7579BD065B-300x300.jpeg 300w, https:\/\/bellezaconalma11.com\/wp-content\/uploads\/2024\/10\/212C33CB-BED3-4092-B78C-7E7579BD065B-150x150.jpeg 150w, https:\/\/bellezaconalma11.com\/wp-content\/uploads\/2024\/10\/212C33CB-BED3-4092-B78C-7E7579BD065B-75x75.jpeg 75w, https:\/\/bellezaconalma11.com\/wp-content\/uploads\/2024\/10\/212C33CB-BED3-4092-B78C-7E7579BD065B-100x100.jpeg 100w\" sizes=\"(max-width: 300px) 100vw, 300px\" \/><\/div>\n\t\t\t\t\t<div class=\"wc-block-grid__product-title\">Manifestaci\u00f3n Cu\u00e1ntica Atrae Amor Paquete Super Completo<\/div>\n\t\t\t\t<\/a>\n\t\t\t\t<div class=\"wc-block-grid__product-price price\"><del aria-hidden=\"true\"><span class=\"woocommerce-Price-amount amount\">3.500,00&nbsp;<span class=\"woocommerce-Price-currencySymbol\">&euro;<\/span><\/span><\/del> <ins><span class=\"woocommerce-Price-amount amount\">2.800,00&nbsp;<span class=\"woocommerce-Price-currencySymbol\">&euro;<\/span><\/span><\/ins><\/div>\n\t\t\t\t<div class=\"wc-block-grid__product-rating\"><div class=\"star-rating\" role=\"img\" aria-label=\"Valorado con 5.00 de 5\"><span style=\"width:100%\">Valorado con <strong class=\"rating\">5.00<\/strong> de 5 en base a <span class=\"rating\">1<\/span> valoraci\u00f3n de un cliente<\/span><\/div><\/div>\n\t\t\t\t<div class=\"wp-block-button wc-block-grid__product-add-to-cart\"><a href=\"?add-to-cart=175\" aria-label=\"A\u00f1ade &ldquo;Manifestaci\u00f3n Cu\u00e1ntica Atrae Amor Paquete Super Completo&rdquo; a tu carrito\" data-quantity=\"1\" data-product_id=\"175\" data-product_sku=\"\" data-price=\"2800\" rel=\"nofollow\" class=\"wp-block-button__link  add_to_cart_button ajax_add_to_cart\">A\u00f1adir al carrito<\/a><\/div>\n\t\t\t<\/li><\/ul><\/div>\n\n<div data-block-name=\"woocommerce\/handpicked-products\" data-products=\"[370]\" class=\"wc-block-grid wp-block-handpicked-products wc-block-handpicked-products has-3-columns has-multiple-rows\"><ul class=\"wc-block-grid__products\"><li class=\"wc-block-grid__product\">\n\t\t\t\t<a href=\"https:\/\/bellezaconalma11.com\/index.php\/producto\/manifestacion-atraer-dinero\/\" class=\"wc-block-grid__product-link\">\n\t\t\t\t\t<div class=\"wc-block-grid__product-onsale\">\n\t\t\t<span aria-hidden=\"true\">Oferta<\/span>\n\t\t\t<span class=\"screen-reader-text\">Producto en oferta<\/span>\n\t\t<\/div>\n\t\t\t\t\t<div class=\"wc-block-grid__product-image\"><img loading=\"lazy\" decoding=\"async\" width=\"300\" height=\"300\" src=\"https:\/\/bellezaconalma11.com\/wp-content\/uploads\/2024\/10\/webResult-300x300.jpeg\" class=\"attachment-woocommerce_thumbnail size-woocommerce_thumbnail\" alt=\"Manifestaci\u00f3n Cu\u00e1ntica Atraer Dinero Paquete Super Completo\" srcset=\"https:\/\/bellezaconalma11.com\/wp-content\/uploads\/2024\/10\/webResult-300x300.jpeg 300w, https:\/\/bellezaconalma11.com\/wp-content\/uploads\/2024\/10\/webResult-150x150.jpeg 150w, https:\/\/bellezaconalma11.com\/wp-content\/uploads\/2024\/10\/webResult-75x75.jpeg 75w, https:\/\/bellezaconalma11.com\/wp-content\/uploads\/2024\/10\/webResult-100x100.jpeg 100w\" sizes=\"(max-width: 300px) 100vw, 300px\" \/><\/div>\n\t\t\t\t\t<div class=\"wc-block-grid__product-title\">Manifestaci\u00f3n Cu\u00e1ntica Atraer Dinero Paquete Super Completo<\/div>\n\t\t\t\t<\/a>\n\t\t\t\t<div class=\"wc-block-grid__product-price price\"><del aria-hidden=\"true\"><span class=\"woocommerce-Price-amount amount\">3.500,00&nbsp;<span class=\"woocommerce-Price-currencySymbol\">&euro;<\/span><\/span><\/del> <ins><span class=\"woocommerce-Price-amount amount\">2.800,00&nbsp;<span class=\"woocommerce-Price-currencySymbol\">&euro;<\/span><\/span><\/ins><\/div>\n\t\t\t\t\n\t\t\t\t<div class=\"wp-block-button wc-block-grid__product-add-to-cart\"><a href=\"?add-to-cart=370\" aria-label=\"A\u00f1ade &ldquo;Manifestaci\u00f3n Cu\u00e1ntica Atraer Dinero Paquete Super Completo&rdquo; a tu carrito\" data-quantity=\"1\" data-product_id=\"370\" data-product_sku=\"\" data-price=\"2800\" rel=\"nofollow\" class=\"wp-block-button__link  add_to_cart_button ajax_add_to_cart\">A\u00f1adir al carrito<\/a><\/div>\n\t\t\t<\/li><\/ul><\/div>","protected":false},"excerpt":{"rendered":"","protected":false},"author":1,"featured_media":0,"parent":0,"menu_order":0,"comment_status":"closed","ping_status":"closed","template":"","meta":{"footnotes":""},"jetpack_sharing_enabled":true,"acf":[],"_links":{"self":[{"href":"https:\/\/bellezaconalma11.com\/index.php\/wp-json\/wp\/v2\/pages\/311"}],"collection":[{"href":"https:\/\/bellezaconalma11.com\/index.php\/wp-json\/wp\/v2\/pages"}],"about":[{"href":"https:\/\/bellezaconalma11.com\/index.php\/wp-json\/wp\/v2\/types\/page"}],"author":[{"embeddable":true,"href":"https:\/\/bellezaconalma11.com\/index.php\/wp-json\/wp\/v2\/users\/1"}],"replies":[{"embeddable":true,"href":"https:\/\/bellezaconalma11.com\/index.php\/wp-json\/wp\/v2\/comments?post=311"}],"version-history":[{"count":5,"href":"https:\/\/bellezaconalma11.com\/index.php\/wp-json\/wp\/v2\/pages\/311\/revisions"}],"predecessor-version":[{"id":523,"href":"https:\/\/bellezaconalma11.com\/index.php\/wp-json\/wp\/v2\/pages\/311\/revisions\/523"}],"wp:attachment":[{"href":"https:\/\/bellezaconalma11.com\/index.php\/wp-json\/wp\/v2\/media?parent=311"}],"curies":[{"name":"wp","href":"https:\/\/api.w.org\/{rel}","templated":true}]}}