{"id":290,"date":"2024-03-10T19:55:05","date_gmt":"2024-03-10T18:55:05","guid":{"rendered":"https:\/\/bellezaconalma11.com\/?page_id=290"},"modified":"2024-05-05T17:29:04","modified_gmt":"2024-05-05T15:29:04","slug":"programa-sanacion-almica","status":"publish","type":"page","link":"https:\/\/bellezaconalma11.com\/index.php\/programa-sanacion-almica\/","title":{"rendered":"Programa Sanaci\u00f3n Almica"},"content":{"rendered":"\n<p>\u00bfSientes un vac\u00edo interno que no sabes explicar? \u00bfSientes que tus relaciones amorosas son desastrosas? \u00bfSientes que debes sanar un vinculo almico? \u00bfQuieres encontrar y sanar a tu alma gemela? Este es tu programa. El Programa de Sanacion Almica que he creado para ti es magico y liberador, el primer paso es conectar con tu alma, reconocerla y escucharla, ya que la mayoria de los seres humanos estan desconectados de su alma. Hace tiempo sentia un vacio en mi pecho, sentia que mi vida iba sin rumbo, estaba inmersa en relaciones toxicas, y no escuchaba a mi alma, hasta que comenc\u00e9 a escucharla, entenderla y desde alli sanarla. Cuando escuchas a tu alma puedes pedirle cualquier cosa, siempre que este alienado con el amor, yo le ped\u00ed sanar una relacion con mi alma gemela y fue maravilloso. Con toda mi expericnai y estudios Espirituales, he canalizado y creado este programa que no solo va a sanar a tu alma, si no elevarla, comprenderla, escucharla, mimarla y desde ah\u00ed desde tu amor propio puedes sanar tus relaciones, ya que todos venimos con vinculos y contratos almicos. En este programa vas a sanar tu relacion contigo mismo y con los dem\u00e1s, es un programa de amor propio  y desde ese amor propio ser feliz en el amor romantico. En este programa activaras una energ\u00eda tan bella que har\u00e1 que cosas bellas aparezcan en tu vida, desde sanar una relacion romantica, encontrar esa alma gemela, aquel deseo de tu alma puede hacerse realidad. Este Programa Super Completo de Sanaci\u00f3n Almica Incluye un asesoramiento personalizado a trav\u00e9s de tu Carta Astral Almica, Sinastria de Pareja Almica para ver profundamente a la persona de tu inter\u00e9s. Acceder\u00e9 profundamente a tus Informes Almicos, para verificar tus heridas emocionales, procesos y aprendizajes almicos. Con esta informaci\u00f3n, podr\u00e9 prepararte sesiones personalizadas, Sesiones de Coaching Almico para darte herramientas claves. <\/p>\n\n\n\n<p>Este Programa incluye;<\/p>\n\n\n\n<p>5 Sesiones de Coaching Almico, Astrolgia y Carta Astral Almica, Sinastria de Pareja Almica, Informes Almicos<\/p>\n\n\n\n<p>6 Audios de Meditacion\/Hipnosis de 50 a 60 minutos, con Melod\u00edas Sagradas compuestas por mi que incluyen; Ba\u00f1o de sonido, instrumentos sanadores para sanar el alma, cantos sanadores intuitivos.<\/p>\n\n\n\n<p>Manual paso a paso en PDF, donde incluye una formaci\u00f3n Completa donde explico que es el Alma, como sanarla, como entenderla, como mejorar tus relaciones y muchas mas herramientas y rituales potentes personalizados. Tambi\u00e9n incluye ejercicios para realizar en tu d\u00eda a d\u00eda que van a cambiar tu vida.<\/p>\n\n\n\n<p>Lo que vas a lograr con este programa:<\/p>\n\n\n\n<p>Sanar tu alma y elevar tu vibracion<\/p>\n\n\n\n<p>Saber escuchar a tu alma<\/p>\n\n\n\n<p>Conocer tu esencia<\/p>\n\n\n\n<p>Liberarte de heridas emocionales muy profundas<\/p>\n\n\n\n<p>Ser feliz en tu vida<\/p>\n\n\n\n<p>Fluir con tus emociones<\/p>\n\n\n\n<p>Sanar vinculos almicos, almas gemelas, llamas gemelas, almas afines etc<\/p>\n\n\n\n<p>Encontrar a tu alma gemela<\/p>\n\n\n\n<p>Sanar vinculos traumaticos <\/p>\n\n\n\n<p>Ser feliz en el amor<\/p>\n\n\n\n<p>Abrirte al amor<\/p>\n\n\n\n<p>Conectar con el amor universal e incondicional<\/p>\n\n\n\n<p>Tambi\u00e9n existe la opci\u00f3n de obtener solo los audios, pero obviamente no es tan potente como todo el Pack Completo!<\/p>\n\n\n<div data-block-name=\"woocommerce\/handpicked-products\" data-products=\"[282]\" class=\"wc-block-grid wp-block-handpicked-products wc-block-handpicked-products has-3-columns has-multiple-rows\"><ul class=\"wc-block-grid__products\"><li class=\"wc-block-grid__product\">\n\t\t\t\t<a href=\"https:\/\/bellezaconalma11.com\/index.php\/producto\/paquete-super-completo-almico\/\" class=\"wc-block-grid__product-link\">\n\t\t\t\t\t<div class=\"wc-block-grid__product-onsale\">\n\t\t\t<span aria-hidden=\"true\">Oferta<\/span>\n\t\t\t<span class=\"screen-reader-text\">Producto en oferta<\/span>\n\t\t<\/div>\n\t\t\t\t\t<div class=\"wc-block-grid__product-image\"><img loading=\"lazy\" decoding=\"async\" width=\"300\" height=\"300\" src=\"https:\/\/bellezaconalma11.com\/wp-content\/uploads\/2024\/09\/72E2C425-C7A7-4263-9BB1-DA50E3D0B323-300x300.png\" class=\"attachment-woocommerce_thumbnail size-woocommerce_thumbnail\" alt=\"Programa Transformador de Sanaci\u00f3n Almica\" srcset=\"https:\/\/bellezaconalma11.com\/wp-content\/uploads\/2024\/09\/72E2C425-C7A7-4263-9BB1-DA50E3D0B323-300x300.png 300w, https:\/\/bellezaconalma11.com\/wp-content\/uploads\/2024\/09\/72E2C425-C7A7-4263-9BB1-DA50E3D0B323-150x150.png 150w, https:\/\/bellezaconalma11.com\/wp-content\/uploads\/2024\/09\/72E2C425-C7A7-4263-9BB1-DA50E3D0B323-75x75.png 75w, https:\/\/bellezaconalma11.com\/wp-content\/uploads\/2024\/09\/72E2C425-C7A7-4263-9BB1-DA50E3D0B323-100x100.png 100w\" sizes=\"(max-width: 300px) 100vw, 300px\" \/><\/div>\n\t\t\t\t\t<div class=\"wc-block-grid__product-title\">Programa Transformador de Sanaci\u00f3n Almica<\/div>\n\t\t\t\t<\/a>\n\t\t\t\t<div class=\"wc-block-grid__product-price price\"><del aria-hidden=\"true\"><span class=\"woocommerce-Price-amount amount\">3.500,00&nbsp;<span class=\"woocommerce-Price-currencySymbol\">&euro;<\/span><\/span><\/del> <ins><span class=\"woocommerce-Price-amount amount\">2.900,00&nbsp;<span class=\"woocommerce-Price-currencySymbol\">&euro;<\/span><\/span><\/ins><\/div>\n\t\t\t\t<div class=\"wc-block-grid__product-rating\"><div class=\"star-rating\" role=\"img\" aria-label=\"Valorado con 5.00 de 5\"><span style=\"width:100%\">Valorado con <strong class=\"rating\">5.00<\/strong> de 5 en base a <span class=\"rating\">1<\/span> valoraci\u00f3n de un cliente<\/span><\/div><\/div>\n\t\t\t\t<div class=\"wp-block-button wc-block-grid__product-add-to-cart\"><a href=\"?add-to-cart=282\" aria-label=\"A\u00f1ade &ldquo;Programa Transformador de Sanaci\u00f3n Almica&rdquo; a tu carrito\" data-quantity=\"1\" data-product_id=\"282\" data-product_sku=\"\" data-price=\"2900\" rel=\"nofollow\" class=\"wp-block-button__link  add_to_cart_button ajax_add_to_cart\">A\u00f1adir al carrito<\/a><\/div>\n\t\t\t<\/li><\/ul><\/div>\n\n<div data-block-name=\"woocommerce\/handpicked-products\" data-products=\"[356]\" class=\"wc-block-grid wp-block-handpicked-products wc-block-handpicked-products has-3-columns has-multiple-rows\"><ul class=\"wc-block-grid__products\"><li class=\"wc-block-grid__product\">\n\t\t\t\t<a href=\"https:\/\/bellezaconalma11.com\/index.php\/producto\/programa-sanacion-almica-solo-audios\/\" class=\"wc-block-grid__product-link\">\n\t\t\t\t\t\n\t\t\t\t\t<div class=\"wc-block-grid__product-image\"><img loading=\"lazy\" decoding=\"async\" width=\"300\" height=\"300\" src=\"https:\/\/bellezaconalma11.com\/wp-content\/uploads\/2024\/09\/72E2C425-C7A7-4263-9BB1-DA50E3D0B323-300x300.png\" class=\"attachment-woocommerce_thumbnail size-woocommerce_thumbnail\" alt=\"Programa Inicial de Sanaci\u00f3n Almica\" srcset=\"https:\/\/bellezaconalma11.com\/wp-content\/uploads\/2024\/09\/72E2C425-C7A7-4263-9BB1-DA50E3D0B323-300x300.png 300w, https:\/\/bellezaconalma11.com\/wp-content\/uploads\/2024\/09\/72E2C425-C7A7-4263-9BB1-DA50E3D0B323-150x150.png 150w, https:\/\/bellezaconalma11.com\/wp-content\/uploads\/2024\/09\/72E2C425-C7A7-4263-9BB1-DA50E3D0B323-75x75.png 75w, https:\/\/bellezaconalma11.com\/wp-content\/uploads\/2024\/09\/72E2C425-C7A7-4263-9BB1-DA50E3D0B323-100x100.png 100w\" sizes=\"(max-width: 300px) 100vw, 300px\" \/><\/div>\n\t\t\t\t\t<div class=\"wc-block-grid__product-title\">Programa Inicial de Sanaci\u00f3n Almica<\/div>\n\t\t\t\t<\/a>\n\t\t\t\t<div class=\"wc-block-grid__product-price price\"><span class=\"woocommerce-Price-amount amount\">1.300,00&nbsp;<span class=\"woocommerce-Price-currencySymbol\">&euro;<\/span><\/span><\/div>\n\t\t\t\t<div class=\"wc-block-grid__product-rating\"><div class=\"star-rating\" role=\"img\" aria-label=\"Valorado con 5.00 de 5\"><span style=\"width:100%\">Valorado con <strong class=\"rating\">5.00<\/strong> de 5 en base a <span class=\"rating\">1<\/span> valoraci\u00f3n de un cliente<\/span><\/div><\/div>\n\t\t\t\t<div class=\"wp-block-button wc-block-grid__product-add-to-cart\"><a href=\"?add-to-cart=356\" aria-label=\"A\u00f1ade &ldquo;Programa Inicial de Sanaci\u00f3n Almica&rdquo; a tu carrito\" data-quantity=\"1\" data-product_id=\"356\" data-product_sku=\"\" data-price=\"1300\" rel=\"nofollow\" class=\"wp-block-button__link  add_to_cart_button ajax_add_to_cart\">A\u00f1adir al carrito<\/a><\/div>\n\t\t\t<\/li><\/ul><\/div>","protected":false},"excerpt":{"rendered":"<p>\u00bfSientes un vac\u00edo interno que no sabes explicar? \u00bfSientes que tus relaciones amorosas son desastrosas? \u00bfSientes que debes sanar un vinculo almico? \u00bfQuieres encontrar y sanar a tu alma gemela? Este es tu programa. El Programa de Sanacion Almica que he creado para ti es magico y liberador, el primer paso es conectar con tu alma, reconocerla y escucharla, ya que la mayoria de los seres humanos estan desconectados de su alma. Hace tiempo sentia un vacio en mi pecho, sentia que mi vida iba sin rumbo, estaba inmersa en relaciones toxicas, y no escuchaba a mi alma, hasta que comenc\u00e9 a escucharla, entenderla y desde alli sanarla. Cuando escuchas a tu alma puedes pedirle cualquier cosa, siempre que este alienado con el amor, yo le ped\u00ed sanar una relacion con mi alma gemela y fue maravilloso. Con toda mi expericnai y estudios Espirituales, he canalizado y creado este programa que no solo va a sanar a tu alma, si no elevarla, comprenderla, escucharla, mimarla y desde ah\u00ed desde tu amor propio puedes sanar tus relaciones, ya que todos venimos con vinculos y contratos almicos. En este programa vas a sanar tu relacion contigo mismo y con los dem\u00e1s, es un programa de amor propio y desde ese amor propio ser feliz en el amor romantico. En este programa activaras una energ\u00eda tan bella que har\u00e1 que cosas bellas aparezcan en tu vida, desde sanar una relacion romantica, encontrar esa alma gemela, aquel deseo de tu alma puede hacerse realidad. Este Programa Super Completo de Sanaci\u00f3n Almica Incluye un asesoramiento personalizado a trav\u00e9s de tu Carta Astral Almica, Sinastria de Pareja Almica para ver profundamente a la persona de tu inter\u00e9s. Acceder\u00e9 profundamente a tus Informes Almicos, para verificar tus heridas emocionales, procesos y aprendizajes almicos. Con esta informaci\u00f3n, podr\u00e9 prepararte sesiones personalizadas, Sesiones de Coaching Almico para darte herramientas claves. Este Programa incluye; 5 Sesiones de Coaching Almico, Astrolgia y Carta Astral Almica, Sinastria de Pareja Almica, Informes Almicos 6 Audios de Meditacion\/Hipnosis de 50 a 60 minutos, con Melod\u00edas Sagradas compuestas por mi que incluyen; Ba\u00f1o de sonido, instrumentos sanadores para sanar el alma, cantos sanadores intuitivos. Manual paso a paso en PDF, donde incluye una formaci\u00f3n Completa donde explico que es el Alma, como sanarla, como entenderla, como mejorar tus relaciones y muchas mas herramientas y rituales potentes personalizados. Tambi\u00e9n incluye ejercicios para realizar en tu d\u00eda a d\u00eda que van a cambiar tu vida. Lo que vas a lograr con este programa: Sanar tu alma y elevar tu vibracion Saber escuchar a tu alma Conocer tu esencia Liberarte de heridas emocionales muy profundas Ser feliz en tu vida Fluir con tus emociones Sanar vinculos almicos, almas gemelas, llamas gemelas, almas afines etc Encontrar a tu alma gemela Sanar vinculos traumaticos Ser feliz en el amor Abrirte al amor Conectar con el amor universal e incondicional Tambi\u00e9n existe la opci\u00f3n de obtener solo los audios, pero obviamente no es tan potente como todo el Pack Completo!<\/p>\n","protected":false},"author":1,"featured_media":0,"parent":0,"menu_order":0,"comment_status":"closed","ping_status":"closed","template":"","meta":{"footnotes":""},"jetpack_sharing_enabled":true,"acf":[],"_links":{"self":[{"href":"https:\/\/bellezaconalma11.com\/index.php\/wp-json\/wp\/v2\/pages\/290"}],"collection":[{"href":"https:\/\/bellezaconalma11.com\/index.php\/wp-json\/wp\/v2\/pages"}],"about":[{"href":"https:\/\/bellezaconalma11.com\/index.php\/wp-json\/wp\/v2\/types\/page"}],"author":[{"embeddable":true,"href":"https:\/\/bellezaconalma11.com\/index.php\/wp-json\/wp\/v2\/users\/1"}],"replies":[{"embeddable":true,"href":"https:\/\/bellezaconalma11.com\/index.php\/wp-json\/wp\/v2\/comments?post=290"}],"version-history":[{"count":8,"href":"https:\/\/bellezaconalma11.com\/index.php\/wp-json\/wp\/v2\/pages\/290\/revisions"}],"predecessor-version":[{"id":362,"href":"https:\/\/bellezaconalma11.com\/index.php\/wp-json\/wp\/v2\/pages\/290\/revisions\/362"}],"wp:attachment":[{"href":"https:\/\/bellezaconalma11.com\/index.php\/wp-json\/wp\/v2\/media?parent=290"}],"curies":[{"name":"wp","href":"https:\/\/api.w.org\/{rel}","templated":true}]}}