{"id":251,"date":"2024-03-10T18:18:05","date_gmt":"2024-03-10T17:18:05","guid":{"rendered":"https:\/\/bellezaconalma11.com\/?page_id=251"},"modified":"2026-01-28T12:53:10","modified_gmt":"2026-01-28T11:53:10","slug":"programas-sanadores","status":"publish","type":"page","link":"https:\/\/bellezaconalma11.com\/index.php\/programas-sanadores\/","title":{"rendered":"LIMPIEZA ENERGETICA"},"content":{"rendered":"\n<p>Limpieza Karmika <\/p>\n\n\n<div data-block-name=\"woocommerce\/handpicked-products\" data-products=\"[689,266,276]\" class=\"wc-block-grid wp-block-handpicked-products wc-block-handpicked-products has-3-columns has-multiple-rows\"><ul class=\"wc-block-grid__products\"><li class=\"wc-block-grid__product\">\n\t\t\t\t<a href=\"https:\/\/bellezaconalma11.com\/index.php\/producto\/programa-sanacion-karmika-paquete-medio\/\" class=\"wc-block-grid__product-link\">\n\t\t\t\t\t<div class=\"wc-block-grid__product-onsale\">\n\t\t\t<span aria-hidden=\"true\">Oferta<\/span>\n\t\t\t<span class=\"screen-reader-text\">Producto en oferta<\/span>\n\t\t<\/div>\n\t\t\t\t\t<div class=\"wc-block-grid__product-image\"><img loading=\"lazy\" decoding=\"async\" width=\"300\" height=\"300\" src=\"https:\/\/bellezaconalma11.com\/wp-content\/uploads\/2024\/05\/karma-300x300.jpg\" class=\"attachment-woocommerce_thumbnail size-woocommerce_thumbnail\" alt=\"Programa Profundo de Limpieza Karmika\" srcset=\"https:\/\/bellezaconalma11.com\/wp-content\/uploads\/2024\/05\/karma-300x300.jpg 300w, https:\/\/bellezaconalma11.com\/wp-content\/uploads\/2024\/05\/karma-150x150.jpg 150w, https:\/\/bellezaconalma11.com\/wp-content\/uploads\/2024\/05\/karma-768x768.jpg 768w, https:\/\/bellezaconalma11.com\/wp-content\/uploads\/2024\/05\/karma-75x75.jpg 75w, https:\/\/bellezaconalma11.com\/wp-content\/uploads\/2024\/05\/karma-600x600.jpg 600w, https:\/\/bellezaconalma11.com\/wp-content\/uploads\/2024\/05\/karma-100x100.jpg 100w, https:\/\/bellezaconalma11.com\/wp-content\/uploads\/2024\/05\/karma.jpg 1024w\" sizes=\"(max-width: 300px) 100vw, 300px\" \/><\/div>\n\t\t\t\t\t<div class=\"wc-block-grid__product-title\">Programa Profundo de Limpieza Karmika<\/div>\n\t\t\t\t<\/a>\n\t\t\t\t<div class=\"wc-block-grid__product-price price\"><del aria-hidden=\"true\"><span class=\"woocommerce-Price-amount amount\">1.800,00&nbsp;<span class=\"woocommerce-Price-currencySymbol\">&euro;<\/span><\/span><\/del> <ins><span class=\"woocommerce-Price-amount amount\">1.500,00&nbsp;<span class=\"woocommerce-Price-currencySymbol\">&euro;<\/span><\/span><\/ins><\/div>\n\t\t\t\t\n\t\t\t\t<div class=\"wp-block-button wc-block-grid__product-add-to-cart\"><a href=\"?add-to-cart=689\" aria-label=\"A\u00f1ade &ldquo;Programa Profundo de Limpieza Karmika&rdquo; a tu carrito\" data-quantity=\"1\" data-product_id=\"689\" data-product_sku=\"\" data-price=\"1500\" rel=\"nofollow\" class=\"wp-block-button__link  add_to_cart_button ajax_add_to_cart\">A\u00f1adir al carrito<\/a><\/div>\n\t\t\t<\/li><li class=\"wc-block-grid__product\">\n\t\t\t\t<a href=\"https:\/\/bellezaconalma11.com\/index.php\/producto\/paquete-solo-audios\/\" class=\"wc-block-grid__product-link\">\n\t\t\t\t\t<div class=\"wc-block-grid__product-onsale\">\n\t\t\t<span aria-hidden=\"true\">Oferta<\/span>\n\t\t\t<span class=\"screen-reader-text\">Producto en oferta<\/span>\n\t\t<\/div>\n\t\t\t\t\t<div class=\"wc-block-grid__product-image\"><img loading=\"lazy\" decoding=\"async\" width=\"300\" height=\"300\" src=\"https:\/\/bellezaconalma11.com\/wp-content\/uploads\/2024\/05\/karma-300x300.jpg\" class=\"attachment-woocommerce_thumbnail size-woocommerce_thumbnail\" alt=\"Programa Inicial de Limpieza Karmika\" srcset=\"https:\/\/bellezaconalma11.com\/wp-content\/uploads\/2024\/05\/karma-300x300.jpg 300w, https:\/\/bellezaconalma11.com\/wp-content\/uploads\/2024\/05\/karma-150x150.jpg 150w, https:\/\/bellezaconalma11.com\/wp-content\/uploads\/2024\/05\/karma-768x768.jpg 768w, https:\/\/bellezaconalma11.com\/wp-content\/uploads\/2024\/05\/karma-75x75.jpg 75w, https:\/\/bellezaconalma11.com\/wp-content\/uploads\/2024\/05\/karma-600x600.jpg 600w, https:\/\/bellezaconalma11.com\/wp-content\/uploads\/2024\/05\/karma-100x100.jpg 100w, https:\/\/bellezaconalma11.com\/wp-content\/uploads\/2024\/05\/karma.jpg 1024w\" sizes=\"(max-width: 300px) 100vw, 300px\" \/><\/div>\n\t\t\t\t\t<div class=\"wc-block-grid__product-title\">Programa Inicial de Limpieza Karmika<\/div>\n\t\t\t\t<\/a>\n\t\t\t\t<div class=\"wc-block-grid__product-price price\"><del aria-hidden=\"true\"><span class=\"woocommerce-Price-amount amount\">1.300,00&nbsp;<span class=\"woocommerce-Price-currencySymbol\">&euro;<\/span><\/span><\/del> <ins><span class=\"woocommerce-Price-amount amount\">980,00&nbsp;<span class=\"woocommerce-Price-currencySymbol\">&euro;<\/span><\/span><\/ins><\/div>\n\t\t\t\t\n\t\t\t\t<div class=\"wp-block-button wc-block-grid__product-add-to-cart\"><a href=\"?add-to-cart=276\" aria-label=\"A\u00f1ade &ldquo;Programa Inicial de Limpieza Karmika&rdquo; a tu carrito\" data-quantity=\"1\" data-product_id=\"276\" data-product_sku=\"\" data-price=\"980\" rel=\"nofollow\" class=\"wp-block-button__link  add_to_cart_button ajax_add_to_cart\">A\u00f1adir al carrito<\/a><\/div>\n\t\t\t<\/li><li class=\"wc-block-grid__product\">\n\t\t\t\t<a href=\"https:\/\/bellezaconalma11.com\/index.php\/producto\/paquete-sanacion-karmika\/\" class=\"wc-block-grid__product-link\">\n\t\t\t\t\t<div class=\"wc-block-grid__product-onsale\">\n\t\t\t<span aria-hidden=\"true\">Oferta<\/span>\n\t\t\t<span class=\"screen-reader-text\">Producto en oferta<\/span>\n\t\t<\/div>\n\t\t\t\t\t<div class=\"wc-block-grid__product-image\"><img loading=\"lazy\" decoding=\"async\" width=\"300\" height=\"300\" src=\"https:\/\/bellezaconalma11.com\/wp-content\/uploads\/2024\/05\/karma-300x300.jpg\" class=\"attachment-woocommerce_thumbnail size-woocommerce_thumbnail\" alt=\"Programa Sanaci\u00f3n Karmika Paquete Super Completo\" srcset=\"https:\/\/bellezaconalma11.com\/wp-content\/uploads\/2024\/05\/karma-300x300.jpg 300w, https:\/\/bellezaconalma11.com\/wp-content\/uploads\/2024\/05\/karma-150x150.jpg 150w, https:\/\/bellezaconalma11.com\/wp-content\/uploads\/2024\/05\/karma-768x768.jpg 768w, https:\/\/bellezaconalma11.com\/wp-content\/uploads\/2024\/05\/karma-75x75.jpg 75w, https:\/\/bellezaconalma11.com\/wp-content\/uploads\/2024\/05\/karma-600x600.jpg 600w, https:\/\/bellezaconalma11.com\/wp-content\/uploads\/2024\/05\/karma-100x100.jpg 100w, https:\/\/bellezaconalma11.com\/wp-content\/uploads\/2024\/05\/karma.jpg 1024w\" sizes=\"(max-width: 300px) 100vw, 300px\" \/><\/div>\n\t\t\t\t\t<div class=\"wc-block-grid__product-title\">Programa Sanaci\u00f3n Karmika Paquete Super Completo<\/div>\n\t\t\t\t<\/a>\n\t\t\t\t<div class=\"wc-block-grid__product-price price\"><del aria-hidden=\"true\"><span class=\"woocommerce-Price-amount amount\">3.200,00&nbsp;<span class=\"woocommerce-Price-currencySymbol\">&euro;<\/span><\/span><\/del> <ins><span class=\"woocommerce-Price-amount amount\">2.800,00&nbsp;<span class=\"woocommerce-Price-currencySymbol\">&euro;<\/span><\/span><\/ins><\/div>\n\t\t\t\t\n\t\t\t\t<div class=\"wp-block-button wc-block-grid__product-add-to-cart\"><a href=\"?add-to-cart=266\" aria-label=\"A\u00f1ade &ldquo;Programa Sanaci\u00f3n Karmika Paquete Super Completo&rdquo; a tu carrito\" data-quantity=\"1\" data-product_id=\"266\" data-product_sku=\"\" data-price=\"2800\" rel=\"nofollow\" class=\"wp-block-button__link  add_to_cart_button ajax_add_to_cart\">A\u00f1adir al carrito<\/a><\/div>\n\t\t\t<\/li><\/ul><\/div>\n\n\n<div class=\"wp-block-jetpack-payment-buttons is-layout-flex wp-block-payment-buttons-is-layout-flex\">\n\n\n\n<\/div>\n\n\n<div data-block-name=\"woocommerce\/handpicked-products\" data-products=\"[921,918,927]\" class=\"wc-block-grid wp-block-handpicked-products wc-block-handpicked-products has-3-columns has-multiple-rows\"><ul class=\"wc-block-grid__products\"><li class=\"wc-block-grid__product\">\n\t\t\t\t<a href=\"https:\/\/bellezaconalma11.com\/index.php\/producto\/programa-sanacion-zodiacal-paquete-super-completo\/\" class=\"wc-block-grid__product-link\">\n\t\t\t\t\t<div class=\"wc-block-grid__product-onsale\">\n\t\t\t<span aria-hidden=\"true\">Oferta<\/span>\n\t\t\t<span class=\"screen-reader-text\">Producto en oferta<\/span>\n\t\t<\/div>\n\t\t\t\t\t<div class=\"wc-block-grid__product-image\"><img loading=\"lazy\" decoding=\"async\" width=\"300\" height=\"300\" src=\"https:\/\/bellezaconalma11.com\/wp-content\/uploads\/2025\/01\/18D36669-4015-4250-A035-B359E177BB1B-300x300.jpeg\" class=\"attachment-woocommerce_thumbnail size-woocommerce_thumbnail\" alt=\"Programa Transformador de Limpieza Zodiacal\" srcset=\"https:\/\/bellezaconalma11.com\/wp-content\/uploads\/2025\/01\/18D36669-4015-4250-A035-B359E177BB1B-300x300.jpeg 300w, https:\/\/bellezaconalma11.com\/wp-content\/uploads\/2025\/01\/18D36669-4015-4250-A035-B359E177BB1B-150x150.jpeg 150w, https:\/\/bellezaconalma11.com\/wp-content\/uploads\/2025\/01\/18D36669-4015-4250-A035-B359E177BB1B-75x75.jpeg 75w, https:\/\/bellezaconalma11.com\/wp-content\/uploads\/2025\/01\/18D36669-4015-4250-A035-B359E177BB1B-100x100.jpeg 100w\" sizes=\"(max-width: 300px) 100vw, 300px\" \/><\/div>\n\t\t\t\t\t<div class=\"wc-block-grid__product-title\">Programa Transformador de Limpieza Zodiacal<\/div>\n\t\t\t\t<\/a>\n\t\t\t\t<div class=\"wc-block-grid__product-price price\"><del aria-hidden=\"true\"><span class=\"woocommerce-Price-amount amount\">3.500,00&nbsp;<span class=\"woocommerce-Price-currencySymbol\">&euro;<\/span><\/span><\/del> <ins><span class=\"woocommerce-Price-amount amount\">2.800,00&nbsp;<span class=\"woocommerce-Price-currencySymbol\">&euro;<\/span><\/span><\/ins><\/div>\n\t\t\t\t\n\t\t\t\t<div class=\"wp-block-button wc-block-grid__product-add-to-cart\"><a href=\"?add-to-cart=927\" aria-label=\"A\u00f1ade &ldquo;Programa Transformador de Limpieza Zodiacal&rdquo; a tu carrito\" data-quantity=\"1\" data-product_id=\"927\" data-product_sku=\"\" data-price=\"2800\" rel=\"nofollow\" class=\"wp-block-button__link  add_to_cart_button ajax_add_to_cart\">A\u00f1adir al carrito<\/a><\/div>\n\t\t\t<\/li><li class=\"wc-block-grid__product\">\n\t\t\t\t<a href=\"https:\/\/bellezaconalma11.com\/index.php\/producto\/programa-sanacion-zodiacal-paquete-medio\/\" class=\"wc-block-grid__product-link\">\n\t\t\t\t\t<div class=\"wc-block-grid__product-onsale\">\n\t\t\t<span aria-hidden=\"true\">Oferta<\/span>\n\t\t\t<span class=\"screen-reader-text\">Producto en oferta<\/span>\n\t\t<\/div>\n\t\t\t\t\t<div class=\"wc-block-grid__product-image\"><img loading=\"lazy\" decoding=\"async\" width=\"300\" height=\"300\" src=\"https:\/\/bellezaconalma11.com\/wp-content\/uploads\/2025\/01\/18D36669-4015-4250-A035-B359E177BB1B-300x300.jpeg\" class=\"attachment-woocommerce_thumbnail size-woocommerce_thumbnail\" alt=\"Programa Profundo Limpieza Zodiacal\" srcset=\"https:\/\/bellezaconalma11.com\/wp-content\/uploads\/2025\/01\/18D36669-4015-4250-A035-B359E177BB1B-300x300.jpeg 300w, https:\/\/bellezaconalma11.com\/wp-content\/uploads\/2025\/01\/18D36669-4015-4250-A035-B359E177BB1B-150x150.jpeg 150w, https:\/\/bellezaconalma11.com\/wp-content\/uploads\/2025\/01\/18D36669-4015-4250-A035-B359E177BB1B-75x75.jpeg 75w, https:\/\/bellezaconalma11.com\/wp-content\/uploads\/2025\/01\/18D36669-4015-4250-A035-B359E177BB1B-100x100.jpeg 100w\" sizes=\"(max-width: 300px) 100vw, 300px\" \/><\/div>\n\t\t\t\t\t<div class=\"wc-block-grid__product-title\">Programa Profundo Limpieza Zodiacal<\/div>\n\t\t\t\t<\/a>\n\t\t\t\t<div class=\"wc-block-grid__product-price price\"><del aria-hidden=\"true\"><span class=\"woocommerce-Price-amount amount\">1.800,00&nbsp;<span class=\"woocommerce-Price-currencySymbol\">&euro;<\/span><\/span><\/del> <ins><span class=\"woocommerce-Price-amount amount\">1.500,00&nbsp;<span class=\"woocommerce-Price-currencySymbol\">&euro;<\/span><\/span><\/ins><\/div>\n\t\t\t\t\n\t\t\t\t<div class=\"wp-block-button wc-block-grid__product-add-to-cart\"><a href=\"?add-to-cart=921\" aria-label=\"A\u00f1ade &ldquo;Programa Profundo Limpieza Zodiacal&rdquo; a tu carrito\" data-quantity=\"1\" data-product_id=\"921\" data-product_sku=\"\" data-price=\"1500\" rel=\"nofollow\" class=\"wp-block-button__link  add_to_cart_button ajax_add_to_cart\">A\u00f1adir al carrito<\/a><\/div>\n\t\t\t<\/li><li class=\"wc-block-grid__product\">\n\t\t\t\t<a href=\"https:\/\/bellezaconalma11.com\/index.php\/producto\/programa-sanacion-zodiacal-paquete-sencillo\/\" class=\"wc-block-grid__product-link\">\n\t\t\t\t\t<div class=\"wc-block-grid__product-onsale\">\n\t\t\t<span aria-hidden=\"true\">Oferta<\/span>\n\t\t\t<span class=\"screen-reader-text\">Producto en oferta<\/span>\n\t\t<\/div>\n\t\t\t\t\t<div class=\"wc-block-grid__product-image\"><img loading=\"lazy\" decoding=\"async\" width=\"300\" height=\"300\" src=\"https:\/\/bellezaconalma11.com\/wp-content\/uploads\/2025\/01\/18D36669-4015-4250-A035-B359E177BB1B-300x300.jpeg\" class=\"attachment-woocommerce_thumbnail size-woocommerce_thumbnail\" alt=\"Programa Inicial Limpieza Zodiacal\" srcset=\"https:\/\/bellezaconalma11.com\/wp-content\/uploads\/2025\/01\/18D36669-4015-4250-A035-B359E177BB1B-300x300.jpeg 300w, https:\/\/bellezaconalma11.com\/wp-content\/uploads\/2025\/01\/18D36669-4015-4250-A035-B359E177BB1B-150x150.jpeg 150w, https:\/\/bellezaconalma11.com\/wp-content\/uploads\/2025\/01\/18D36669-4015-4250-A035-B359E177BB1B-75x75.jpeg 75w, https:\/\/bellezaconalma11.com\/wp-content\/uploads\/2025\/01\/18D36669-4015-4250-A035-B359E177BB1B-100x100.jpeg 100w\" sizes=\"(max-width: 300px) 100vw, 300px\" \/><\/div>\n\t\t\t\t\t<div class=\"wc-block-grid__product-title\">Programa Inicial Limpieza Zodiacal<\/div>\n\t\t\t\t<\/a>\n\t\t\t\t<div class=\"wc-block-grid__product-price price\"><del aria-hidden=\"true\"><span class=\"woocommerce-Price-amount amount\">1.300,00&nbsp;<span class=\"woocommerce-Price-currencySymbol\">&euro;<\/span><\/span><\/del> <ins><span class=\"woocommerce-Price-amount amount\">980,00&nbsp;<span class=\"woocommerce-Price-currencySymbol\">&euro;<\/span><\/span><\/ins><\/div>\n\t\t\t\t\n\t\t\t\t<div class=\"wp-block-button wc-block-grid__product-add-to-cart\"><a href=\"?add-to-cart=918\" aria-label=\"A\u00f1ade &ldquo;Programa Inicial Limpieza Zodiacal&rdquo; a tu carrito\" data-quantity=\"1\" data-product_id=\"918\" data-product_sku=\"\" data-price=\"980\" rel=\"nofollow\" class=\"wp-block-button__link  add_to_cart_button ajax_add_to_cart\">A\u00f1adir al carrito<\/a><\/div>\n\t\t\t<\/li><\/ul><\/div>\n\n\n<p>Los Programas Purificadores est\u00e1n especializados para liberar, sanar, limpiar, desde tu alma, mente, cuerpo, ni\u00f1o interior, ya que son una combinaci\u00f3n de varias herramientas muy potentes. Como te explico en el <a href=\"https:\/\/bellezaconalma11.com\/index.php\/producto\/programa-11-meditaciones-sanacion-nino-interior\/\" data-type=\"product\" data-id=\"442\">Inicio<\/a> de esta pagina soy Compositora Espiritual y sano a trav\u00e9s de voz con la <a href=\"https:\/\/bellezaconalma11.com\/index.php\/programas-sanadores\/\" data-type=\"page\" data-id=\"251\">meditaci\u00f3n<\/a>, la hipnosis, Coaching, Astrolog\u00eda, <a href=\"https:\/\/bellezaconalma11.com\/index.php\/producto\/lectura-tradicional-tarot-y-oraculos-60-minutos\/\" data-type=\"product\" data-id=\"428\">Tarot<\/a>. Todas estas herramientas juntas trabajan traumas, bloqueos tanto en el amor, dinero, salud, muy fuertes que impiden que logres tu felicidad. Seg\u00fan el bloqueo que tengas, necesitaras un programa u otro, tienes toda la informaci\u00f3n de cada programa en esta pagina, lo ideal es realizar un estudio de tu Carta Astral con la <a href=\"https:\/\/bellezaconalma11.com\/index.php\/producto\/lectura-carta-astral-y-tarot-super-completa-60-minutos\/\" data-type=\"product\" data-id=\"417\">Lectura Carta Astral<\/a> para ver en que momento de vida te encuentras y que es lo mejor para ti. Si tienes muy claro cual tu bloqueo y en \u00e1rea que lo tienes (por ejemplo en el amor) tendr\u00edas que obtener el <a href=\"https:\/\/bellezaconalma11.com\/index.php\/programa-sanacion-almica\/\" data-type=\"page\" data-id=\"290\">Programa de Sanacion Almica<\/a>, ya que cada <a href=\"https:\/\/bellezaconalma11.com\/index.php\/programas-sanadores\/\" data-type=\"page\" data-id=\"251\">programa sanador<\/a> se especializa en una funci\u00f3n especifica. Te explico mas abajo todos los programas que ofrezco, y en que casos se recomienda uno u otro.<\/p>\n\n\n\n<p>\u00bfQu\u00e9 programa necesitas?\u00bfPor donde empezar?<\/p>\n\n\n\n<p>PROGRAMA SANACION KARMIKA; Este programa esta lleno de fuerza, sabr\u00e1s que es para ti sientes bloqueos constantes en areas de tu vida, que repites patrones, sientes energ\u00edas negativas a tu alrededor. Este programa te ayuda a transmutar tu Karma, a liberarte de lazos karmikos negativos tanto de esta como de otras vidas, tienes mas informaci\u00f3n detallada d\u00e1ndole a un clic en este enlace <a href=\"https:\/\/bellezaconalma11.com\/index.php\/producto\/paquete-sanacion-karmika\/\" data-type=\"product\" data-id=\"266\">Programa de Sanacion Karmika<\/a>.<\/p>\n\n\n\n<p>PROGRAMA SANACION ZODIACAL <\/p>\n\n\n\n<p>PROGRAMA SANACION ORIENTAL (Pr\u00f3ximamente en Belleza con Alma 11)<\/p>\n\n\n\n<p>Gracias por estar en Belleza Con Alma 11 si quieres saber mas sobre mi historia personal te invito a que ingreses en el apartado <a href=\"https:\/\/bellezaconalma11.com\/index.php\/sobre-mi\/\" data-type=\"page\" data-id=\"91\">Sobre Mi<\/a>!<\/p>\n","protected":false},"excerpt":{"rendered":"<p>Limpieza Karmika Los Programas Purificadores est\u00e1n especializados para liberar, sanar, limpiar, desde tu alma, mente, cuerpo, ni\u00f1o interior, ya que son una combinaci\u00f3n de varias herramientas muy potentes. Como te explico en el Inicio de esta pagina soy Compositora Espiritual y sano a trav\u00e9s de voz con la meditaci\u00f3n, la hipnosis, Coaching, Astrolog\u00eda, Tarot. Todas estas herramientas juntas trabajan traumas, bloqueos tanto en el amor, dinero, salud, muy fuertes que impiden que logres tu felicidad. Seg\u00fan el bloqueo que tengas, necesitaras un programa u otro, tienes toda la informaci\u00f3n de cada programa en esta pagina, lo ideal es realizar un estudio de tu Carta Astral con la Lectura Carta Astral para ver en que momento de vida te encuentras y que es lo mejor para ti. Si tienes muy claro cual tu bloqueo y en \u00e1rea que lo tienes (por ejemplo en el amor) tendr\u00edas que obtener el Programa de Sanacion Almica, ya que cada programa sanador se especializa en una funci\u00f3n especifica. Te explico mas abajo todos los programas que ofrezco, y en que casos se recomienda uno u otro. \u00bfQu\u00e9 programa necesitas?\u00bfPor donde empezar? PROGRAMA SANACION KARMIKA; Este programa esta lleno de fuerza, sabr\u00e1s que es para ti sientes bloqueos constantes en areas de tu vida, que repites patrones, sientes energ\u00edas negativas a tu alrededor. Este programa te ayuda a transmutar tu Karma, a liberarte de lazos karmikos negativos tanto de esta como de otras vidas, tienes mas informaci\u00f3n detallada d\u00e1ndole a un clic en este enlace Programa de Sanacion Karmika. PROGRAMA SANACION ZODIACAL PROGRAMA SANACION ORIENTAL (Pr\u00f3ximamente en Belleza con Alma 11) Gracias por estar en Belleza Con Alma 11 si quieres saber mas sobre mi historia personal te invito a que ingreses en el apartado Sobre Mi!<\/p>\n","protected":false},"author":1,"featured_media":0,"parent":0,"menu_order":0,"comment_status":"closed","ping_status":"closed","template":"","meta":{"footnotes":""},"jetpack_sharing_enabled":true,"acf":[],"_links":{"self":[{"href":"https:\/\/bellezaconalma11.com\/index.php\/wp-json\/wp\/v2\/pages\/251"}],"collection":[{"href":"https:\/\/bellezaconalma11.com\/index.php\/wp-json\/wp\/v2\/pages"}],"about":[{"href":"https:\/\/bellezaconalma11.com\/index.php\/wp-json\/wp\/v2\/types\/page"}],"author":[{"embeddable":true,"href":"https:\/\/bellezaconalma11.com\/index.php\/wp-json\/wp\/v2\/users\/1"}],"replies":[{"embeddable":true,"href":"https:\/\/bellezaconalma11.com\/index.php\/wp-json\/wp\/v2\/comments?post=251"}],"version-history":[{"count":58,"href":"https:\/\/bellezaconalma11.com\/index.php\/wp-json\/wp\/v2\/pages\/251\/revisions"}],"predecessor-version":[{"id":1309,"href":"https:\/\/bellezaconalma11.com\/index.php\/wp-json\/wp\/v2\/pages\/251\/revisions\/1309"}],"wp:attachment":[{"href":"https:\/\/bellezaconalma11.com\/index.php\/wp-json\/wp\/v2\/media?parent=251"}],"curies":[{"name":"wp","href":"https:\/\/api.w.org\/{rel}","templated":true}]}}