{"id":188,"date":"2023-11-27T17:08:22","date_gmt":"2023-11-27T16:08:22","guid":{"rendered":"https:\/\/bellezaconalma11.com\/?page_id=188"},"modified":"2026-03-05T19:57:01","modified_gmt":"2026-03-05T18:57:01","slug":"canalizacion-oraculos-angelical-y-elementales","status":"publish","type":"page","link":"https:\/\/bellezaconalma11.com\/index.php\/canalizacion-oraculos-angelical-y-elementales\/","title":{"rendered":"Lectura Tarot Tradicional y Or\u00e1culos"},"content":{"rendered":"<div data-block-name=\"woocommerce\/handpicked-products\" data-products=\"[428,427,425,1335]\" class=\"wc-block-grid wp-block-handpicked-products wc-block-handpicked-products has-3-columns has-multiple-rows\"><ul class=\"wc-block-grid__products\"><li class=\"wc-block-grid__product\">\n\t\t\t\t<a href=\"https:\/\/bellezaconalma11.com\/index.php\/producto\/lectura-tarot-tradicional-y-oraculos-20-minutos\/\" class=\"wc-block-grid__product-link\">\n\t\t\t\t\t\n\t\t\t\t\t<div class=\"wc-block-grid__product-image\"><img loading=\"lazy\" decoding=\"async\" width=\"300\" height=\"300\" src=\"https:\/\/bellezaconalma11.com\/wp-content\/uploads\/2026\/03\/F8076A70-CB88-4D8D-ADA2-A651BEF404C5-1-e1772915920145-300x300.jpeg\" class=\"attachment-woocommerce_thumbnail size-woocommerce_thumbnail\" alt=\"Lectura Tarot Tradicional y Or\u00e1culos 20 minutos\" srcset=\"https:\/\/bellezaconalma11.com\/wp-content\/uploads\/2026\/03\/F8076A70-CB88-4D8D-ADA2-A651BEF404C5-1-e1772915920145-300x300.jpeg 300w, https:\/\/bellezaconalma11.com\/wp-content\/uploads\/2026\/03\/F8076A70-CB88-4D8D-ADA2-A651BEF404C5-1-e1772915920145-150x150.jpeg 150w, https:\/\/bellezaconalma11.com\/wp-content\/uploads\/2026\/03\/F8076A70-CB88-4D8D-ADA2-A651BEF404C5-1-e1772915920145-75x75.jpeg 75w, https:\/\/bellezaconalma11.com\/wp-content\/uploads\/2026\/03\/F8076A70-CB88-4D8D-ADA2-A651BEF404C5-1-e1772915920145-100x100.jpeg 100w\" sizes=\"(max-width: 300px) 100vw, 300px\" \/><\/div>\n\t\t\t\t\t<div class=\"wc-block-grid__product-title\">Lectura Tarot Tradicional y Or\u00e1culos 20 minutos<\/div>\n\t\t\t\t<\/a>\n\t\t\t\t<div class=\"wc-block-grid__product-price price\"><span class=\"woocommerce-Price-amount amount\">55,00&nbsp;<span class=\"woocommerce-Price-currencySymbol\">&euro;<\/span><\/span><\/div>\n\t\t\t\t\n\t\t\t\t<div class=\"wp-block-button wc-block-grid__product-add-to-cart\"><a href=\"?add-to-cart=1335\" aria-label=\"A\u00f1ade &ldquo;Lectura Tarot Tradicional y Or\u00e1culos 20 minutos&rdquo; a tu carrito\" data-quantity=\"1\" data-product_id=\"1335\" data-product_sku=\"\" data-price=\"55\" rel=\"nofollow\" class=\"wp-block-button__link  add_to_cart_button ajax_add_to_cart\">A\u00f1adir al carrito<\/a><\/div>\n\t\t\t<\/li><li class=\"wc-block-grid__product\">\n\t\t\t\t<a href=\"https:\/\/bellezaconalma11.com\/index.php\/producto\/lectura-tradicional-tarot-y-oraculos-60-minutos\/\" class=\"wc-block-grid__product-link\">\n\t\t\t\t\t\n\t\t\t\t\t<div class=\"wc-block-grid__product-image\"><img loading=\"lazy\" decoding=\"async\" width=\"300\" height=\"300\" src=\"https:\/\/bellezaconalma11.com\/wp-content\/uploads\/2026\/03\/F8076A70-CB88-4D8D-ADA2-A651BEF404C5-1-e1772915920145-300x300.jpeg\" class=\"attachment-woocommerce_thumbnail size-woocommerce_thumbnail\" alt=\"Lectura Tradicional Tarot y Or\u00e1culos 60 minutos\" srcset=\"https:\/\/bellezaconalma11.com\/wp-content\/uploads\/2026\/03\/F8076A70-CB88-4D8D-ADA2-A651BEF404C5-1-e1772915920145-300x300.jpeg 300w, https:\/\/bellezaconalma11.com\/wp-content\/uploads\/2026\/03\/F8076A70-CB88-4D8D-ADA2-A651BEF404C5-1-e1772915920145-150x150.jpeg 150w, https:\/\/bellezaconalma11.com\/wp-content\/uploads\/2026\/03\/F8076A70-CB88-4D8D-ADA2-A651BEF404C5-1-e1772915920145-75x75.jpeg 75w, https:\/\/bellezaconalma11.com\/wp-content\/uploads\/2026\/03\/F8076A70-CB88-4D8D-ADA2-A651BEF404C5-1-e1772915920145-100x100.jpeg 100w\" sizes=\"(max-width: 300px) 100vw, 300px\" \/><\/div>\n\t\t\t\t\t<div class=\"wc-block-grid__product-title\">Lectura Tradicional Tarot y Or\u00e1culos 60 minutos<\/div>\n\t\t\t\t<\/a>\n\t\t\t\t<div class=\"wc-block-grid__product-price price\"><span class=\"woocommerce-Price-amount amount\">95,00&nbsp;<span class=\"woocommerce-Price-currencySymbol\">&euro;<\/span><\/span><\/div>\n\t\t\t\t<div class=\"wc-block-grid__product-rating\"><div class=\"star-rating\" role=\"img\" aria-label=\"Valorado con 5.00 de 5\"><span style=\"width:100%\">Valorado con <strong class=\"rating\">5.00<\/strong> de 5 en base a <span class=\"rating\">1<\/span> valoraci\u00f3n de un cliente<\/span><\/div><\/div>\n\t\t\t\t<div class=\"wp-block-button wc-block-grid__product-add-to-cart\"><a href=\"?add-to-cart=428\" aria-label=\"A\u00f1ade &ldquo;Lectura Tradicional Tarot y Or\u00e1culos 60 minutos&rdquo; a tu carrito\" data-quantity=\"1\" data-product_id=\"428\" data-product_sku=\"\" data-price=\"95\" rel=\"nofollow\" class=\"wp-block-button__link  add_to_cart_button ajax_add_to_cart\">A\u00f1adir al carrito<\/a><\/div>\n\t\t\t<\/li><li class=\"wc-block-grid__product\">\n\t\t\t\t<a href=\"https:\/\/bellezaconalma11.com\/index.php\/producto\/lectura-tarot-tradicional-y-oraculos-45-minutos\/\" class=\"wc-block-grid__product-link\">\n\t\t\t\t\t\n\t\t\t\t\t<div class=\"wc-block-grid__product-image\"><img loading=\"lazy\" decoding=\"async\" width=\"300\" height=\"300\" src=\"https:\/\/bellezaconalma11.com\/wp-content\/uploads\/2026\/03\/F8076A70-CB88-4D8D-ADA2-A651BEF404C5-1-e1772915920145-300x300.jpeg\" class=\"attachment-woocommerce_thumbnail size-woocommerce_thumbnail\" alt=\"Lectura Tarot Tradicional y Or\u00e1culos 45 minutos\" srcset=\"https:\/\/bellezaconalma11.com\/wp-content\/uploads\/2026\/03\/F8076A70-CB88-4D8D-ADA2-A651BEF404C5-1-e1772915920145-300x300.jpeg 300w, https:\/\/bellezaconalma11.com\/wp-content\/uploads\/2026\/03\/F8076A70-CB88-4D8D-ADA2-A651BEF404C5-1-e1772915920145-150x150.jpeg 150w, https:\/\/bellezaconalma11.com\/wp-content\/uploads\/2026\/03\/F8076A70-CB88-4D8D-ADA2-A651BEF404C5-1-e1772915920145-75x75.jpeg 75w, https:\/\/bellezaconalma11.com\/wp-content\/uploads\/2026\/03\/F8076A70-CB88-4D8D-ADA2-A651BEF404C5-1-e1772915920145-100x100.jpeg 100w\" sizes=\"(max-width: 300px) 100vw, 300px\" \/><\/div>\n\t\t\t\t\t<div class=\"wc-block-grid__product-title\">Lectura Tarot Tradicional y Or\u00e1culos 45 minutos<\/div>\n\t\t\t\t<\/a>\n\t\t\t\t<div class=\"wc-block-grid__product-price price\"><span class=\"woocommerce-Price-amount amount\">85,00&nbsp;<span class=\"woocommerce-Price-currencySymbol\">&euro;<\/span><\/span><\/div>\n\t\t\t\t\n\t\t\t\t<div class=\"wp-block-button wc-block-grid__product-add-to-cart\"><a href=\"?add-to-cart=427\" aria-label=\"A\u00f1ade &ldquo;Lectura Tarot Tradicional y Or\u00e1culos 45 minutos&rdquo; a tu carrito\" data-quantity=\"1\" data-product_id=\"427\" data-product_sku=\"\" data-price=\"85\" rel=\"nofollow\" class=\"wp-block-button__link  add_to_cart_button ajax_add_to_cart\">A\u00f1adir al carrito<\/a><\/div>\n\t\t\t<\/li><li class=\"wc-block-grid__product\">\n\t\t\t\t<a href=\"https:\/\/bellezaconalma11.com\/index.php\/producto\/lectura-tradicional-tarot-y-oraculos-30-minutos\/\" class=\"wc-block-grid__product-link\">\n\t\t\t\t\t\n\t\t\t\t\t<div class=\"wc-block-grid__product-image\"><img loading=\"lazy\" decoding=\"async\" width=\"300\" height=\"300\" src=\"https:\/\/bellezaconalma11.com\/wp-content\/uploads\/2026\/03\/F8076A70-CB88-4D8D-ADA2-A651BEF404C5-1-e1772915920145-300x300.jpeg\" class=\"attachment-woocommerce_thumbnail size-woocommerce_thumbnail\" alt=\"Lectura Tradicional Tarot y Or\u00e1culos 30 minutos\" srcset=\"https:\/\/bellezaconalma11.com\/wp-content\/uploads\/2026\/03\/F8076A70-CB88-4D8D-ADA2-A651BEF404C5-1-e1772915920145-300x300.jpeg 300w, https:\/\/bellezaconalma11.com\/wp-content\/uploads\/2026\/03\/F8076A70-CB88-4D8D-ADA2-A651BEF404C5-1-e1772915920145-150x150.jpeg 150w, https:\/\/bellezaconalma11.com\/wp-content\/uploads\/2026\/03\/F8076A70-CB88-4D8D-ADA2-A651BEF404C5-1-e1772915920145-75x75.jpeg 75w, https:\/\/bellezaconalma11.com\/wp-content\/uploads\/2026\/03\/F8076A70-CB88-4D8D-ADA2-A651BEF404C5-1-e1772915920145-100x100.jpeg 100w\" sizes=\"(max-width: 300px) 100vw, 300px\" \/><\/div>\n\t\t\t\t\t<div class=\"wc-block-grid__product-title\">Lectura Tradicional Tarot y Or\u00e1culos 30 minutos<\/div>\n\t\t\t\t<\/a>\n\t\t\t\t<div class=\"wc-block-grid__product-price price\"><span class=\"woocommerce-Price-amount amount\">65,00&nbsp;<span class=\"woocommerce-Price-currencySymbol\">&euro;<\/span><\/span><\/div>\n\t\t\t\t<div class=\"wc-block-grid__product-rating\"><div class=\"star-rating\" role=\"img\" aria-label=\"Valorado con 5.00 de 5\"><span style=\"width:100%\">Valorado con <strong class=\"rating\">5.00<\/strong> de 5 en base a <span class=\"rating\">2<\/span> valoraciones de clientes<\/span><\/div><\/div>\n\t\t\t\t<div class=\"wp-block-button wc-block-grid__product-add-to-cart\"><a href=\"?add-to-cart=425\" aria-label=\"A\u00f1ade &ldquo;Lectura Tradicional Tarot y Or\u00e1culos 30 minutos&rdquo; a tu carrito\" data-quantity=\"1\" data-product_id=\"425\" data-product_sku=\"\" data-price=\"65\" rel=\"nofollow\" class=\"wp-block-button__link  add_to_cart_button ajax_add_to_cart\">A\u00f1adir al carrito<\/a><\/div>\n\t\t\t<\/li><\/ul><\/div>\n\n\n<p>Esta lectura es m\u00e1gica, va a darte esas respuestas y mensajes que tanto necesitas ya que combino el Tarot tradicional y Or\u00e1culos, ya que juntos crean una predicci\u00f3n maravillosa y alentadora que calmar\u00e1 esas emociones negativas que no te dejan avanzar. Los Or\u00e1culos son cartas con mensajes m\u00e1gicos y espec\u00edficos para ayudarte en esa situaci\u00f3n que tanto te preocupa, son mensajes sanadores, llenos de luz, que cuando salgas de la consulta sentir\u00e1s un alivio inmediato. Hay muchos tipos de Or\u00e1culos, yo trabajo con Angelicales y Elementales. En esta consulta puedes preguntar cualquier cosa que te preocupe, ya sea de amor, salud, dinero, familia, todo lo que necesites depende del tiempo que solicites, cuanto mas tiempo mejor para poder resolver tu situaci\u00f3n. <\/p>\n\n\n\n<p><\/p>\n\n\n\n<p><\/p>\n","protected":false},"excerpt":{"rendered":"<p>Esta lectura es m\u00e1gica, va a darte esas respuestas y mensajes que tanto necesitas ya que combino el Tarot tradicional y Or\u00e1culos, ya que juntos crean una predicci\u00f3n maravillosa y alentadora que calmar\u00e1 esas emociones negativas que no te dejan avanzar. Los Or\u00e1culos son cartas con mensajes m\u00e1gicos y espec\u00edficos para ayudarte en esa situaci\u00f3n que tanto te preocupa, son mensajes sanadores, llenos de luz, que cuando salgas de la consulta sentir\u00e1s un alivio inmediato. Hay muchos tipos de Or\u00e1culos, yo trabajo con Angelicales y Elementales. En esta consulta puedes preguntar cualquier cosa que te preocupe, ya sea de amor, salud, dinero, familia, todo lo que necesites depende del tiempo que solicites, cuanto mas tiempo mejor para poder resolver tu situaci\u00f3n.<\/p>\n","protected":false},"author":1,"featured_media":0,"parent":0,"menu_order":0,"comment_status":"closed","ping_status":"closed","template":"","meta":{"footnotes":""},"jetpack_sharing_enabled":true,"acf":[],"_links":{"self":[{"href":"https:\/\/bellezaconalma11.com\/index.php\/wp-json\/wp\/v2\/pages\/188"}],"collection":[{"href":"https:\/\/bellezaconalma11.com\/index.php\/wp-json\/wp\/v2\/pages"}],"about":[{"href":"https:\/\/bellezaconalma11.com\/index.php\/wp-json\/wp\/v2\/types\/page"}],"author":[{"embeddable":true,"href":"https:\/\/bellezaconalma11.com\/index.php\/wp-json\/wp\/v2\/users\/1"}],"replies":[{"embeddable":true,"href":"https:\/\/bellezaconalma11.com\/index.php\/wp-json\/wp\/v2\/comments?post=188"}],"version-history":[{"count":27,"href":"https:\/\/bellezaconalma11.com\/index.php\/wp-json\/wp\/v2\/pages\/188\/revisions"}],"predecessor-version":[{"id":1339,"href":"https:\/\/bellezaconalma11.com\/index.php\/wp-json\/wp\/v2\/pages\/188\/revisions\/1339"}],"wp:attachment":[{"href":"https:\/\/bellezaconalma11.com\/index.php\/wp-json\/wp\/v2\/media?parent=188"}],"curies":[{"name":"wp","href":"https:\/\/api.w.org\/{rel}","templated":true}]}}