{"id":181,"date":"2023-11-27T17:02:18","date_gmt":"2023-11-27T16:02:18","guid":{"rendered":"https:\/\/bellezaconalma11.com\/?page_id=181"},"modified":"2026-03-05T20:59:56","modified_gmt":"2026-03-05T19:59:56","slug":"sinastria-de-pareja","status":"publish","type":"page","link":"https:\/\/bellezaconalma11.com\/index.php\/sinastria-de-pareja\/","title":{"rendered":"Lectura V\u00ednculos Amorosos"},"content":{"rendered":"\n<ul>\n<li><strong>Sinastria de Pareja Nivel 1<\/strong><\/li>\n<\/ul>\n\n\n<div data-block-name=\"woocommerce\/handpicked-products\" data-products=\"[383,382,384]\" class=\"wc-block-grid wp-block-handpicked-products wc-block-handpicked-products has-3-columns has-multiple-rows\"><ul class=\"wc-block-grid__products\"><li class=\"wc-block-grid__product\">\n\t\t\t\t<a href=\"https:\/\/bellezaconalma11.com\/index.php\/producto\/lectura-sinastria-de-pareja-60-minutos\/\" class=\"wc-block-grid__product-link\">\n\t\t\t\t\t\n\t\t\t\t\t<div class=\"wc-block-grid__product-image\"><img loading=\"lazy\" decoding=\"async\" width=\"300\" height=\"300\" src=\"https:\/\/bellezaconalma11.com\/wp-content\/uploads\/2024\/05\/A6D5F979-8ADF-4E20-96D8-E804B08EB3A9-300x300.png\" class=\"attachment-woocommerce_thumbnail size-woocommerce_thumbnail\" alt=\"Lectura V\u00ednculos Amorosos Estudio Sinastria de Pareja + Consulta de 60 minutos\" srcset=\"https:\/\/bellezaconalma11.com\/wp-content\/uploads\/2024\/05\/A6D5F979-8ADF-4E20-96D8-E804B08EB3A9-300x300.png 300w, https:\/\/bellezaconalma11.com\/wp-content\/uploads\/2024\/05\/A6D5F979-8ADF-4E20-96D8-E804B08EB3A9-150x150.png 150w, https:\/\/bellezaconalma11.com\/wp-content\/uploads\/2024\/05\/A6D5F979-8ADF-4E20-96D8-E804B08EB3A9-75x75.png 75w, https:\/\/bellezaconalma11.com\/wp-content\/uploads\/2024\/05\/A6D5F979-8ADF-4E20-96D8-E804B08EB3A9-100x100.png 100w\" sizes=\"(max-width: 300px) 100vw, 300px\" \/><\/div>\n\t\t\t\t\t<div class=\"wc-block-grid__product-title\">Lectura V\u00ednculos Amorosos Estudio Sinastria de Pareja + Consulta de 60 minutos<\/div>\n\t\t\t\t<\/a>\n\t\t\t\t<div class=\"wc-block-grid__product-price price\"><span class=\"woocommerce-Price-amount amount\">450,00&nbsp;<span class=\"woocommerce-Price-currencySymbol\">&euro;<\/span><\/span><\/div>\n\t\t\t\t\n\t\t\t\t<div class=\"wp-block-button wc-block-grid__product-add-to-cart\"><a href=\"?add-to-cart=384\" aria-label=\"A\u00f1ade &ldquo;Lectura V\u00ednculos Amorosos Estudio Sinastria de Pareja + Consulta de 60 minutos&rdquo; a tu carrito\" data-quantity=\"1\" data-product_id=\"384\" data-product_sku=\"\" data-price=\"450\" rel=\"nofollow\" class=\"wp-block-button__link  add_to_cart_button ajax_add_to_cart\">A\u00f1adir al carrito<\/a><\/div>\n\t\t\t<\/li><li class=\"wc-block-grid__product\">\n\t\t\t\t<a href=\"https:\/\/bellezaconalma11.com\/index.php\/producto\/lectura-sinastria-de-pareja-40-minutos\/\" class=\"wc-block-grid__product-link\">\n\t\t\t\t\t\n\t\t\t\t\t<div class=\"wc-block-grid__product-image\"><img loading=\"lazy\" decoding=\"async\" width=\"300\" height=\"300\" src=\"https:\/\/bellezaconalma11.com\/wp-content\/uploads\/2024\/05\/A6D5F979-8ADF-4E20-96D8-E804B08EB3A9-300x300.png\" class=\"attachment-woocommerce_thumbnail size-woocommerce_thumbnail\" alt=\"Lectura V\u00ednculos Amorosos Estudio Sinastria de Pareja + Consulta de 45 minutos\" srcset=\"https:\/\/bellezaconalma11.com\/wp-content\/uploads\/2024\/05\/A6D5F979-8ADF-4E20-96D8-E804B08EB3A9-300x300.png 300w, https:\/\/bellezaconalma11.com\/wp-content\/uploads\/2024\/05\/A6D5F979-8ADF-4E20-96D8-E804B08EB3A9-150x150.png 150w, https:\/\/bellezaconalma11.com\/wp-content\/uploads\/2024\/05\/A6D5F979-8ADF-4E20-96D8-E804B08EB3A9-75x75.png 75w, https:\/\/bellezaconalma11.com\/wp-content\/uploads\/2024\/05\/A6D5F979-8ADF-4E20-96D8-E804B08EB3A9-100x100.png 100w\" sizes=\"(max-width: 300px) 100vw, 300px\" \/><\/div>\n\t\t\t\t\t<div class=\"wc-block-grid__product-title\">Lectura V\u00ednculos Amorosos Estudio Sinastria de Pareja + Consulta de 45 minutos<\/div>\n\t\t\t\t<\/a>\n\t\t\t\t<div class=\"wc-block-grid__product-price price\"><span class=\"woocommerce-Price-amount amount\">350,00&nbsp;<span class=\"woocommerce-Price-currencySymbol\">&euro;<\/span><\/span><\/div>\n\t\t\t\t\n\t\t\t\t<div class=\"wp-block-button wc-block-grid__product-add-to-cart\"><a href=\"?add-to-cart=383\" aria-label=\"A\u00f1ade &ldquo;Lectura V\u00ednculos Amorosos Estudio Sinastria de Pareja + Consulta de 45 minutos&rdquo; a tu carrito\" data-quantity=\"1\" data-product_id=\"383\" data-product_sku=\"\" data-price=\"350\" rel=\"nofollow\" class=\"wp-block-button__link  add_to_cart_button ajax_add_to_cart\">A\u00f1adir al carrito<\/a><\/div>\n\t\t\t<\/li><li class=\"wc-block-grid__product\">\n\t\t\t\t<a href=\"https:\/\/bellezaconalma11.com\/index.php\/producto\/lectura-sinastria-de-pareja-30-minutos\/\" class=\"wc-block-grid__product-link\">\n\t\t\t\t\t\n\t\t\t\t\t<div class=\"wc-block-grid__product-image\"><img loading=\"lazy\" decoding=\"async\" width=\"300\" height=\"300\" src=\"https:\/\/bellezaconalma11.com\/wp-content\/uploads\/2024\/05\/A6D5F979-8ADF-4E20-96D8-E804B08EB3A9-300x300.png\" class=\"attachment-woocommerce_thumbnail size-woocommerce_thumbnail\" alt=\"Lectura V\u00ednculos Amorosos Estudio Sinastria de Pareja + Consulta de 30 minutos\" srcset=\"https:\/\/bellezaconalma11.com\/wp-content\/uploads\/2024\/05\/A6D5F979-8ADF-4E20-96D8-E804B08EB3A9-300x300.png 300w, https:\/\/bellezaconalma11.com\/wp-content\/uploads\/2024\/05\/A6D5F979-8ADF-4E20-96D8-E804B08EB3A9-150x150.png 150w, https:\/\/bellezaconalma11.com\/wp-content\/uploads\/2024\/05\/A6D5F979-8ADF-4E20-96D8-E804B08EB3A9-75x75.png 75w, https:\/\/bellezaconalma11.com\/wp-content\/uploads\/2024\/05\/A6D5F979-8ADF-4E20-96D8-E804B08EB3A9-100x100.png 100w\" sizes=\"(max-width: 300px) 100vw, 300px\" \/><\/div>\n\t\t\t\t\t<div class=\"wc-block-grid__product-title\">Lectura V\u00ednculos Amorosos Estudio Sinastria de Pareja + Consulta de 30 minutos<\/div>\n\t\t\t\t<\/a>\n\t\t\t\t<div class=\"wc-block-grid__product-price price\"><span class=\"woocommerce-Price-amount amount\">250,00&nbsp;<span class=\"woocommerce-Price-currencySymbol\">&euro;<\/span><\/span><\/div>\n\t\t\t\t\n\t\t\t\t<div class=\"wp-block-button wc-block-grid__product-add-to-cart\"><a href=\"?add-to-cart=382\" aria-label=\"A\u00f1ade &ldquo;Lectura V\u00ednculos Amorosos Estudio Sinastria de Pareja + Consulta de 30 minutos&rdquo; a tu carrito\" data-quantity=\"1\" data-product_id=\"382\" data-product_sku=\"\" data-price=\"250\" rel=\"nofollow\" class=\"wp-block-button__link  add_to_cart_button ajax_add_to_cart\">A\u00f1adir al carrito<\/a><\/div>\n\t\t\t<\/li><\/ul><\/div>\n\n\n<p>La Sinastr\u00eda de Pareja es una herramienta muy antigua y efectiva de la Astrolog\u00eda, donde se unen dos Cartas Astrales para ver profundamente la compatibilidad, la predicci\u00f3n astrol\u00f3gica de la relaci\u00f3n, proyectos de la relaci\u00f3n, que tipo de almas son y mucha mas informaci\u00f3n entre dos personas. Adem\u00e1s de esta herramienta la he mezclado e innovado con el Tarot y Or\u00e1culos, creando la Lectura Especial Amor Sinastr\u00eda de Pareja, una lectura que te sacar\u00e1 de muchas dudas con esa persona que te interesa, como puede ser con una pareja, ex pareja, persona especial etc. En esta lectura puedes preguntar las dudas que necesites, te ayudar\u00e1 a desbloquear esa situaci\u00f3n amorosa que tanto te preocupa. Realiz\u00f3 un estudio de las personalidades de cada integrante de la pareja, seg\u00fan los planetas y hor\u00f3scopos aspectados en cada Carta Astral, y tambi\u00e9n seg\u00fan los Hor\u00f3scopos de la Carta Compuesta. Adem\u00e1s he innovado la t\u00e9cnica de Sinastria de Pareja acompa\u00f1\u00e1ndola de un Canalizaci\u00f3n con la ayuda Tarot y los Or\u00e1culos, dando un resultado muy preciso y efectivo para tu situaci\u00f3n. Mezclar el Tarot con la predicci\u00f3n Astrol\u00f3gica es fascinante, millones de clientes ya lo han probado y alucinan con los aciertos. Hay varios tipos de Sinastr\u00eda de Pareja, estas las de Nivel 1, Nivel 2 seg\u00fan el tiempo, la informaci\u00f3n y el bloqueo de cada persona. Sinastr\u00eda de Pareja Nivel 1; Para aquellas personas que necesitan gu\u00eda y ayuda en esa situaci\u00f3n amorosa, que tienen bloqueos, conflictos y necesitan respuestas r\u00e1pidas para esa situaci\u00f3n. <\/p>\n\n\n\n<ul>\n<li><strong>Sinastria de Pareja Nivel 2<\/strong><\/li>\n<\/ul>\n\n\n<div data-block-name=\"woocommerce\/handpicked-products\" data-products=\"[400,401,399]\" class=\"wc-block-grid wp-block-handpicked-products wc-block-handpicked-products has-3-columns has-multiple-rows\"><ul class=\"wc-block-grid__products\"><li class=\"wc-block-grid__product\">\n\t\t\t\t<a href=\"https:\/\/bellezaconalma11.com\/index.php\/producto\/sinastria-de-pareja-cuantica-romantica\/\" class=\"wc-block-grid__product-link\">\n\t\t\t\t\t\n\t\t\t\t\t<div class=\"wc-block-grid__product-image\"><img loading=\"lazy\" decoding=\"async\" width=\"300\" height=\"300\" src=\"https:\/\/bellezaconalma11.com\/wp-content\/uploads\/2024\/06\/047E9ABA-F981-4C81-8836-FF692276D689-300x300.jpeg\" class=\"attachment-woocommerce_thumbnail size-woocommerce_thumbnail\" alt=\"Magica Lectura Sinastria de Pareja Cu\u00e1ntica Romantica\" srcset=\"https:\/\/bellezaconalma11.com\/wp-content\/uploads\/2024\/06\/047E9ABA-F981-4C81-8836-FF692276D689-300x300.jpeg 300w, https:\/\/bellezaconalma11.com\/wp-content\/uploads\/2024\/06\/047E9ABA-F981-4C81-8836-FF692276D689-1024x1024.jpeg 1024w, https:\/\/bellezaconalma11.com\/wp-content\/uploads\/2024\/06\/047E9ABA-F981-4C81-8836-FF692276D689-150x150.jpeg 150w, https:\/\/bellezaconalma11.com\/wp-content\/uploads\/2024\/06\/047E9ABA-F981-4C81-8836-FF692276D689-768x768.jpeg 768w, https:\/\/bellezaconalma11.com\/wp-content\/uploads\/2024\/06\/047E9ABA-F981-4C81-8836-FF692276D689-1140x1140.jpeg 1140w, https:\/\/bellezaconalma11.com\/wp-content\/uploads\/2024\/06\/047E9ABA-F981-4C81-8836-FF692276D689-75x75.jpeg 75w, https:\/\/bellezaconalma11.com\/wp-content\/uploads\/2024\/06\/047E9ABA-F981-4C81-8836-FF692276D689-600x600.jpeg 600w, https:\/\/bellezaconalma11.com\/wp-content\/uploads\/2024\/06\/047E9ABA-F981-4C81-8836-FF692276D689-100x100.jpeg 100w, https:\/\/bellezaconalma11.com\/wp-content\/uploads\/2024\/06\/047E9ABA-F981-4C81-8836-FF692276D689.jpeg 1200w\" sizes=\"(max-width: 300px) 100vw, 300px\" \/><\/div>\n\t\t\t\t\t<div class=\"wc-block-grid__product-title\">Magica Lectura Sinastria de Pareja Cu\u00e1ntica Romantica<\/div>\n\t\t\t\t<\/a>\n\t\t\t\t<div class=\"wc-block-grid__product-price price\"><span class=\"woocommerce-Price-amount amount\">1.200,00&nbsp;<span class=\"woocommerce-Price-currencySymbol\">&euro;<\/span><\/span><\/div>\n\t\t\t\t\n\t\t\t\t<div class=\"wp-block-button wc-block-grid__product-add-to-cart\"><a href=\"?add-to-cart=401\" aria-label=\"A\u00f1ade &ldquo;Magica Lectura Sinastria de Pareja Cu\u00e1ntica Romantica&rdquo; a tu carrito\" data-quantity=\"1\" data-product_id=\"401\" data-product_sku=\"\" data-price=\"1200\" rel=\"nofollow\" class=\"wp-block-button__link  add_to_cart_button ajax_add_to_cart\">A\u00f1adir al carrito<\/a><\/div>\n\t\t\t<\/li><li class=\"wc-block-grid__product\">\n\t\t\t\t<a href=\"https:\/\/bellezaconalma11.com\/index.php\/producto\/sinastria-de-pareja-almica\/\" class=\"wc-block-grid__product-link\">\n\t\t\t\t\t<div class=\"wc-block-grid__product-onsale\">\n\t\t\t<span aria-hidden=\"true\">Oferta<\/span>\n\t\t\t<span class=\"screen-reader-text\">Producto en oferta<\/span>\n\t\t<\/div>\n\t\t\t\t\t<div class=\"wc-block-grid__product-image\"><img loading=\"lazy\" decoding=\"async\" width=\"300\" height=\"300\" src=\"https:\/\/bellezaconalma11.com\/wp-content\/uploads\/2024\/06\/30F0E85E-DD2A-4191-856C-1655EE082E2D-300x300.jpeg\" class=\"attachment-woocommerce_thumbnail size-woocommerce_thumbnail\" alt=\"Magica Lectura Sinastria de Pareja Almica\" srcset=\"https:\/\/bellezaconalma11.com\/wp-content\/uploads\/2024\/06\/30F0E85E-DD2A-4191-856C-1655EE082E2D-300x300.jpeg 300w, https:\/\/bellezaconalma11.com\/wp-content\/uploads\/2024\/06\/30F0E85E-DD2A-4191-856C-1655EE082E2D-150x150.jpeg 150w, https:\/\/bellezaconalma11.com\/wp-content\/uploads\/2024\/06\/30F0E85E-DD2A-4191-856C-1655EE082E2D-75x75.jpeg 75w, https:\/\/bellezaconalma11.com\/wp-content\/uploads\/2024\/06\/30F0E85E-DD2A-4191-856C-1655EE082E2D-100x100.jpeg 100w\" sizes=\"(max-width: 300px) 100vw, 300px\" \/><\/div>\n\t\t\t\t\t<div class=\"wc-block-grid__product-title\">Magica Lectura Sinastria de Pareja Almica<\/div>\n\t\t\t\t<\/a>\n\t\t\t\t<div class=\"wc-block-grid__product-price price\"><del aria-hidden=\"true\"><span class=\"woocommerce-Price-amount amount\">900,00&nbsp;<span class=\"woocommerce-Price-currencySymbol\">&euro;<\/span><\/span><\/del> <ins><span class=\"woocommerce-Price-amount amount\">800,00&nbsp;<span class=\"woocommerce-Price-currencySymbol\">&euro;<\/span><\/span><\/ins><\/div>\n\t\t\t\t\n\t\t\t\t<div class=\"wp-block-button wc-block-grid__product-add-to-cart\"><a href=\"?add-to-cart=400\" aria-label=\"A\u00f1ade &ldquo;Magica Lectura Sinastria de Pareja Almica&rdquo; a tu carrito\" data-quantity=\"1\" data-product_id=\"400\" data-product_sku=\"\" data-price=\"800\" rel=\"nofollow\" class=\"wp-block-button__link  add_to_cart_button ajax_add_to_cart\">A\u00f1adir al carrito<\/a><\/div>\n\t\t\t<\/li><li class=\"wc-block-grid__product\">\n\t\t\t\t<a href=\"https:\/\/bellezaconalma11.com\/index.php\/producto\/sinastria-de-pareja-karmika\/\" class=\"wc-block-grid__product-link\">\n\t\t\t\t\t\n\t\t\t\t\t<div class=\"wc-block-grid__product-image\"><img loading=\"lazy\" decoding=\"async\" width=\"300\" height=\"300\" src=\"https:\/\/bellezaconalma11.com\/wp-content\/uploads\/2024\/06\/1A0F5E50-4953-457E-9BCA-8CEEDFBA50C0-300x300.jpeg\" class=\"attachment-woocommerce_thumbnail size-woocommerce_thumbnail\" alt=\"Magica Lectura Sinastria de Pareja Karmika\" srcset=\"https:\/\/bellezaconalma11.com\/wp-content\/uploads\/2024\/06\/1A0F5E50-4953-457E-9BCA-8CEEDFBA50C0-300x300.jpeg 300w, https:\/\/bellezaconalma11.com\/wp-content\/uploads\/2024\/06\/1A0F5E50-4953-457E-9BCA-8CEEDFBA50C0-150x150.jpeg 150w, https:\/\/bellezaconalma11.com\/wp-content\/uploads\/2024\/06\/1A0F5E50-4953-457E-9BCA-8CEEDFBA50C0-75x75.jpeg 75w, https:\/\/bellezaconalma11.com\/wp-content\/uploads\/2024\/06\/1A0F5E50-4953-457E-9BCA-8CEEDFBA50C0-100x100.jpeg 100w\" sizes=\"(max-width: 300px) 100vw, 300px\" \/><\/div>\n\t\t\t\t\t<div class=\"wc-block-grid__product-title\">Magica Lectura Sinastria de Pareja Karmika<\/div>\n\t\t\t\t<\/a>\n\t\t\t\t<div class=\"wc-block-grid__product-price price\"><span class=\"woocommerce-Price-amount amount\">600,00&nbsp;<span class=\"woocommerce-Price-currencySymbol\">&euro;<\/span><\/span><\/div>\n\t\t\t\t<div class=\"wc-block-grid__product-rating\"><div class=\"star-rating\" role=\"img\" aria-label=\"Valorado con 5.00 de 5\"><span style=\"width:100%\">Valorado con <strong class=\"rating\">5.00<\/strong> de 5 en base a <span class=\"rating\">2<\/span> valoraciones de clientes<\/span><\/div><\/div>\n\t\t\t\t<div class=\"wp-block-button wc-block-grid__product-add-to-cart\"><a href=\"?add-to-cart=399\" aria-label=\"A\u00f1ade &ldquo;Magica Lectura Sinastria de Pareja Karmika&rdquo; a tu carrito\" data-quantity=\"1\" data-product_id=\"399\" data-product_sku=\"\" data-price=\"600\" rel=\"nofollow\" class=\"wp-block-button__link  add_to_cart_button ajax_add_to_cart\">A\u00f1adir al carrito<\/a><\/div>\n\t\t\t<\/li><\/ul><\/div>\n\n\n<p>Sinastr\u00eda de Pareja Nivel 2; Para aquellas personas que tienen bloqueos muy dif\u00edciles con esa persona, heridas emocionales profundas de la relaci\u00f3n, y necesitan mas de una sesi\u00f3n, es decir un acompa\u00f1amiento y gu\u00eda mas profundo y sanador. Estas lecturas contienen informes muy detallados con datos muy precisos que logran abrir caminos en el amor. Se pueden abrir siempre que se necesiten, ya que las predicciones van cambiando, cuando se abren estos informes se encuentran datos muy precisos de la relaci\u00f3n, se mueven energ\u00edas positivas para abrir caminos, se sanan bloqueos del pasado, de personalidad, se viaja hacia el origen del problemas que debe resolverse, para que la relaci\u00f3n prospere. <\/p>\n","protected":false},"excerpt":{"rendered":"<p>La Sinastr\u00eda de Pareja es una herramienta muy antigua y efectiva de la Astrolog\u00eda, donde se unen dos Cartas Astrales para ver profundamente la compatibilidad, la predicci\u00f3n astrol\u00f3gica de la relaci\u00f3n, proyectos de la relaci\u00f3n, que tipo de almas son y mucha mas informaci\u00f3n entre dos personas. Adem\u00e1s de esta herramienta la he mezclado e innovado con el Tarot y Or\u00e1culos, creando la Lectura Especial Amor Sinastr\u00eda de Pareja, una lectura que te sacar\u00e1 de muchas dudas con esa persona que te interesa, como puede ser con una pareja, ex pareja, persona especial etc. En esta lectura puedes preguntar las dudas que necesites, te ayudar\u00e1 a desbloquear esa situaci\u00f3n amorosa que tanto te preocupa. Realiz\u00f3 un estudio de las personalidades de cada integrante de la pareja, seg\u00fan los planetas y hor\u00f3scopos aspectados en cada Carta Astral, y tambi\u00e9n seg\u00fan los Hor\u00f3scopos de la Carta Compuesta. Adem\u00e1s he innovado la t\u00e9cnica de Sinastria de Pareja acompa\u00f1\u00e1ndola de un Canalizaci\u00f3n con la ayuda Tarot y los Or\u00e1culos, dando un resultado muy preciso y efectivo para tu situaci\u00f3n. Mezclar el Tarot con la predicci\u00f3n Astrol\u00f3gica es fascinante, millones de clientes ya lo han probado y alucinan con los aciertos. Hay varios tipos de Sinastr\u00eda de Pareja, estas las de Nivel 1, Nivel 2 seg\u00fan el tiempo, la informaci\u00f3n y el bloqueo de cada persona. Sinastr\u00eda de Pareja Nivel 1; Para aquellas personas que necesitan gu\u00eda y ayuda en esa situaci\u00f3n amorosa, que tienen bloqueos, conflictos y necesitan respuestas r\u00e1pidas para esa situaci\u00f3n. Sinastr\u00eda de Pareja Nivel 2; Para aquellas personas que tienen bloqueos muy dif\u00edciles con esa persona, heridas emocionales profundas de la relaci\u00f3n, y necesitan mas de una sesi\u00f3n, es decir un acompa\u00f1amiento y gu\u00eda mas profundo y sanador. Estas lecturas contienen informes muy detallados con datos muy precisos que logran abrir caminos en el amor. Se pueden abrir siempre que se necesiten, ya que las predicciones van cambiando, cuando se abren estos informes se encuentran datos muy precisos de la relaci\u00f3n, se mueven energ\u00edas positivas para abrir caminos, se sanan bloqueos del pasado, de personalidad, se viaja hacia el origen del problemas que debe resolverse, para que la relaci\u00f3n prospere.<\/p>\n","protected":false},"author":1,"featured_media":0,"parent":0,"menu_order":0,"comment_status":"closed","ping_status":"closed","template":"","meta":{"footnotes":""},"jetpack_sharing_enabled":true,"acf":[],"_links":{"self":[{"href":"https:\/\/bellezaconalma11.com\/index.php\/wp-json\/wp\/v2\/pages\/181"}],"collection":[{"href":"https:\/\/bellezaconalma11.com\/index.php\/wp-json\/wp\/v2\/pages"}],"about":[{"href":"https:\/\/bellezaconalma11.com\/index.php\/wp-json\/wp\/v2\/types\/page"}],"author":[{"embeddable":true,"href":"https:\/\/bellezaconalma11.com\/index.php\/wp-json\/wp\/v2\/users\/1"}],"replies":[{"embeddable":true,"href":"https:\/\/bellezaconalma11.com\/index.php\/wp-json\/wp\/v2\/comments?post=181"}],"version-history":[{"count":25,"href":"https:\/\/bellezaconalma11.com\/index.php\/wp-json\/wp\/v2\/pages\/181\/revisions"}],"predecessor-version":[{"id":1360,"href":"https:\/\/bellezaconalma11.com\/index.php\/wp-json\/wp\/v2\/pages\/181\/revisions\/1360"}],"wp:attachment":[{"href":"https:\/\/bellezaconalma11.com\/index.php\/wp-json\/wp\/v2\/media?parent=181"}],"curies":[{"name":"wp","href":"https:\/\/api.w.org\/{rel}","templated":true}]}}