{"id":1104,"date":"2025-04-17T19:25:49","date_gmt":"2025-04-17T17:25:49","guid":{"rendered":"https:\/\/bellezaconalma11.com\/?page_id=1104"},"modified":"2026-02-17T12:06:00","modified_gmt":"2026-02-17T11:06:00","slug":"sanacion-angelical","status":"publish","type":"page","link":"https:\/\/bellezaconalma11.com\/index.php\/sanacion-angelical\/","title":{"rendered":"SANACI\u00d3N ANGELICAL"},"content":{"rendered":"<div data-block-name=\"woocommerce\/handpicked-products\" data-products=\"[1083,1113,1115]\" class=\"wc-block-grid wp-block-handpicked-products wc-block-handpicked-products has-3-columns has-multiple-rows\"><ul class=\"wc-block-grid__products\"><li class=\"wc-block-grid__product\">\n\t\t\t\t<a href=\"https:\/\/bellezaconalma11.com\/index.php\/producto\/programa-sanacion-angelical-7-arcangeles-paquete-super-completo\/\" class=\"wc-block-grid__product-link\">\n\t\t\t\t\t<div class=\"wc-block-grid__product-onsale\">\n\t\t\t<span aria-hidden=\"true\">Oferta<\/span>\n\t\t\t<span class=\"screen-reader-text\">Producto en oferta<\/span>\n\t\t<\/div>\n\t\t\t\t\t<div class=\"wc-block-grid__product-image\"><img loading=\"lazy\" decoding=\"async\" width=\"300\" height=\"300\" src=\"https:\/\/bellezaconalma11.com\/wp-content\/uploads\/2025\/04\/FAED0445-B0F1-42C0-910F-A812001A3D5F-e1744910984891-300x300.jpeg\" class=\"attachment-woocommerce_thumbnail size-woocommerce_thumbnail\" alt=\"Programa Transformador Sanaci\u00f3n con los 7 Arc\u00e1ngeles\" srcset=\"https:\/\/bellezaconalma11.com\/wp-content\/uploads\/2025\/04\/FAED0445-B0F1-42C0-910F-A812001A3D5F-e1744910984891-300x300.jpeg 300w, https:\/\/bellezaconalma11.com\/wp-content\/uploads\/2025\/04\/FAED0445-B0F1-42C0-910F-A812001A3D5F-e1744910984891-150x150.jpeg 150w, https:\/\/bellezaconalma11.com\/wp-content\/uploads\/2025\/04\/FAED0445-B0F1-42C0-910F-A812001A3D5F-e1744910984891-75x75.jpeg 75w, https:\/\/bellezaconalma11.com\/wp-content\/uploads\/2025\/04\/FAED0445-B0F1-42C0-910F-A812001A3D5F-e1744910984891-100x100.jpeg 100w\" sizes=\"(max-width: 300px) 100vw, 300px\" \/><\/div>\n\t\t\t\t\t<div class=\"wc-block-grid__product-title\">Programa Transformador Sanaci\u00f3n con los 7 Arc\u00e1ngeles<\/div>\n\t\t\t\t<\/a>\n\t\t\t\t<div class=\"wc-block-grid__product-price price\"><del aria-hidden=\"true\"><span class=\"woocommerce-Price-amount amount\">3.500,00&nbsp;<span class=\"woocommerce-Price-currencySymbol\">&euro;<\/span><\/span><\/del> <ins><span class=\"woocommerce-Price-amount amount\">2.900,00&nbsp;<span class=\"woocommerce-Price-currencySymbol\">&euro;<\/span><\/span><\/ins><\/div>\n\t\t\t\t\n\t\t\t\t<div class=\"wp-block-button wc-block-grid__product-add-to-cart\"><a href=\"?add-to-cart=1115\" aria-label=\"A\u00f1ade &ldquo;Programa Transformador Sanaci\u00f3n con los 7 Arc\u00e1ngeles&rdquo; a tu carrito\" data-quantity=\"1\" data-product_id=\"1115\" data-product_sku=\"\" data-price=\"2900\" rel=\"nofollow\" class=\"wp-block-button__link  add_to_cart_button ajax_add_to_cart\">A\u00f1adir al carrito<\/a><\/div>\n\t\t\t<\/li><li class=\"wc-block-grid__product\">\n\t\t\t\t<a href=\"https:\/\/bellezaconalma11.com\/index.php\/producto\/programa-sanacion-angelical-7-arcangeles\/\" class=\"wc-block-grid__product-link\">\n\t\t\t\t\t\n\t\t\t\t\t<div class=\"wc-block-grid__product-image\"><img loading=\"lazy\" decoding=\"async\" width=\"300\" height=\"300\" src=\"https:\/\/bellezaconalma11.com\/wp-content\/uploads\/2025\/04\/FAED0445-B0F1-42C0-910F-A812001A3D5F-e1744910984891-300x300.jpeg\" class=\"attachment-woocommerce_thumbnail size-woocommerce_thumbnail\" alt=\"Programa Profundo de Sanaci\u00f3n con los 7 Arc\u00e1ngeles\" srcset=\"https:\/\/bellezaconalma11.com\/wp-content\/uploads\/2025\/04\/FAED0445-B0F1-42C0-910F-A812001A3D5F-e1744910984891-300x300.jpeg 300w, https:\/\/bellezaconalma11.com\/wp-content\/uploads\/2025\/04\/FAED0445-B0F1-42C0-910F-A812001A3D5F-e1744910984891-150x150.jpeg 150w, https:\/\/bellezaconalma11.com\/wp-content\/uploads\/2025\/04\/FAED0445-B0F1-42C0-910F-A812001A3D5F-e1744910984891-75x75.jpeg 75w, https:\/\/bellezaconalma11.com\/wp-content\/uploads\/2025\/04\/FAED0445-B0F1-42C0-910F-A812001A3D5F-e1744910984891-100x100.jpeg 100w\" sizes=\"(max-width: 300px) 100vw, 300px\" \/><\/div>\n\t\t\t\t\t<div class=\"wc-block-grid__product-title\">Programa Profundo de Sanaci\u00f3n con los 7 Arc\u00e1ngeles<\/div>\n\t\t\t\t<\/a>\n\t\t\t\t<div class=\"wc-block-grid__product-price price\"><span class=\"woocommerce-Price-amount amount\">1.900,00&nbsp;<span class=\"woocommerce-Price-currencySymbol\">&euro;<\/span><\/span><\/div>\n\t\t\t\t\n\t\t\t\t<div class=\"wp-block-button wc-block-grid__product-add-to-cart\"><a href=\"?add-to-cart=1113\" aria-label=\"A\u00f1ade &ldquo;Programa Profundo de Sanaci\u00f3n con los 7 Arc\u00e1ngeles&rdquo; a tu carrito\" data-quantity=\"1\" data-product_id=\"1113\" data-product_sku=\"\" data-price=\"1900\" rel=\"nofollow\" class=\"wp-block-button__link  add_to_cart_button ajax_add_to_cart\">A\u00f1adir al carrito<\/a><\/div>\n\t\t\t<\/li><li class=\"wc-block-grid__product\">\n\t\t\t\t<a href=\"https:\/\/bellezaconalma11.com\/index.php\/producto\/programa-sabiduria-angelical-7-arcangeles-paquete-sencillo\/\" class=\"wc-block-grid__product-link\">\n\t\t\t\t\t\n\t\t\t\t\t<div class=\"wc-block-grid__product-image\"><img loading=\"lazy\" decoding=\"async\" width=\"300\" height=\"300\" src=\"https:\/\/bellezaconalma11.com\/wp-content\/uploads\/2025\/04\/FAED0445-B0F1-42C0-910F-A812001A3D5F-e1744910984891-300x300.jpeg\" class=\"attachment-woocommerce_thumbnail size-woocommerce_thumbnail\" alt=\"Programa Inicial de Sanaci\u00f3n con los 7 Arc\u00e1ngeles\" srcset=\"https:\/\/bellezaconalma11.com\/wp-content\/uploads\/2025\/04\/FAED0445-B0F1-42C0-910F-A812001A3D5F-e1744910984891-300x300.jpeg 300w, https:\/\/bellezaconalma11.com\/wp-content\/uploads\/2025\/04\/FAED0445-B0F1-42C0-910F-A812001A3D5F-e1744910984891-150x150.jpeg 150w, https:\/\/bellezaconalma11.com\/wp-content\/uploads\/2025\/04\/FAED0445-B0F1-42C0-910F-A812001A3D5F-e1744910984891-75x75.jpeg 75w, https:\/\/bellezaconalma11.com\/wp-content\/uploads\/2025\/04\/FAED0445-B0F1-42C0-910F-A812001A3D5F-e1744910984891-100x100.jpeg 100w\" sizes=\"(max-width: 300px) 100vw, 300px\" \/><\/div>\n\t\t\t\t\t<div class=\"wc-block-grid__product-title\">Programa Inicial de Sanaci\u00f3n con los 7 Arc\u00e1ngeles<\/div>\n\t\t\t\t<\/a>\n\t\t\t\t<div class=\"wc-block-grid__product-price price\"><span class=\"woocommerce-Price-amount amount\">1.300,00&nbsp;<span class=\"woocommerce-Price-currencySymbol\">&euro;<\/span><\/span><\/div>\n\t\t\t\t\n\t\t\t\t<div class=\"wp-block-button wc-block-grid__product-add-to-cart\"><a href=\"?add-to-cart=1083\" aria-label=\"A\u00f1ade &ldquo;Programa Inicial de Sanaci\u00f3n con los 7 Arc\u00e1ngeles&rdquo; a tu carrito\" data-quantity=\"1\" data-product_id=\"1083\" data-product_sku=\"\" data-price=\"1300\" rel=\"nofollow\" class=\"wp-block-button__link  add_to_cart_button ajax_add_to_cart\">A\u00f1adir al carrito<\/a><\/div>\n\t\t\t<\/li><\/ul><\/div>\n\n<div data-block-name=\"woocommerce\/handpicked-products\" data-products=\"[1314,1315,1316]\" class=\"wc-block-grid wp-block-handpicked-products wc-block-handpicked-products has-3-columns has-multiple-rows\"><ul class=\"wc-block-grid__products\"><li class=\"wc-block-grid__product\">\n\t\t\t\t<a href=\"https:\/\/bellezaconalma11.com\/index.php\/producto\/programa-sanacion-rayo-rosa-paquete-transformador\/\" class=\"wc-block-grid__product-link\">\n\t\t\t\t\t<div class=\"wc-block-grid__product-onsale\">\n\t\t\t<span aria-hidden=\"true\">Oferta<\/span>\n\t\t\t<span class=\"screen-reader-text\">Producto en oferta<\/span>\n\t\t<\/div>\n\t\t\t\t\t<div class=\"wc-block-grid__product-image\"><img loading=\"lazy\" decoding=\"async\" width=\"300\" height=\"300\" src=\"https:\/\/bellezaconalma11.com\/wp-content\/uploads\/2026\/02\/6D0AAB86-BE80-41ED-A626-C4EC9782F24F-e1772914296380-300x300.png\" class=\"attachment-woocommerce_thumbnail size-woocommerce_thumbnail\" alt=\"Programa Transformador de Sanaci\u00f3n Rayo Rosa con el Arc\u00e1ngel Chamuel\" srcset=\"https:\/\/bellezaconalma11.com\/wp-content\/uploads\/2026\/02\/6D0AAB86-BE80-41ED-A626-C4EC9782F24F-e1772914296380-300x300.png 300w, https:\/\/bellezaconalma11.com\/wp-content\/uploads\/2026\/02\/6D0AAB86-BE80-41ED-A626-C4EC9782F24F-e1772914296380-150x150.png 150w, https:\/\/bellezaconalma11.com\/wp-content\/uploads\/2026\/02\/6D0AAB86-BE80-41ED-A626-C4EC9782F24F-e1772914296380-75x75.png 75w, https:\/\/bellezaconalma11.com\/wp-content\/uploads\/2026\/02\/6D0AAB86-BE80-41ED-A626-C4EC9782F24F-e1772914296380-100x100.png 100w\" sizes=\"(max-width: 300px) 100vw, 300px\" \/><\/div>\n\t\t\t\t\t<div class=\"wc-block-grid__product-title\">Programa Transformador de Sanaci\u00f3n Rayo Rosa con el Arc\u00e1ngel Chamuel<\/div>\n\t\t\t\t<\/a>\n\t\t\t\t<div class=\"wc-block-grid__product-price price\"><del aria-hidden=\"true\"><span class=\"woocommerce-Price-amount amount\">3.500,00&nbsp;<span class=\"woocommerce-Price-currencySymbol\">&euro;<\/span><\/span><\/del> <ins><span class=\"woocommerce-Price-amount amount\">2.900,00&nbsp;<span class=\"woocommerce-Price-currencySymbol\">&euro;<\/span><\/span><\/ins><\/div>\n\t\t\t\t\n\t\t\t\t<div class=\"wp-block-button wc-block-grid__product-add-to-cart\"><a href=\"?add-to-cart=1316\" aria-label=\"A\u00f1ade &ldquo;Programa Transformador de Sanaci\u00f3n Rayo Rosa con el Arc\u00e1ngel Chamuel&rdquo; a tu carrito\" data-quantity=\"1\" data-product_id=\"1316\" data-product_sku=\"\" data-price=\"2900\" rel=\"nofollow\" class=\"wp-block-button__link  add_to_cart_button ajax_add_to_cart\">A\u00f1adir al carrito<\/a><\/div>\n\t\t\t<\/li><li class=\"wc-block-grid__product\">\n\t\t\t\t<a href=\"https:\/\/bellezaconalma11.com\/index.php\/producto\/programa-sanacion-rayo-rosa-paquete-profundo\/\" class=\"wc-block-grid__product-link\">\n\t\t\t\t\t\n\t\t\t\t\t<div class=\"wc-block-grid__product-image\"><img loading=\"lazy\" decoding=\"async\" width=\"300\" height=\"300\" src=\"https:\/\/bellezaconalma11.com\/wp-content\/uploads\/2026\/02\/6D0AAB86-BE80-41ED-A626-C4EC9782F24F-e1772914296380-300x300.png\" class=\"attachment-woocommerce_thumbnail size-woocommerce_thumbnail\" alt=\"Programa Profundo de Sanacion Rayo Rosa con el Arc\u00e1ngel Chamuel\" srcset=\"https:\/\/bellezaconalma11.com\/wp-content\/uploads\/2026\/02\/6D0AAB86-BE80-41ED-A626-C4EC9782F24F-e1772914296380-300x300.png 300w, https:\/\/bellezaconalma11.com\/wp-content\/uploads\/2026\/02\/6D0AAB86-BE80-41ED-A626-C4EC9782F24F-e1772914296380-150x150.png 150w, https:\/\/bellezaconalma11.com\/wp-content\/uploads\/2026\/02\/6D0AAB86-BE80-41ED-A626-C4EC9782F24F-e1772914296380-75x75.png 75w, https:\/\/bellezaconalma11.com\/wp-content\/uploads\/2026\/02\/6D0AAB86-BE80-41ED-A626-C4EC9782F24F-e1772914296380-100x100.png 100w\" sizes=\"(max-width: 300px) 100vw, 300px\" \/><\/div>\n\t\t\t\t\t<div class=\"wc-block-grid__product-title\">Programa Profundo de Sanacion Rayo Rosa con el Arc\u00e1ngel Chamuel<\/div>\n\t\t\t\t<\/a>\n\t\t\t\t<div class=\"wc-block-grid__product-price price\"><span class=\"woocommerce-Price-amount amount\">1.900,00&nbsp;<span class=\"woocommerce-Price-currencySymbol\">&euro;<\/span><\/span><\/div>\n\t\t\t\t\n\t\t\t\t<div class=\"wp-block-button wc-block-grid__product-add-to-cart\"><a href=\"?add-to-cart=1315\" aria-label=\"A\u00f1ade &ldquo;Programa Profundo de Sanacion Rayo Rosa con el Arc\u00e1ngel Chamuel&rdquo; a tu carrito\" data-quantity=\"1\" data-product_id=\"1315\" data-product_sku=\"\" data-price=\"1900\" rel=\"nofollow\" class=\"wp-block-button__link  add_to_cart_button ajax_add_to_cart\">A\u00f1adir al carrito<\/a><\/div>\n\t\t\t<\/li><li class=\"wc-block-grid__product\">\n\t\t\t\t<a href=\"https:\/\/bellezaconalma11.com\/index.php\/producto\/programa-sanacion-rayo-rosa-paquete-inicial\/\" class=\"wc-block-grid__product-link\">\n\t\t\t\t\t<div class=\"wc-block-grid__product-onsale\">\n\t\t\t<span aria-hidden=\"true\">Oferta<\/span>\n\t\t\t<span class=\"screen-reader-text\">Producto en oferta<\/span>\n\t\t<\/div>\n\t\t\t\t\t<div class=\"wc-block-grid__product-image\"><img loading=\"lazy\" decoding=\"async\" width=\"300\" height=\"300\" src=\"https:\/\/bellezaconalma11.com\/wp-content\/uploads\/2026\/02\/6D0AAB86-BE80-41ED-A626-C4EC9782F24F-e1772914296380-300x300.png\" class=\"attachment-woocommerce_thumbnail size-woocommerce_thumbnail\" alt=\"Programa Inicial de Sanaci\u00f3n Rayo Rosa con el Arc\u00e1ngel Chamuel\" srcset=\"https:\/\/bellezaconalma11.com\/wp-content\/uploads\/2026\/02\/6D0AAB86-BE80-41ED-A626-C4EC9782F24F-e1772914296380-300x300.png 300w, https:\/\/bellezaconalma11.com\/wp-content\/uploads\/2026\/02\/6D0AAB86-BE80-41ED-A626-C4EC9782F24F-e1772914296380-150x150.png 150w, https:\/\/bellezaconalma11.com\/wp-content\/uploads\/2026\/02\/6D0AAB86-BE80-41ED-A626-C4EC9782F24F-e1772914296380-75x75.png 75w, https:\/\/bellezaconalma11.com\/wp-content\/uploads\/2026\/02\/6D0AAB86-BE80-41ED-A626-C4EC9782F24F-e1772914296380-100x100.png 100w\" sizes=\"(max-width: 300px) 100vw, 300px\" \/><\/div>\n\t\t\t\t\t<div class=\"wc-block-grid__product-title\">Programa Inicial de Sanaci\u00f3n Rayo Rosa con el Arc\u00e1ngel Chamuel<\/div>\n\t\t\t\t<\/a>\n\t\t\t\t<div class=\"wc-block-grid__product-price price\"><del aria-hidden=\"true\"><span class=\"woocommerce-Price-amount amount\">1.300,00&nbsp;<span class=\"woocommerce-Price-currencySymbol\">&euro;<\/span><\/span><\/del> <ins><span class=\"woocommerce-Price-amount amount\">980,00&nbsp;<span class=\"woocommerce-Price-currencySymbol\">&euro;<\/span><\/span><\/ins><\/div>\n\t\t\t\t\n\t\t\t\t<div class=\"wp-block-button wc-block-grid__product-add-to-cart\"><a href=\"?add-to-cart=1314\" aria-label=\"A\u00f1ade &ldquo;Programa Inicial de Sanaci\u00f3n Rayo Rosa con el Arc\u00e1ngel Chamuel&rdquo; a tu carrito\" data-quantity=\"1\" data-product_id=\"1314\" data-product_sku=\"\" data-price=\"980\" rel=\"nofollow\" class=\"wp-block-button__link  add_to_cart_button ajax_add_to_cart\">A\u00f1adir al carrito<\/a><\/div>\n\t\t\t<\/li><\/ul><\/div>","protected":false},"excerpt":{"rendered":"","protected":false},"author":1,"featured_media":0,"parent":0,"menu_order":0,"comment_status":"closed","ping_status":"closed","template":"","meta":{"footnotes":""},"jetpack_sharing_enabled":true,"acf":[],"_links":{"self":[{"href":"https:\/\/bellezaconalma11.com\/index.php\/wp-json\/wp\/v2\/pages\/1104"}],"collection":[{"href":"https:\/\/bellezaconalma11.com\/index.php\/wp-json\/wp\/v2\/pages"}],"about":[{"href":"https:\/\/bellezaconalma11.com\/index.php\/wp-json\/wp\/v2\/types\/page"}],"author":[{"embeddable":true,"href":"https:\/\/bellezaconalma11.com\/index.php\/wp-json\/wp\/v2\/users\/1"}],"replies":[{"embeddable":true,"href":"https:\/\/bellezaconalma11.com\/index.php\/wp-json\/wp\/v2\/comments?post=1104"}],"version-history":[{"count":6,"href":"https:\/\/bellezaconalma11.com\/index.php\/wp-json\/wp\/v2\/pages\/1104\/revisions"}],"predecessor-version":[{"id":1319,"href":"https:\/\/bellezaconalma11.com\/index.php\/wp-json\/wp\/v2\/pages\/1104\/revisions\/1319"}],"wp:attachment":[{"href":"https:\/\/bellezaconalma11.com\/index.php\/wp-json\/wp\/v2\/media?parent=1104"}],"curies":[{"name":"wp","href":"https:\/\/api.w.org\/{rel}","templated":true}]}}