{"id":1091,"date":"2025-04-17T17:06:57","date_gmt":"2025-04-17T15:06:57","guid":{"rendered":"https:\/\/bellezaconalma11.com\/?page_id=1091"},"modified":"2026-03-05T20:25:42","modified_gmt":"2026-03-05T19:25:42","slug":"sanacion-romantica","status":"publish","type":"page","link":"https:\/\/bellezaconalma11.com\/index.php\/sanacion-romantica\/","title":{"rendered":"SANACI\u00d3N ROM\u00c1NTICA"},"content":{"rendered":"<div data-block-name=\"woocommerce\/handpicked-products\" data-products=\"[686,282,356]\" class=\"wc-block-grid wp-block-handpicked-products wc-block-handpicked-products has-3-columns has-multiple-rows\"><ul class=\"wc-block-grid__products\"><li class=\"wc-block-grid__product\">\n\t\t\t\t<a href=\"https:\/\/bellezaconalma11.com\/index.php\/producto\/sanacion-almica-paquete-medio\/\" class=\"wc-block-grid__product-link\">\n\t\t\t\t\t\n\t\t\t\t\t<div class=\"wc-block-grid__product-image\"><img loading=\"lazy\" decoding=\"async\" width=\"300\" height=\"300\" src=\"https:\/\/bellezaconalma11.com\/wp-content\/uploads\/2024\/09\/72E2C425-C7A7-4263-9BB1-DA50E3D0B323-300x300.png\" class=\"attachment-woocommerce_thumbnail size-woocommerce_thumbnail\" alt=\"Programa Profundo de Sanaci\u00f3n Almica\" srcset=\"https:\/\/bellezaconalma11.com\/wp-content\/uploads\/2024\/09\/72E2C425-C7A7-4263-9BB1-DA50E3D0B323-300x300.png 300w, https:\/\/bellezaconalma11.com\/wp-content\/uploads\/2024\/09\/72E2C425-C7A7-4263-9BB1-DA50E3D0B323-150x150.png 150w, https:\/\/bellezaconalma11.com\/wp-content\/uploads\/2024\/09\/72E2C425-C7A7-4263-9BB1-DA50E3D0B323-75x75.png 75w, https:\/\/bellezaconalma11.com\/wp-content\/uploads\/2024\/09\/72E2C425-C7A7-4263-9BB1-DA50E3D0B323-100x100.png 100w\" sizes=\"(max-width: 300px) 100vw, 300px\" \/><\/div>\n\t\t\t\t\t<div class=\"wc-block-grid__product-title\">Programa Profundo de Sanaci\u00f3n Almica<\/div>\n\t\t\t\t<\/a>\n\t\t\t\t<div class=\"wc-block-grid__product-price price\"><span class=\"woocommerce-Price-amount amount\">1.900,00&nbsp;<span class=\"woocommerce-Price-currencySymbol\">&euro;<\/span><\/span><\/div>\n\t\t\t\t\n\t\t\t\t<div class=\"wp-block-button wc-block-grid__product-add-to-cart\"><a href=\"?add-to-cart=686\" aria-label=\"A\u00f1ade &ldquo;Programa Profundo de Sanaci\u00f3n Almica&rdquo; a tu carrito\" data-quantity=\"1\" data-product_id=\"686\" data-product_sku=\"\" data-price=\"1900\" rel=\"nofollow\" class=\"wp-block-button__link  add_to_cart_button ajax_add_to_cart\">A\u00f1adir al carrito<\/a><\/div>\n\t\t\t<\/li><li class=\"wc-block-grid__product\">\n\t\t\t\t<a href=\"https:\/\/bellezaconalma11.com\/index.php\/producto\/programa-sanacion-almica-solo-audios\/\" class=\"wc-block-grid__product-link\">\n\t\t\t\t\t\n\t\t\t\t\t<div class=\"wc-block-grid__product-image\"><img loading=\"lazy\" decoding=\"async\" width=\"300\" height=\"300\" src=\"https:\/\/bellezaconalma11.com\/wp-content\/uploads\/2024\/09\/72E2C425-C7A7-4263-9BB1-DA50E3D0B323-300x300.png\" class=\"attachment-woocommerce_thumbnail size-woocommerce_thumbnail\" alt=\"Programa Inicial de Sanaci\u00f3n Almica\" srcset=\"https:\/\/bellezaconalma11.com\/wp-content\/uploads\/2024\/09\/72E2C425-C7A7-4263-9BB1-DA50E3D0B323-300x300.png 300w, https:\/\/bellezaconalma11.com\/wp-content\/uploads\/2024\/09\/72E2C425-C7A7-4263-9BB1-DA50E3D0B323-150x150.png 150w, https:\/\/bellezaconalma11.com\/wp-content\/uploads\/2024\/09\/72E2C425-C7A7-4263-9BB1-DA50E3D0B323-75x75.png 75w, https:\/\/bellezaconalma11.com\/wp-content\/uploads\/2024\/09\/72E2C425-C7A7-4263-9BB1-DA50E3D0B323-100x100.png 100w\" sizes=\"(max-width: 300px) 100vw, 300px\" \/><\/div>\n\t\t\t\t\t<div class=\"wc-block-grid__product-title\">Programa Inicial de Sanaci\u00f3n Almica<\/div>\n\t\t\t\t<\/a>\n\t\t\t\t<div class=\"wc-block-grid__product-price price\"><span class=\"woocommerce-Price-amount amount\">1.300,00&nbsp;<span class=\"woocommerce-Price-currencySymbol\">&euro;<\/span><\/span><\/div>\n\t\t\t\t<div class=\"wc-block-grid__product-rating\"><div class=\"star-rating\" role=\"img\" aria-label=\"Valorado con 5.00 de 5\"><span style=\"width:100%\">Valorado con <strong class=\"rating\">5.00<\/strong> de 5 en base a <span class=\"rating\">1<\/span> valoraci\u00f3n de un cliente<\/span><\/div><\/div>\n\t\t\t\t<div class=\"wp-block-button wc-block-grid__product-add-to-cart\"><a href=\"?add-to-cart=356\" aria-label=\"A\u00f1ade &ldquo;Programa Inicial de Sanaci\u00f3n Almica&rdquo; a tu carrito\" data-quantity=\"1\" data-product_id=\"356\" data-product_sku=\"\" data-price=\"1300\" rel=\"nofollow\" class=\"wp-block-button__link  add_to_cart_button ajax_add_to_cart\">A\u00f1adir al carrito<\/a><\/div>\n\t\t\t<\/li><li class=\"wc-block-grid__product\">\n\t\t\t\t<a href=\"https:\/\/bellezaconalma11.com\/index.php\/producto\/paquete-super-completo-almico\/\" class=\"wc-block-grid__product-link\">\n\t\t\t\t\t<div class=\"wc-block-grid__product-onsale\">\n\t\t\t<span aria-hidden=\"true\">Oferta<\/span>\n\t\t\t<span class=\"screen-reader-text\">Producto en oferta<\/span>\n\t\t<\/div>\n\t\t\t\t\t<div class=\"wc-block-grid__product-image\"><img loading=\"lazy\" decoding=\"async\" width=\"300\" height=\"300\" src=\"https:\/\/bellezaconalma11.com\/wp-content\/uploads\/2024\/09\/72E2C425-C7A7-4263-9BB1-DA50E3D0B323-300x300.png\" class=\"attachment-woocommerce_thumbnail size-woocommerce_thumbnail\" alt=\"Programa Transformador de Sanaci\u00f3n Almica\" srcset=\"https:\/\/bellezaconalma11.com\/wp-content\/uploads\/2024\/09\/72E2C425-C7A7-4263-9BB1-DA50E3D0B323-300x300.png 300w, https:\/\/bellezaconalma11.com\/wp-content\/uploads\/2024\/09\/72E2C425-C7A7-4263-9BB1-DA50E3D0B323-150x150.png 150w, https:\/\/bellezaconalma11.com\/wp-content\/uploads\/2024\/09\/72E2C425-C7A7-4263-9BB1-DA50E3D0B323-75x75.png 75w, https:\/\/bellezaconalma11.com\/wp-content\/uploads\/2024\/09\/72E2C425-C7A7-4263-9BB1-DA50E3D0B323-100x100.png 100w\" sizes=\"(max-width: 300px) 100vw, 300px\" \/><\/div>\n\t\t\t\t\t<div class=\"wc-block-grid__product-title\">Programa Transformador de Sanaci\u00f3n Almica<\/div>\n\t\t\t\t<\/a>\n\t\t\t\t<div class=\"wc-block-grid__product-price price\"><del aria-hidden=\"true\"><span class=\"woocommerce-Price-amount amount\">3.500,00&nbsp;<span class=\"woocommerce-Price-currencySymbol\">&euro;<\/span><\/span><\/del> <ins><span class=\"woocommerce-Price-amount amount\">2.900,00&nbsp;<span class=\"woocommerce-Price-currencySymbol\">&euro;<\/span><\/span><\/ins><\/div>\n\t\t\t\t<div class=\"wc-block-grid__product-rating\"><div class=\"star-rating\" role=\"img\" aria-label=\"Valorado con 5.00 de 5\"><span style=\"width:100%\">Valorado con <strong class=\"rating\">5.00<\/strong> de 5 en base a <span class=\"rating\">1<\/span> valoraci\u00f3n de un cliente<\/span><\/div><\/div>\n\t\t\t\t<div class=\"wp-block-button wc-block-grid__product-add-to-cart\"><a href=\"?add-to-cart=282\" aria-label=\"A\u00f1ade &ldquo;Programa Transformador de Sanaci\u00f3n Almica&rdquo; a tu carrito\" data-quantity=\"1\" data-product_id=\"282\" data-product_sku=\"\" data-price=\"2900\" rel=\"nofollow\" class=\"wp-block-button__link  add_to_cart_button ajax_add_to_cart\">A\u00f1adir al carrito<\/a><\/div>\n\t\t\t<\/li><\/ul><\/div>\n\n<div data-block-name=\"woocommerce\/handpicked-products\" data-products=\"[1146,1143,1147]\" class=\"wc-block-grid wp-block-handpicked-products wc-block-handpicked-products has-3-columns has-multiple-rows\"><ul class=\"wc-block-grid__products\"><li class=\"wc-block-grid__product\">\n\t\t\t\t<a href=\"https:\/\/bellezaconalma11.com\/index.php\/producto\/programa-sanacion-cuantico-romantico-paquete-super-completo-proximamente\/\" class=\"wc-block-grid__product-link\">\n\t\t\t\t\t<div class=\"wc-block-grid__product-onsale\">\n\t\t\t<span aria-hidden=\"true\">Oferta<\/span>\n\t\t\t<span class=\"screen-reader-text\">Producto en oferta<\/span>\n\t\t<\/div>\n\t\t\t\t\t<div class=\"wc-block-grid__product-image\"><img loading=\"lazy\" decoding=\"async\" width=\"300\" height=\"300\" src=\"https:\/\/bellezaconalma11.com\/wp-content\/uploads\/2025\/04\/ChatGPT-Image-7-abr-2026-18_55_28-e1775581008846-300x300.png\" class=\"attachment-woocommerce_thumbnail size-woocommerce_thumbnail\" alt=\"Programa Transformador Sanaci\u00f3n Cu\u00e1ntica Rom\u00e1ntica\" srcset=\"https:\/\/bellezaconalma11.com\/wp-content\/uploads\/2025\/04\/ChatGPT-Image-7-abr-2026-18_55_28-e1775581008846-300x300.png 300w, https:\/\/bellezaconalma11.com\/wp-content\/uploads\/2025\/04\/ChatGPT-Image-7-abr-2026-18_55_28-e1775581008846-150x150.png 150w, https:\/\/bellezaconalma11.com\/wp-content\/uploads\/2025\/04\/ChatGPT-Image-7-abr-2026-18_55_28-e1775581008846-75x75.png 75w, https:\/\/bellezaconalma11.com\/wp-content\/uploads\/2025\/04\/ChatGPT-Image-7-abr-2026-18_55_28-e1775581008846-100x100.png 100w\" sizes=\"(max-width: 300px) 100vw, 300px\" \/><\/div>\n\t\t\t\t\t<div class=\"wc-block-grid__product-title\">Programa Transformador Sanaci\u00f3n Cu\u00e1ntica Rom\u00e1ntica<\/div>\n\t\t\t\t<\/a>\n\t\t\t\t<div class=\"wc-block-grid__product-price price\"><del aria-hidden=\"true\"><span class=\"woocommerce-Price-amount amount\">3.500,00&nbsp;<span class=\"woocommerce-Price-currencySymbol\">&euro;<\/span><\/span><\/del> <ins><span class=\"woocommerce-Price-amount amount\">2.800,00&nbsp;<span class=\"woocommerce-Price-currencySymbol\">&euro;<\/span><\/span><\/ins><\/div>\n\t\t\t\t\n\t\t\t\t<div class=\"wp-block-button wc-block-grid__product-add-to-cart\"><a href=\"?add-to-cart=1147\" aria-label=\"A\u00f1ade &ldquo;Programa Transformador Sanaci\u00f3n Cu\u00e1ntica Rom\u00e1ntica&rdquo; a tu carrito\" data-quantity=\"1\" data-product_id=\"1147\" data-product_sku=\"\" data-price=\"2800\" rel=\"nofollow\" class=\"wp-block-button__link  add_to_cart_button ajax_add_to_cart\">A\u00f1adir al carrito<\/a><\/div>\n\t\t\t<\/li><li class=\"wc-block-grid__product\">\n\t\t\t\t<a href=\"https:\/\/bellezaconalma11.com\/index.php\/producto\/programa-sanacion-cuantico-romantico-paquete-medio-proximamente\/\" class=\"wc-block-grid__product-link\">\n\t\t\t\t\t\n\t\t\t\t\t<div class=\"wc-block-grid__product-image\"><img loading=\"lazy\" decoding=\"async\" width=\"300\" height=\"300\" src=\"https:\/\/bellezaconalma11.com\/wp-content\/uploads\/2025\/04\/ChatGPT-Image-7-abr-2026-18_55_28-e1775581008846-300x300.png\" class=\"attachment-woocommerce_thumbnail size-woocommerce_thumbnail\" alt=\"Programa Profundo Sanaci\u00f3n Cu\u00e1ntica Rom\u00e1ntica\" srcset=\"https:\/\/bellezaconalma11.com\/wp-content\/uploads\/2025\/04\/ChatGPT-Image-7-abr-2026-18_55_28-e1775581008846-300x300.png 300w, https:\/\/bellezaconalma11.com\/wp-content\/uploads\/2025\/04\/ChatGPT-Image-7-abr-2026-18_55_28-e1775581008846-150x150.png 150w, https:\/\/bellezaconalma11.com\/wp-content\/uploads\/2025\/04\/ChatGPT-Image-7-abr-2026-18_55_28-e1775581008846-75x75.png 75w, https:\/\/bellezaconalma11.com\/wp-content\/uploads\/2025\/04\/ChatGPT-Image-7-abr-2026-18_55_28-e1775581008846-100x100.png 100w\" sizes=\"(max-width: 300px) 100vw, 300px\" \/><\/div>\n\t\t\t\t\t<div class=\"wc-block-grid__product-title\">Programa Profundo Sanaci\u00f3n Cu\u00e1ntica Rom\u00e1ntica<\/div>\n\t\t\t\t<\/a>\n\t\t\t\t<div class=\"wc-block-grid__product-price price\"><span class=\"woocommerce-Price-amount amount\">1.900,00&nbsp;<span class=\"woocommerce-Price-currencySymbol\">&euro;<\/span><\/span><\/div>\n\t\t\t\t\n\t\t\t\t<div class=\"wp-block-button wc-block-grid__product-add-to-cart\"><a href=\"?add-to-cart=1146\" aria-label=\"A\u00f1ade &ldquo;Programa Profundo Sanaci\u00f3n Cu\u00e1ntica Rom\u00e1ntica&rdquo; a tu carrito\" data-quantity=\"1\" data-product_id=\"1146\" data-product_sku=\"\" data-price=\"1900\" rel=\"nofollow\" class=\"wp-block-button__link  add_to_cart_button ajax_add_to_cart\">A\u00f1adir al carrito<\/a><\/div>\n\t\t\t<\/li><li class=\"wc-block-grid__product\">\n\t\t\t\t<a href=\"https:\/\/bellezaconalma11.com\/index.php\/producto\/programa-sanacion-cuantico-romantico-paquete-sencillo-proximamente\/\" class=\"wc-block-grid__product-link\">\n\t\t\t\t\t\n\t\t\t\t\t<div class=\"wc-block-grid__product-image\"><img loading=\"lazy\" decoding=\"async\" width=\"300\" height=\"300\" src=\"https:\/\/bellezaconalma11.com\/wp-content\/uploads\/2025\/04\/ChatGPT-Image-7-abr-2026-18_55_28-e1775581008846-300x300.png\" class=\"attachment-woocommerce_thumbnail size-woocommerce_thumbnail\" alt=\"Programa Inicial Sanaci\u00f3n Cu\u00e1ntica Rom\u00e1ntica\" srcset=\"https:\/\/bellezaconalma11.com\/wp-content\/uploads\/2025\/04\/ChatGPT-Image-7-abr-2026-18_55_28-e1775581008846-300x300.png 300w, https:\/\/bellezaconalma11.com\/wp-content\/uploads\/2025\/04\/ChatGPT-Image-7-abr-2026-18_55_28-e1775581008846-150x150.png 150w, https:\/\/bellezaconalma11.com\/wp-content\/uploads\/2025\/04\/ChatGPT-Image-7-abr-2026-18_55_28-e1775581008846-75x75.png 75w, https:\/\/bellezaconalma11.com\/wp-content\/uploads\/2025\/04\/ChatGPT-Image-7-abr-2026-18_55_28-e1775581008846-100x100.png 100w\" sizes=\"(max-width: 300px) 100vw, 300px\" \/><\/div>\n\t\t\t\t\t<div class=\"wc-block-grid__product-title\">Programa Inicial Sanaci\u00f3n Cu\u00e1ntica Rom\u00e1ntica<\/div>\n\t\t\t\t<\/a>\n\t\t\t\t<div class=\"wc-block-grid__product-price price\"><span class=\"woocommerce-Price-amount amount\">1.300,00&nbsp;<span class=\"woocommerce-Price-currencySymbol\">&euro;<\/span><\/span><\/div>\n\t\t\t\t\n\t\t\t\t<div class=\"wp-block-button wc-block-grid__product-add-to-cart\"><a href=\"?add-to-cart=1143\" aria-label=\"A\u00f1ade &ldquo;Programa Inicial Sanaci\u00f3n Cu\u00e1ntica Rom\u00e1ntica&rdquo; a tu carrito\" data-quantity=\"1\" data-product_id=\"1143\" data-product_sku=\"\" data-price=\"1300\" rel=\"nofollow\" class=\"wp-block-button__link  add_to_cart_button ajax_add_to_cart\">A\u00f1adir al carrito<\/a><\/div>\n\t\t\t<\/li><\/ul><\/div>","protected":false},"excerpt":{"rendered":"","protected":false},"author":1,"featured_media":0,"parent":0,"menu_order":0,"comment_status":"closed","ping_status":"closed","template":"","meta":{"footnotes":""},"jetpack_sharing_enabled":true,"acf":[],"_links":{"self":[{"href":"https:\/\/bellezaconalma11.com\/index.php\/wp-json\/wp\/v2\/pages\/1091"}],"collection":[{"href":"https:\/\/bellezaconalma11.com\/index.php\/wp-json\/wp\/v2\/pages"}],"about":[{"href":"https:\/\/bellezaconalma11.com\/index.php\/wp-json\/wp\/v2\/types\/page"}],"author":[{"embeddable":true,"href":"https:\/\/bellezaconalma11.com\/index.php\/wp-json\/wp\/v2\/users\/1"}],"replies":[{"embeddable":true,"href":"https:\/\/bellezaconalma11.com\/index.php\/wp-json\/wp\/v2\/comments?post=1091"}],"version-history":[{"count":7,"href":"https:\/\/bellezaconalma11.com\/index.php\/wp-json\/wp\/v2\/pages\/1091\/revisions"}],"predecessor-version":[{"id":1354,"href":"https:\/\/bellezaconalma11.com\/index.php\/wp-json\/wp\/v2\/pages\/1091\/revisions\/1354"}],"wp:attachment":[{"href":"https:\/\/bellezaconalma11.com\/index.php\/wp-json\/wp\/v2\/media?parent=1091"}],"curies":[{"name":"wp","href":"https:\/\/api.w.org\/{rel}","templated":true}]}}